{"id":150769,"date":"2021-09-28T12:00:44","date_gmt":"2021-09-28T09:00:44","guid":{"rendered":"http:\/\/dev.tactic.net\/tuote\/super-szpieg\/"},"modified":"2021-10-06T11:25:07","modified_gmt":"2021-10-06T08:25:07","slug":"super-szpieg","status":"publish","type":"product","link":"https:\/\/games.tactic.net\/pl\/tuote\/super-szpieg\/","title":{"rendered":"Super Szpieg"},"content":{"rendered":"<p>Czas znikn\u0105\u0107! Za\u0142\u00f3\u017c okulary szpiegowskie i wybierz na planszy miejsce, w kt\u00f3rym chcesz si\u0119 schowa\u0107. Inni gracze, zadaj\u0105c pytania, b\u0119d\u0105 pr\u00f3bowali ci\u0119 wytropi\u0107! Jak d\u0142ugo zdo\u0142asz pozosta\u0107 w ukryciu\u2026? <br \/>\u2022 W pomys\u0142owy spos\u00f3b \u0142\u0105czy logiczne my\u015blenie i \u0142ut szcz\u0119\u015bcia! <br \/>\u2022 W zestawie solidne tekturowe okulary szpiegowskie. <br \/>\u2022 \u0141atwe do opanowania zasady zach\u0119caj\u0105 do grania! <\/p>\n<\/p>\n<p>Zawarto\u015b\u0107: Plansza, okulary szpiega, pionek postaci, plastikowa podstawka, 55 kart, 1 bloczek miniplansz, 36 kartonowych znacznik\u00f3w, klepsydra, zasady gry. Gra dla 2-4 os\u00f3b w wieku 6+.<\/p><\/p>\n","protected":false},"excerpt":{"rendered":"<p>Czas znikn\u0105\u0107! Za\u0142\u00f3\u017c\u00a0okulary szpiegowskie i wybierz na planszy miejsce, w kt\u00f3rym chcesz si\u0119\u00a0schowa\u0107.<\/p>\n","protected":false},"featured_media":0,"template":"","meta":{"content-type":"","_monsterinsights_skip_tracking":false,"_monsterinsights_sitenote_active":false,"_monsterinsights_sitenote_note":"","_monsterinsights_sitenote_category":0},"product_brand":[],"product_cat":[340,349],"product_tag":[],"brand":[],"target-group":[],"discontinued":[],"class_list":{"0":"post-150769","1":"product","2":"type-product","3":"status-publish","5":"product_cat-gry-dla-dzieci","6":"product_cat-gry-rodzinne","8":"first","9":"outofstock","10":"taxable","11":"shipping-taxable","12":"product-type-simple"},"aioseo_notices":[],"_links":{"self":[{"href":"https:\/\/games.tactic.net\/pl\/wp-json\/wp\/v2\/product\/150769","targetHints":{"allow":["GET"]}}],"collection":[{"href":"https:\/\/games.tactic.net\/pl\/wp-json\/wp\/v2\/product"}],"about":[{"href":"https:\/\/games.tactic.net\/pl\/wp-json\/wp\/v2\/types\/product"}],"wp:attachment":[{"href":"https:\/\/games.tactic.net\/pl\/wp-json\/wp\/v2\/media?parent=150769"}],"wp:term":[{"taxonomy":"product_brand","embeddable":true,"href":"https:\/\/games.tactic.net\/pl\/wp-json\/wp\/v2\/product_brand?post=150769"},{"taxonomy":"product_cat","embeddable":true,"href":"https:\/\/games.tactic.net\/pl\/wp-json\/wp\/v2\/product_cat?post=150769"},{"taxonomy":"product_tag","embeddable":true,"href":"https:\/\/games.tactic.net\/pl\/wp-json\/wp\/v2\/product_tag?post=150769"},{"taxonomy":"brand","embeddable":true,"href":"https:\/\/games.tactic.net\/pl\/wp-json\/wp\/v2\/brand?post=150769"},{"taxonomy":"target-group","embeddable":true,"href":"https:\/\/games.tactic.net\/pl\/wp-json\/wp\/v2\/target-group?post=150769"},{"taxonomy":"discontinued","embeddable":true,"href":"https:\/\/games.tactic.net\/pl\/wp-json\/wp\/v2\/discontinued?post=150769"}],"curies":[{"name":"wp","href":"https:\/\/api.w.org\/{rel}","templated":true}]}}