{"id":150712,"date":"2021-09-28T11:57:39","date_gmt":"2021-09-28T08:57:39","guid":{"rendered":"http:\/\/dev.tactic.net\/tuote\/co-w-brzuchu-burczy\/"},"modified":"2021-09-28T11:57:39","modified_gmt":"2021-09-28T08:57:39","slug":"co-w-brzuchu-burczy","status":"publish","type":"product","link":"https:\/\/games.tactic.net\/pl\/tuote\/co-w-brzuchu-burczy\/","title":{"rendered":"Tactic Co w brzuchu burczy?"},"content":{"rendered":"<p>Czy zdo\u0142asz przej\u015b\u0107 zwierz\u0119cy labirynt? Po\u0142\u00f3\u017c mazak na planszy, zakryj oczy opask\u0105 i rozpocznij rysowanie! Kre\u015bl swoj\u0105 kresk\u0119 do momentu, gdy kto\u015b \u015bci\u015bnie pierdz\u0105c\u0105 poduszk\u0119 \u2013 oznajmiaj\u0105c tym sposobem, \u017ce przekroczy\u0142e\u015b dozwolon\u0105 lini\u0119. Pierwszy zawodnik, kt\u00f3ry dotrze do ko\u0144ca labiryntu, wygra!<br \/>\n\u2022 Zawiera labirynty o dw\u00f3ch poziomami trudno\u015bci!<br \/>\n\u2022 Przezabawna rozgrywka zadowoli graczy w ka\u017cdym wieku.<br \/>\n\u2022 W komplecie \u015bcieralne tablice, mazaki, opaska na oczy oraz poduszka do pierdzenia!<br \/>\nZawarto\u015b\u0107: 4 dwustronne plansze, poduszka-pierdziuszka, opaska na oczy, 4 flamastry w r\u00f3\u017cnych kolorach, gabka.<br \/>\nGra przeznaczona dla 2-4 graczy w wieku 6+.<\/p>\n","protected":false},"excerpt":{"rendered":"<p>Czy zdo\u0142asz przej\u015b\u0107 zwierz\u0119cy labirynt? Po\u0142\u00f3\u017c mazak na planszy, zakryj oczy opask\u0105 i rozpocznij rysowanie! Kre\u015bl swoj\u0105 kresk\u0119 do momentu, gdy kto\u015b \u015bci\u015bnie pierdz\u0105c\u0105 poduszk\u0119 \u2013 oznajmiaj\u0105c tym sposobem, \u017ce przekroczy\u0142e\u015b dozwolon\u0105 lini\u0119. Pierwszy zawodnik, kt\u00f3ry dotrze do ko\u0144ca labiryntu, wygra!<\/p>\n","protected":false},"featured_media":0,"template":"","meta":{"content-type":"","_monsterinsights_skip_tracking":false,"_monsterinsights_sitenote_active":false,"_monsterinsights_sitenote_note":"","_monsterinsights_sitenote_category":0},"product_brand":[],"product_cat":[340,349],"product_tag":[],"brand":[],"target-group":[],"discontinued":[],"class_list":{"0":"post-150712","1":"product","2":"type-product","3":"status-publish","5":"product_cat-gry-dla-dzieci","6":"product_cat-gry-rodzinne","8":"first","9":"outofstock","10":"taxable","11":"shipping-taxable","12":"product-type-simple"},"aioseo_notices":[],"_links":{"self":[{"href":"https:\/\/games.tactic.net\/pl\/wp-json\/wp\/v2\/product\/150712","targetHints":{"allow":["GET"]}}],"collection":[{"href":"https:\/\/games.tactic.net\/pl\/wp-json\/wp\/v2\/product"}],"about":[{"href":"https:\/\/games.tactic.net\/pl\/wp-json\/wp\/v2\/types\/product"}],"wp:attachment":[{"href":"https:\/\/games.tactic.net\/pl\/wp-json\/wp\/v2\/media?parent=150712"}],"wp:term":[{"taxonomy":"product_brand","embeddable":true,"href":"https:\/\/games.tactic.net\/pl\/wp-json\/wp\/v2\/product_brand?post=150712"},{"taxonomy":"product_cat","embeddable":true,"href":"https:\/\/games.tactic.net\/pl\/wp-json\/wp\/v2\/product_cat?post=150712"},{"taxonomy":"product_tag","embeddable":true,"href":"https:\/\/games.tactic.net\/pl\/wp-json\/wp\/v2\/product_tag?post=150712"},{"taxonomy":"brand","embeddable":true,"href":"https:\/\/games.tactic.net\/pl\/wp-json\/wp\/v2\/brand?post=150712"},{"taxonomy":"target-group","embeddable":true,"href":"https:\/\/games.tactic.net\/pl\/wp-json\/wp\/v2\/target-group?post=150712"},{"taxonomy":"discontinued","embeddable":true,"href":"https:\/\/games.tactic.net\/pl\/wp-json\/wp\/v2\/discontinued?post=150712"}],"curies":[{"name":"wp","href":"https:\/\/api.w.org\/{rel}","templated":true}]}}