{"id":150613,"date":"2021-09-28T11:53:50","date_gmt":"2021-09-28T08:53:50","guid":{"rendered":"http:\/\/dev.tactic.net\/tuote\/seas-of-fortune\/"},"modified":"2023-10-25T16:25:48","modified_gmt":"2023-10-25T13:25:48","slug":"seas-of-fortune","status":"publish","type":"product","link":"https:\/\/games.tactic.net\/pl\/tuote\/seas-of-fortune\/","title":{"rendered":"Gamestorm Seas of Fortune gra planszowa"},"content":{"rendered":"<p>Wciel si\u0119 w rol\u0119 kupca z XVIII wieku i p\u0142y\u0144 od portu do portu na Ba\u0142tyku i Morzu P\u00f3\u0142nocnym! Rywalizuj z innymi graczami o najlepsze za\u0142ogi, wype\u0142nij sw\u00f3j statek z towarami i spr\u00f3buj zawie\u017a\u0107 je do miejsc docelowych. Wybieraj \u0142adunek i za\u0142og\u0119 uwa\u017cnie, gdy\u017c wp\u0142ynie to na pr\u0119dko\u015b\u0107 \u017ceglugi i zarobione pieni\u0105dze!<br \/>\nKa\u017cdy z graczy wciela si\u0119 w posta\u0107 kupca nadzoruj\u0105cego podr\u00f3\u017ce handlowe statku.<br \/>\n\u017beby wygra\u0107, sprzedawaj towary w r\u00f3\u017cnych miastach i zgromad\u017a w sakiewce 100 srebrnych marek jako pierwszy z graczy!<br \/>\n\u2022 drewniane elementy,<br \/>\n\u2022 \u0142atwo gra\u0107, ale trudno wygra\u0107.<br \/>\nZawarto\u015b\u0107: Plansza, 4 pionki statk\u00f3w, 4 plansze \u0142adowni, 165 kart (71 kart za\u0142adunku, 70 kart roz\u0142adunku, 24 karty za\u0142ogi), 48 \u017ceton\u00f3w towar\u00f3w, monety (40 \u00d7 1 srebrna marka, 20 \u00d7 5 srebrnych marek, 30 \u00d7 10 srebrnych marek), \u017ceton nawigacji.<br \/>\nGra rodzinna dla 2-4 graczy w wieku 8+.<\/p>\n","protected":false},"excerpt":{"rendered":"<p>Wciel si\u0119 w rol\u0119 kupca z XVIII wieku i p\u0142y\u0144 od portu do portu na Ba\u0142tyku i Morzu P\u00f3\u0142nocnym! Rywalizuj z innymi graczami o najlepsze za\u0142ogi, wype\u0142nij tw\u00f3j statek z towarami i spr\u00f3buj zawie\u017a\u0107 je do miejsc docelowych Wybieraj m\u0105drze \u0142adunek i za\u0142og\u0119 m\u0105drze gdy\u017c wp\u0142ynie to na pr\u0119dko\u015b\u0107 \u017ceglugi i zarobione pieni\u0105dze!<\/p>\n","protected":false},"featured_media":0,"template":"","meta":{"content-type":"","_monsterinsights_skip_tracking":false,"_monsterinsights_sitenote_active":false,"_monsterinsights_sitenote_note":"","_monsterinsights_sitenote_category":0},"product_brand":[],"product_cat":[1783,1782],"product_tag":[1247],"brand":[{"id":889,"name":"Gamestorm Studio","slug":"gamestormstudio-pl"}],"target-group":[],"discontinued":[],"class_list":{"0":"post-150613","1":"product","2":"type-product","3":"status-publish","5":"product_cat-strategiczne-gry-rodzinne","6":"product_cat-strategiczne-dla-doroslych-gry-dla-doroslych","7":"product_tag-strategia-pl","8":"brand-gamestormstudio-pl","10":"first","11":"outofstock","12":"taxable","13":"shipping-taxable","14":"product-type-simple"},"aioseo_notices":[],"_links":{"self":[{"href":"https:\/\/games.tactic.net\/pl\/wp-json\/wp\/v2\/product\/150613","targetHints":{"allow":["GET"]}}],"collection":[{"href":"https:\/\/games.tactic.net\/pl\/wp-json\/wp\/v2\/product"}],"about":[{"href":"https:\/\/games.tactic.net\/pl\/wp-json\/wp\/v2\/types\/product"}],"wp:attachment":[{"href":"https:\/\/games.tactic.net\/pl\/wp-json\/wp\/v2\/media?parent=150613"}],"wp:term":[{"taxonomy":"product_brand","embeddable":true,"href":"https:\/\/games.tactic.net\/pl\/wp-json\/wp\/v2\/product_brand?post=150613"},{"taxonomy":"product_cat","embeddable":true,"href":"https:\/\/games.tactic.net\/pl\/wp-json\/wp\/v2\/product_cat?post=150613"},{"taxonomy":"product_tag","embeddable":true,"href":"https:\/\/games.tactic.net\/pl\/wp-json\/wp\/v2\/product_tag?post=150613"},{"taxonomy":"brand","embeddable":true,"href":"https:\/\/games.tactic.net\/pl\/wp-json\/wp\/v2\/brand?post=150613"},{"taxonomy":"target-group","embeddable":true,"href":"https:\/\/games.tactic.net\/pl\/wp-json\/wp\/v2\/target-group?post=150613"},{"taxonomy":"discontinued","embeddable":true,"href":"https:\/\/games.tactic.net\/pl\/wp-json\/wp\/v2\/discontinued?post=150613"}],"curies":[{"name":"wp","href":"https:\/\/api.w.org\/{rel}","templated":true}]}}