{"id":150598,"date":"2021-09-28T11:51:39","date_gmt":"2021-09-28T08:51:39","guid":{"rendered":"http:\/\/dev.tactic.net\/tuote\/arctic-race\/"},"modified":"2023-10-25T14:10:20","modified_gmt":"2023-10-25T11:10:20","slug":"arctic-race","status":"publish","type":"product","link":"https:\/\/games.tactic.net\/pl\/tuote\/arctic-race\/","title":{"rendered":"Gamestorm Arctic Race gra planszowa"},"content":{"rendered":"<p>CZY TWOJE ZAPRZ\u0118GI DOJAD\u0104 NA BIEGUN JAKO PIERWSZE?<br \/>\nLodowaty Biegun P\u00f3\u0142nocny wzywa poszukiwaczy przyg\u00f3d! Kto pierwszy doprowadzi swoje zaprz\u0119gi poprzez zamie\u0107 i p\u0119kaj\u0105ce lody do mro\u017anego finiszu? \u015anieg i burze to nie jedyne zagro\u017cenia, jakie czekaj\u0105 na trasie \u2013 przeciwnicy zrobi\u0105 wszystko co w ich mocy, by och\u0142odzi\u0107 Tw\u00f3j zapa\u0142! Wypracuj przebieg\u0142\u0105 strategi\u0119 i m\u0105drze u\u017cywaj sprz\u0119tu, \u017ceby pokona\u0107 wszystkie przeszkody i wygra\u0107!<br \/>\nZawarto\u015b\u0107: 18 du\u017cych kafelk\u00f3w kry, 1 kafelek Bieguna P\u00f3\u0142nocnego, 1 kafelek startu, 20 kafelk\u00f3w wody, 31 kart (15 kart psich zaprz\u0119g\u00f3w i 16 kart drabin), 9 drewnianych znacznik\u00f3w zagro\u017cenia, 6 drewnianych pionk\u00f3w psich zaprz\u0119g\u00f3w, 4 kafelki helikoptera, 2 specjalne ko\u015bci, instrukcja.<br \/>\nGra rodzinna dla 2-4 graczy w wieku 8+.<\/p>\n","protected":false},"excerpt":{"rendered":"<p>Staraj si\u0119 zaprowadzi\u0107 swoje psie zaprz\u0119gi na p\u00f3\u0142noc. B\u0105d\u017a pierwszy w tej \u015bnie\u017cnej i ekscytuj\u0105cej przygodzie! Twoja podr\u00f3\u017c jest niebezpieczna, a twoi przeciwnicy mog\u0105 stawia\u0107 przeszkody na twojej drodze. Planuj i wykorzystaj sw\u00f3j sprz\u0119t m\u0105drze, aby pokona\u0107 przeciwnik\u00f3w w tym ekscytuj\u0105cym wy\u015bcigu!<\/p>\n","protected":false},"featured_media":0,"template":"","meta":{"content-type":"","_monsterinsights_skip_tracking":false,"_monsterinsights_sitenote_active":false,"_monsterinsights_sitenote_note":"","_monsterinsights_sitenote_category":0},"product_brand":[],"product_cat":[1783],"product_tag":[1247],"brand":[{"id":889,"name":"Gamestorm Studio","slug":"gamestormstudio-pl"}],"target-group":[],"discontinued":[],"class_list":{"0":"post-150598","1":"product","2":"type-product","3":"status-publish","5":"product_cat-strategiczne-gry-rodzinne","6":"product_tag-strategia-pl","7":"brand-gamestormstudio-pl","9":"first","10":"instock","11":"taxable","12":"shipping-taxable","13":"product-type-simple"},"aioseo_notices":[],"_links":{"self":[{"href":"https:\/\/games.tactic.net\/pl\/wp-json\/wp\/v2\/product\/150598","targetHints":{"allow":["GET"]}}],"collection":[{"href":"https:\/\/games.tactic.net\/pl\/wp-json\/wp\/v2\/product"}],"about":[{"href":"https:\/\/games.tactic.net\/pl\/wp-json\/wp\/v2\/types\/product"}],"wp:attachment":[{"href":"https:\/\/games.tactic.net\/pl\/wp-json\/wp\/v2\/media?parent=150598"}],"wp:term":[{"taxonomy":"product_brand","embeddable":true,"href":"https:\/\/games.tactic.net\/pl\/wp-json\/wp\/v2\/product_brand?post=150598"},{"taxonomy":"product_cat","embeddable":true,"href":"https:\/\/games.tactic.net\/pl\/wp-json\/wp\/v2\/product_cat?post=150598"},{"taxonomy":"product_tag","embeddable":true,"href":"https:\/\/games.tactic.net\/pl\/wp-json\/wp\/v2\/product_tag?post=150598"},{"taxonomy":"brand","embeddable":true,"href":"https:\/\/games.tactic.net\/pl\/wp-json\/wp\/v2\/brand?post=150598"},{"taxonomy":"target-group","embeddable":true,"href":"https:\/\/games.tactic.net\/pl\/wp-json\/wp\/v2\/target-group?post=150598"},{"taxonomy":"discontinued","embeddable":true,"href":"https:\/\/games.tactic.net\/pl\/wp-json\/wp\/v2\/discontinued?post=150598"}],"curies":[{"name":"wp","href":"https:\/\/api.w.org\/{rel}","templated":true}]}}