{"id":150569,"date":"2021-09-28T11:49:37","date_gmt":"2021-09-28T08:49:37","guid":{"rendered":"http:\/\/dev.tactic.net\/tuote\/slingshot-to-mars\/"},"modified":"2023-10-25T16:27:54","modified_gmt":"2023-10-25T13:27:54","slug":"slingshot-to-mars","status":"publish","type":"product","link":"https:\/\/games.tactic.net\/pl\/tuote\/slingshot-to-mars\/","title":{"rendered":"Gamestorm Slingshot to Mars gra planszowa"},"content":{"rendered":"<p>We\u017a udzia\u0142 w galaktycznej przygodzie i wydob\u0105d\u017a cenne minera\u0142y na Marsie i jego ksi\u0119\u017cycu Fobos. Wystrzel sw\u00f3j statek kosmiczny na orbit\u0119, aby znale\u017a\u0107 najlepsze minera\u0142y i kupi\u0107 ulepszenia dla statku. Gra ko\u0144czy si\u0119, gdy wszystkie minera\u0142y zostan\u0105 zebrane, a gracz z najwy\u017cszym \u0142\u0105cznym wynikiem wygrywa!<br \/>\n\u2022 Efektowna i du\u017ca plansza do gry.<br \/>\n\u2022 Rozgrywka to po\u0142\u0105czenie umiej\u0119tno\u015bci i taktyczne my\u015blenie!<br \/>\n\u2022 Oryginalna funkcja magnetyczna! Zawarto\u015b\u0107: plansza sk\u0142adana z 5 element\u00f3w, tor orbity, 4 plansze graczy, 35 kart minera\u0142\u00f3w, 20 kart punktacji, 50 \u017ceton\u00f3w ulepsze\u0144, 49 \u017ceton\u00f3w punktacji, 48 \u017ceton\u00f3w korporacji, 1 stalowa kulka, 1 magnes. Gra dla 2-4 graczy w wieku 8+.<\/p>\n","protected":false},"excerpt":{"rendered":"<p>We\u017a udzia\u0142 w galaktycznej przygodzie i wydob\u0105d\u017a cenne minera\u0142y na Marsie i jego ksi\u0119\u017cycu Fobos. Wystrzel sw\u00f3j statek kosmiczny na orbit\u0119, aby znale\u017a\u0107 najlepsze minera\u0142y i kupi\u0107 ulepszenia dla statku. Gra ko\u0144czy si\u0119, gdy wszystkie minera\u0142y zostan\u0105 zebrane, a gracz z najwy\u017cszym \u0142\u0105cznym wynikiem wygrywa!<\/p>\n","protected":false},"featured_media":0,"template":"","meta":{"content-type":"","_monsterinsights_skip_tracking":false,"_monsterinsights_sitenote_active":false,"_monsterinsights_sitenote_note":"","_monsterinsights_sitenote_category":0},"product_brand":[],"product_cat":[1783,1782],"product_tag":[1247],"brand":[{"id":889,"name":"Gamestorm Studio","slug":"gamestormstudio-pl"}],"target-group":[],"discontinued":[],"class_list":{"0":"post-150569","1":"product","2":"type-product","3":"status-publish","5":"product_cat-strategiczne-gry-rodzinne","6":"product_cat-strategiczne-dla-doroslych-gry-dla-doroslych","7":"product_tag-strategia-pl","8":"brand-gamestormstudio-pl","10":"first","11":"instock","12":"taxable","13":"shipping-taxable","14":"product-type-simple"},"aioseo_notices":[],"_links":{"self":[{"href":"https:\/\/games.tactic.net\/pl\/wp-json\/wp\/v2\/product\/150569","targetHints":{"allow":["GET"]}}],"collection":[{"href":"https:\/\/games.tactic.net\/pl\/wp-json\/wp\/v2\/product"}],"about":[{"href":"https:\/\/games.tactic.net\/pl\/wp-json\/wp\/v2\/types\/product"}],"wp:attachment":[{"href":"https:\/\/games.tactic.net\/pl\/wp-json\/wp\/v2\/media?parent=150569"}],"wp:term":[{"taxonomy":"product_brand","embeddable":true,"href":"https:\/\/games.tactic.net\/pl\/wp-json\/wp\/v2\/product_brand?post=150569"},{"taxonomy":"product_cat","embeddable":true,"href":"https:\/\/games.tactic.net\/pl\/wp-json\/wp\/v2\/product_cat?post=150569"},{"taxonomy":"product_tag","embeddable":true,"href":"https:\/\/games.tactic.net\/pl\/wp-json\/wp\/v2\/product_tag?post=150569"},{"taxonomy":"brand","embeddable":true,"href":"https:\/\/games.tactic.net\/pl\/wp-json\/wp\/v2\/brand?post=150569"},{"taxonomy":"target-group","embeddable":true,"href":"https:\/\/games.tactic.net\/pl\/wp-json\/wp\/v2\/target-group?post=150569"},{"taxonomy":"discontinued","embeddable":true,"href":"https:\/\/games.tactic.net\/pl\/wp-json\/wp\/v2\/discontinued?post=150569"}],"curies":[{"name":"wp","href":"https:\/\/api.w.org\/{rel}","templated":true}]}}