{"id":150383,"date":"2021-09-28T11:40:45","date_gmt":"2021-09-28T08:40:45","guid":{"rendered":"http:\/\/dev.tactic.net\/tuote\/15-minut-na-ucieczkegra-typu-escape\/"},"modified":"2023-10-25T14:04:39","modified_gmt":"2023-10-25T11:04:39","slug":"15-minut-na-ucieczkegra-typu-escape","status":"publish","type":"product","link":"https:\/\/games.tactic.net\/pl\/tuote\/15-minut-na-ucieczkegra-typu-escape\/","title":{"rendered":"15 Minut na ucieczk\u0119 Gra typu Escape"},"content":{"rendered":"<p>Asteroida uszkodzi\u0142a statek kosmiczny, co uruchomi\u0142o tryb samozniszczenia. Masz 15 minut na wy\u0142\u0105czenie wszystkich czerwonych prze\u0142\u0105cznik\u00f3w, nim statek eksploduje! Wsp\u00f3\u0142pracuj z innymi graczami w tym ekscytuj\u0105cym wy\u015bcigu z czasem.<\/p>\n","protected":false},"excerpt":{"rendered":"<p>Asteroida uszkodzi\u0142a statek kosmiczny, co uruchomi\u0142o tryb samozniszczenia. Masz 15 minut na wy\u0142\u0105czenie wszystkich czerwonych prze\u0142\u0105cznik\u00f3w, nim statek eksploduje! Wsp\u00f3\u0142pracuj z innymi graczami w tym ekscytuj\u0105cym wy\u015bcigu z czasem.<\/p>\n","protected":false},"featured_media":0,"template":"","meta":{"content-type":"","_monsterinsights_skip_tracking":false,"_monsterinsights_sitenote_active":false,"_monsterinsights_sitenote_note":"","_monsterinsights_sitenote_category":0},"product_brand":[],"product_cat":[691,349],"product_tag":[1230],"brand":[],"target-group":[],"discontinued":[],"class_list":{"0":"post-150383","1":"product","2":"type-product","3":"status-publish","5":"product_cat-gry-dla-doroslych","6":"product_cat-gry-rodzinne","7":"product_tag-dzialanie-pl","9":"first","10":"outofstock","11":"taxable","12":"shipping-taxable","13":"product-type-simple"},"aioseo_notices":[],"_links":{"self":[{"href":"https:\/\/games.tactic.net\/pl\/wp-json\/wp\/v2\/product\/150383","targetHints":{"allow":["GET"]}}],"collection":[{"href":"https:\/\/games.tactic.net\/pl\/wp-json\/wp\/v2\/product"}],"about":[{"href":"https:\/\/games.tactic.net\/pl\/wp-json\/wp\/v2\/types\/product"}],"wp:attachment":[{"href":"https:\/\/games.tactic.net\/pl\/wp-json\/wp\/v2\/media?parent=150383"}],"wp:term":[{"taxonomy":"product_brand","embeddable":true,"href":"https:\/\/games.tactic.net\/pl\/wp-json\/wp\/v2\/product_brand?post=150383"},{"taxonomy":"product_cat","embeddable":true,"href":"https:\/\/games.tactic.net\/pl\/wp-json\/wp\/v2\/product_cat?post=150383"},{"taxonomy":"product_tag","embeddable":true,"href":"https:\/\/games.tactic.net\/pl\/wp-json\/wp\/v2\/product_tag?post=150383"},{"taxonomy":"brand","embeddable":true,"href":"https:\/\/games.tactic.net\/pl\/wp-json\/wp\/v2\/brand?post=150383"},{"taxonomy":"target-group","embeddable":true,"href":"https:\/\/games.tactic.net\/pl\/wp-json\/wp\/v2\/target-group?post=150383"},{"taxonomy":"discontinued","embeddable":true,"href":"https:\/\/games.tactic.net\/pl\/wp-json\/wp\/v2\/discontinued?post=150383"}],"curies":[{"name":"wp","href":"https:\/\/api.w.org\/{rel}","templated":true}]}}