{"id":150368,"date":"2021-09-28T11:37:05","date_gmt":"2021-09-28T08:37:05","guid":{"rendered":"http:\/\/dev.tactic.net\/tuote\/escape-from-ghost-castle\/"},"modified":"2023-10-17T16:41:42","modified_gmt":"2023-10-17T13:41:42","slug":"escape-from-ghost-castle","status":"publish","type":"product","link":"https:\/\/games.tactic.net\/pl\/tuote\/escape-from-ghost-castle\/","title":{"rendered":"Tactic Ucieczka z Nawiedzonego Zamku"},"content":{"rendered":"<p>W powietrzu czu\u0107 dreszczyk emocji! Schowaj si\u0119 w nawiedzonym zamku i spr\u00f3buj unikn\u0105\u0107 duch\u00f3w, kt\u00f3re na Ciebie czyhaj\u0105. W tej upiornej grze dla ca\u0142ej rodziny jeden gracz chowa si\u0119 w zamku, a pozostali \u2013 jako duchy \u2013 pr\u00f3buj\u0105 odkry\u0107 jego kryj\u00f3wk\u0119. Emocji nie zabraknie, bo wszyscy zbieraj\u0105 punkty do samego ko\u0144ca! Kto zwyci\u0119\u017cy?<br \/>\nZawarto\u015b\u0107: plansza, 55 kart (44 karty zamku, 9 kart cmentarza i 2 karty \u201eMamy ci\u0119!\u201d), 4 figurki duch\u00f3w + plastikowe podstawki, klepsydra, 63 \u017cetony, notes intruza i kartonowe okulary.<br \/>\nGra dla 2-4 graczy w wieku 7+.<\/p>\n","protected":false},"excerpt":{"rendered":"<p>W powietrzu czu\u0107 dreszczyk emocji! Schowaj si\u0119 w nawiedzonym zamku i spr\u00f3buj unikn\u0105\u0107 duch\u00f3w, kt\u00f3re na Ciebie czyhaj\u0105. W tej upiornej grze dla ca\u0142ej rodziny jeden gracz chowa si\u0119 w zamku, a pozostali \u2013 jako duchy \u2013 pr\u00f3buj\u0105 odkry\u0107 jego kryj\u00f3wk\u0119. Emocji nie zabraknie, bo wszyscy zbieraj\u0105 punkty do samego ko\u0144ca! Kto zwyci\u0119\u017cy? Zawarto\u015b\u0107: plansza, [&hellip;]<\/p>\n","protected":false},"featured_media":0,"template":"","meta":{"content-type":"","_monsterinsights_skip_tracking":false,"_monsterinsights_sitenote_active":false,"_monsterinsights_sitenote_note":"","_monsterinsights_sitenote_category":0},"product_brand":[],"product_cat":[349],"product_tag":[897],"brand":[],"target-group":[],"discontinued":[],"class_list":{"0":"post-150368","1":"product","2":"type-product","3":"status-publish","5":"product_cat-gry-rodzinne","6":"product_tag-taktyka","8":"first","9":"outofstock","10":"taxable","11":"shipping-taxable","12":"product-type-simple"},"aioseo_notices":[],"_links":{"self":[{"href":"https:\/\/games.tactic.net\/pl\/wp-json\/wp\/v2\/product\/150368","targetHints":{"allow":["GET"]}}],"collection":[{"href":"https:\/\/games.tactic.net\/pl\/wp-json\/wp\/v2\/product"}],"about":[{"href":"https:\/\/games.tactic.net\/pl\/wp-json\/wp\/v2\/types\/product"}],"wp:attachment":[{"href":"https:\/\/games.tactic.net\/pl\/wp-json\/wp\/v2\/media?parent=150368"}],"wp:term":[{"taxonomy":"product_brand","embeddable":true,"href":"https:\/\/games.tactic.net\/pl\/wp-json\/wp\/v2\/product_brand?post=150368"},{"taxonomy":"product_cat","embeddable":true,"href":"https:\/\/games.tactic.net\/pl\/wp-json\/wp\/v2\/product_cat?post=150368"},{"taxonomy":"product_tag","embeddable":true,"href":"https:\/\/games.tactic.net\/pl\/wp-json\/wp\/v2\/product_tag?post=150368"},{"taxonomy":"brand","embeddable":true,"href":"https:\/\/games.tactic.net\/pl\/wp-json\/wp\/v2\/brand?post=150368"},{"taxonomy":"target-group","embeddable":true,"href":"https:\/\/games.tactic.net\/pl\/wp-json\/wp\/v2\/target-group?post=150368"},{"taxonomy":"discontinued","embeddable":true,"href":"https:\/\/games.tactic.net\/pl\/wp-json\/wp\/v2\/discontinued?post=150368"}],"curies":[{"name":"wp","href":"https:\/\/api.w.org\/{rel}","templated":true}]}}