{"id":150324,"date":"2021-09-28T11:32:53","date_gmt":"2021-09-28T08:32:53","guid":{"rendered":"http:\/\/dev.tactic.net\/tuote\/piraci-ida-wedkowac-grakarciana\/"},"modified":"2025-12-02T09:27:27","modified_gmt":"2025-12-02T07:27:27","slug":"piraci-ida-wedkowac-grakarciana","status":"archive","type":"product","link":"https:\/\/games.tactic.net\/pl\/tuote\/piraci-ida-wedkowac-grakarciana\/","title":{"rendered":"Tactic Piraci nie ty razem gra karciana"},"content":{"rendered":"<p>W tej pirackiej grze karcianej prosisz przeciwnika o pokazanie wybranej karty i zbierasz pary. Gracz z najwi\u0119ksz\u0105 liczb\u0105 par zostaje zwyci\u0119zc\u0105!<\/p>\n","protected":false},"excerpt":{"rendered":"<p>W tej pirackiej grze karcianej prosisz przeciwnika o pokazanie wybranej karty i zbierasz pary. Gracz z najwi\u0119ksz\u0105 liczb\u0105 par zostaje zwyci\u0119zc\u0105!<\/p>\n","protected":false},"featured_media":0,"template":"","meta":{"content-type":"","_monsterinsights_skip_tracking":false,"_monsterinsights_sitenote_active":false,"_monsterinsights_sitenote_note":"","_monsterinsights_sitenote_category":0},"product_brand":[],"product_cat":[1676],"product_tag":[1033],"brand":[],"target-group":[],"discontinued":[],"class_list":{"0":"post-150324","1":"product","2":"type-product","3":"status-archive","5":"product_cat-gry-kosciane-i-karciane-gry-rodzinne","6":"product_tag-losowosc","8":"first","9":"outofstock","10":"taxable","11":"shipping-taxable","12":"product-type-simple"},"aioseo_notices":[],"_links":{"self":[{"href":"https:\/\/games.tactic.net\/pl\/wp-json\/wp\/v2\/product\/150324","targetHints":{"allow":["GET"]}}],"collection":[{"href":"https:\/\/games.tactic.net\/pl\/wp-json\/wp\/v2\/product"}],"about":[{"href":"https:\/\/games.tactic.net\/pl\/wp-json\/wp\/v2\/types\/product"}],"wp:attachment":[{"href":"https:\/\/games.tactic.net\/pl\/wp-json\/wp\/v2\/media?parent=150324"}],"wp:term":[{"taxonomy":"product_brand","embeddable":true,"href":"https:\/\/games.tactic.net\/pl\/wp-json\/wp\/v2\/product_brand?post=150324"},{"taxonomy":"product_cat","embeddable":true,"href":"https:\/\/games.tactic.net\/pl\/wp-json\/wp\/v2\/product_cat?post=150324"},{"taxonomy":"product_tag","embeddable":true,"href":"https:\/\/games.tactic.net\/pl\/wp-json\/wp\/v2\/product_tag?post=150324"},{"taxonomy":"brand","embeddable":true,"href":"https:\/\/games.tactic.net\/pl\/wp-json\/wp\/v2\/brand?post=150324"},{"taxonomy":"target-group","embeddable":true,"href":"https:\/\/games.tactic.net\/pl\/wp-json\/wp\/v2\/target-group?post=150324"},{"taxonomy":"discontinued","embeddable":true,"href":"https:\/\/games.tactic.net\/pl\/wp-json\/wp\/v2\/discontinued?post=150324"}],"curies":[{"name":"wp","href":"https:\/\/api.w.org\/{rel}","templated":true}]}}