{"id":150309,"date":"2021-09-28T11:31:16","date_gmt":"2021-09-28T08:31:16","guid":{"rendered":"http:\/\/dev.tactic.net\/tuote\/gra-planszowa-piraci-poszukiwacze-skarbow\/"},"modified":"2023-10-25T13:54:14","modified_gmt":"2023-10-25T10:54:14","slug":"gra-planszowa-piraci-poszukiwacze-skarbow","status":"publish","type":"product","link":"https:\/\/games.tactic.net\/pl\/tuote\/gra-planszowa-piraci-poszukiwacze-skarbow\/","title":{"rendered":"Tactic Piraci \u2013 Poszukiwacze skarb\u00f3w"},"content":{"rendered":"<p>Przygotowanie zabawy w pirat\u00f3w i skarby jeszcze nigdy nie by\u0142o tak proste! Ukryj skarb, a nast\u0119pnie narysuj, zapisz lub zaznacz wskaz\u00f3wki na specjalnej tablicy. Niezale\u017cnie od tego, czy zrobisz to w domu, czy na zewn\u0105trz \u2013 to \u015bwietny spos\u00f3b na zach\u0119cenie dzieci do zabawy!<br \/>\n\u2022 Prosta receptura na zabaw\u0119 w poszukiwaczy skarb\u00f3w.<br \/>\n\u2022 W zestawie znajdziemy torb\u0119, tablice ze wskaz\u00f3wkami, marker do bia\u0142ej tablicy oraz prawdziw\u0105 metalow\u0105 monet\u0119!<br \/>\n\u2022 Aktywno\u015b\u0107 fizyczna, gimnastyka umys\u0142owa i praca zespo\u0142owa \u2013 w jednym!<br \/>\nZawarto\u015b\u0107:.<br \/>\nGra przeznaczona dla 2 i wi\u0119cej graczy w wieku 5+.<\/p>\n","protected":false},"excerpt":{"rendered":"<p>Przygotowanie zabawy w pirat\u00f3w i skarby jeszcze nigdy nie by\u0142o tak proste! Ukryj skarb, a nast\u0119pnie narysuj, zapisz lub zaznacz wskaz\u00f3wki na specjalnej tablicy. Niezale\u017cnie od tego, czy zrobisz to w domu, czy na zewn\u0105trz \u2013 to \u015bwietny spos\u00f3b na zach\u0119cenie dzieci do zabawy!<\/p>\n","protected":false},"featured_media":0,"template":"","meta":{"content-type":"","_monsterinsights_skip_tracking":false,"_monsterinsights_sitenote_active":false,"_monsterinsights_sitenote_note":"","_monsterinsights_sitenote_category":0},"product_brand":[],"product_cat":[1939],"product_tag":[],"brand":[],"target-group":[],"discontinued":[],"class_list":{"0":"post-150309","1":"product","2":"type-product","3":"status-publish","5":"product_cat-inne-gry-plenerowe-gry-plenerowe","7":"first","8":"outofstock","9":"taxable","10":"shipping-taxable","11":"product-type-simple"},"aioseo_notices":[],"_links":{"self":[{"href":"https:\/\/games.tactic.net\/pl\/wp-json\/wp\/v2\/product\/150309","targetHints":{"allow":["GET"]}}],"collection":[{"href":"https:\/\/games.tactic.net\/pl\/wp-json\/wp\/v2\/product"}],"about":[{"href":"https:\/\/games.tactic.net\/pl\/wp-json\/wp\/v2\/types\/product"}],"wp:attachment":[{"href":"https:\/\/games.tactic.net\/pl\/wp-json\/wp\/v2\/media?parent=150309"}],"wp:term":[{"taxonomy":"product_brand","embeddable":true,"href":"https:\/\/games.tactic.net\/pl\/wp-json\/wp\/v2\/product_brand?post=150309"},{"taxonomy":"product_cat","embeddable":true,"href":"https:\/\/games.tactic.net\/pl\/wp-json\/wp\/v2\/product_cat?post=150309"},{"taxonomy":"product_tag","embeddable":true,"href":"https:\/\/games.tactic.net\/pl\/wp-json\/wp\/v2\/product_tag?post=150309"},{"taxonomy":"brand","embeddable":true,"href":"https:\/\/games.tactic.net\/pl\/wp-json\/wp\/v2\/brand?post=150309"},{"taxonomy":"target-group","embeddable":true,"href":"https:\/\/games.tactic.net\/pl\/wp-json\/wp\/v2\/target-group?post=150309"},{"taxonomy":"discontinued","embeddable":true,"href":"https:\/\/games.tactic.net\/pl\/wp-json\/wp\/v2\/discontinued?post=150309"}],"curies":[{"name":"wp","href":"https:\/\/api.w.org\/{rel}","templated":true}]}}