{"id":150294,"date":"2021-09-28T11:28:47","date_gmt":"2021-09-28T08:28:47","guid":{"rendered":"http:\/\/dev.tactic.net\/tuote\/gra-planszowa-piraci-statki\/"},"modified":"2025-12-02T09:19:46","modified_gmt":"2025-12-02T07:19:46","slug":"gra-planszowa-piraci-statki","status":"archive","type":"product","link":"https:\/\/games.tactic.net\/pl\/tuote\/gra-planszowa-piraci-statki\/","title":{"rendered":"Tactic Pirackie okr\u0119ty &#8211; gra w statki"},"content":{"rendered":"<p>Klasyczna propozycja dla dw\u00f3ch graczy, w ekscytuj\u0105cej \u2013 pirackiej ods\u0142onie. Zatop okr\u0119ty przeciwnika, nim on zrobi to z twoimi!<br \/>\nGra dla 2 os\u00f3b w wieku 7+.<br \/>\nZawarto\u015b\u0107:.<\/p>\n","protected":false},"excerpt":{"rendered":"<p>Klasyczna propozycja dla dw\u00f3ch graczy, w ekscytuj\u0105cej \u2013 pirackiej ods\u0142onie. Zatop okr\u0119ty przeciwnika, nim on zrobi to z Twoimi!<\/p>\n","protected":false},"featured_media":0,"template":"","meta":{"content-type":"","_monsterinsights_skip_tracking":false,"_monsterinsights_sitenote_active":false,"_monsterinsights_sitenote_note":"","_monsterinsights_sitenote_category":0},"product_brand":[],"product_cat":[1796],"product_tag":[1247,995],"brand":[],"target-group":[],"discontinued":[],"class_list":{"0":"post-150294","1":"product","2":"type-product","3":"status-archive","5":"product_cat-gry-planszowe-dla-dzieci","6":"product_tag-strategia-pl","7":"product_tag-wieloosobowe","9":"first","10":"outofstock","11":"taxable","12":"shipping-taxable","13":"product-type-simple"},"aioseo_notices":[],"_links":{"self":[{"href":"https:\/\/games.tactic.net\/pl\/wp-json\/wp\/v2\/product\/150294","targetHints":{"allow":["GET"]}}],"collection":[{"href":"https:\/\/games.tactic.net\/pl\/wp-json\/wp\/v2\/product"}],"about":[{"href":"https:\/\/games.tactic.net\/pl\/wp-json\/wp\/v2\/types\/product"}],"wp:attachment":[{"href":"https:\/\/games.tactic.net\/pl\/wp-json\/wp\/v2\/media?parent=150294"}],"wp:term":[{"taxonomy":"product_brand","embeddable":true,"href":"https:\/\/games.tactic.net\/pl\/wp-json\/wp\/v2\/product_brand?post=150294"},{"taxonomy":"product_cat","embeddable":true,"href":"https:\/\/games.tactic.net\/pl\/wp-json\/wp\/v2\/product_cat?post=150294"},{"taxonomy":"product_tag","embeddable":true,"href":"https:\/\/games.tactic.net\/pl\/wp-json\/wp\/v2\/product_tag?post=150294"},{"taxonomy":"brand","embeddable":true,"href":"https:\/\/games.tactic.net\/pl\/wp-json\/wp\/v2\/brand?post=150294"},{"taxonomy":"target-group","embeddable":true,"href":"https:\/\/games.tactic.net\/pl\/wp-json\/wp\/v2\/target-group?post=150294"},{"taxonomy":"discontinued","embeddable":true,"href":"https:\/\/games.tactic.net\/pl\/wp-json\/wp\/v2\/discontinued?post=150294"}],"curies":[{"name":"wp","href":"https:\/\/api.w.org\/{rel}","templated":true}]}}