{"id":150251,"date":"2021-09-28T11:26:40","date_gmt":"2021-09-28T08:26:40","guid":{"rendered":"http:\/\/dev.tactic.net\/tuote\/swinka-peppa-blotna-zabawa-mud-party\/"},"modified":"2022-03-30T10:43:14","modified_gmt":"2022-03-30T07:43:14","slug":"swinka-peppa-blotna-zabawa-mud-party","status":"archive","type":"product","link":"https:\/\/games.tactic.net\/pl\/tuote\/swinka-peppa-blotna-zabawa-mud-party\/","title":{"rendered":"\u015awinka Peppa &#8211; b\u0142otna zabawa (Mud party)"},"content":{"rendered":"<div>Pora si\u0119 troch\u0119 pochlapa\u0107! Wrzu\u0107 \u015awink\u0119 Pepp\u0119 do brodzika z b\u0142otnym bajorkiem i ochlap b\u0142otem pozosta\u0142e postaci. Odbierz \u017ceton za ka\u017cde udane chlapni\u0119cie i umie\u015b\u0107 go w swojej ramce na \u017cetony. Kto jako pierwszy ochlapie wszystkich \u2013 wygrywa! Zawiera tak\u017ce wariant bardziej wymagaj\u0105cej wersji gry dla do\u015bwiadczonych graczy!<\/div>\n<div><\/div>\n<div>Zawarto\u015b\u0107: Brodzik z b\u0142otnym bajorkiem, plastikowa figurka \u015awinki Peppy, 4 plastikowe p\u0142ytki b\u0142ota, 5 dwustronnych plansz postaci, 4 ramki do zbierania<\/div>\n<div>\u017ceton\u00f3w, 20 \u017ceton\u00f3w nagr\u00f3d.<\/div>\n<div><\/div>\n<div>Gra dla 2-4 graczy w wieku 3+.<\/div>\n","protected":false},"excerpt":{"rendered":"<div><b>Pora si\u0119 troch\u0119 pochlapa\u0107! Wrzu\u0107 \u015awink\u0119 Pepp\u0119 do brodzika z b\u0142otnym bajorkiem i ochlap b\u0142otem pozosta\u0142e postaci.<\/b><\/div>\n","protected":false},"featured_media":0,"template":"","meta":{"content-type":"","_monsterinsights_skip_tracking":false,"_monsterinsights_sitenote_active":false,"_monsterinsights_sitenote_note":"","_monsterinsights_sitenote_category":0},"product_brand":[],"product_cat":[1796],"product_tag":[1230,1033],"brand":[],"target-group":[],"discontinued":[],"class_list":{"0":"post-150251","1":"product","2":"type-product","3":"status-archive","5":"product_cat-gry-planszowe-dla-dzieci","6":"product_tag-dzialanie-pl","7":"product_tag-losowosc","9":"first","10":"outofstock","11":"taxable","12":"shipping-taxable","13":"product-type-simple"},"aioseo_notices":[],"_links":{"self":[{"href":"https:\/\/games.tactic.net\/pl\/wp-json\/wp\/v2\/product\/150251","targetHints":{"allow":["GET"]}}],"collection":[{"href":"https:\/\/games.tactic.net\/pl\/wp-json\/wp\/v2\/product"}],"about":[{"href":"https:\/\/games.tactic.net\/pl\/wp-json\/wp\/v2\/types\/product"}],"wp:attachment":[{"href":"https:\/\/games.tactic.net\/pl\/wp-json\/wp\/v2\/media?parent=150251"}],"wp:term":[{"taxonomy":"product_brand","embeddable":true,"href":"https:\/\/games.tactic.net\/pl\/wp-json\/wp\/v2\/product_brand?post=150251"},{"taxonomy":"product_cat","embeddable":true,"href":"https:\/\/games.tactic.net\/pl\/wp-json\/wp\/v2\/product_cat?post=150251"},{"taxonomy":"product_tag","embeddable":true,"href":"https:\/\/games.tactic.net\/pl\/wp-json\/wp\/v2\/product_tag?post=150251"},{"taxonomy":"brand","embeddable":true,"href":"https:\/\/games.tactic.net\/pl\/wp-json\/wp\/v2\/brand?post=150251"},{"taxonomy":"target-group","embeddable":true,"href":"https:\/\/games.tactic.net\/pl\/wp-json\/wp\/v2\/target-group?post=150251"},{"taxonomy":"discontinued","embeddable":true,"href":"https:\/\/games.tactic.net\/pl\/wp-json\/wp\/v2\/discontinued?post=150251"}],"curies":[{"name":"wp","href":"https:\/\/api.w.org\/{rel}","templated":true}]}}