{"id":150208,"date":"2021-09-28T11:24:45","date_gmt":"2021-09-28T08:24:45","guid":{"rendered":"http:\/\/dev.tactic.net\/tuote\/swinka-peppa-tupotki-w-blocie-muddy-footsteps\/"},"modified":"2022-03-30T10:41:15","modified_gmt":"2022-03-30T07:41:15","slug":"swinka-peppa-tupotki-w-blocie-muddy-footsteps","status":"archive","type":"product","link":"https:\/\/games.tactic.net\/pl\/tuote\/swinka-peppa-tupotki-w-blocie-muddy-footsteps\/","title":{"rendered":"\u015awinka Peppa Tupotki w b\u0142ocie (Muddy Footsteps)"},"content":{"rendered":"<div>Co jest najlepsze w deszczowej pogodzie? Du\u017ce,<br \/>\nb\u0142otniste ka\u0142u\u017ce oczywi\u015bcie! Ka\u017cdy gracz odbija<br \/>\npi\u0142eczk\u0119 ze swoj\u0105 postaci\u0105 przez jak najwi\u0119ksz\u0105 liczb\u0119<br \/>\np\u00f3l w pude\u0142ku i zostawia za sob\u0105 b\u0142otniste \u015blady.<br \/>\nPierwsza osoba, kt\u00f3ra zostawi \u015blady w ca\u0142ym mie\u015bcie<br \/>\n\u2013 wygrywa! Baw si\u0119 ze \u015awink\u0105 Pepp\u0105 i rozwijaj<br \/>\nfunkcje motoryczne!<\/div>\n<div><\/div>\n","protected":false},"excerpt":{"rendered":"<div><b>Zostaw \u015blady z b\u0142otka na ca\u0142ej \u015bcie\u017cce, aby wygra\u0107. Odbijaj swoj\u0105 posta\u0107, aby wyl\u0105dowa\u0142a w pustym miejscu i zostaw tam \u017ceton.<\/b><\/div>\n","protected":false},"featured_media":0,"template":"","meta":{"content-type":"","_monsterinsights_skip_tracking":false,"_monsterinsights_sitenote_active":false,"_monsterinsights_sitenote_note":"","_monsterinsights_sitenote_category":0},"product_brand":[],"product_cat":[1796],"product_tag":[1230,1033],"brand":[],"target-group":[],"discontinued":[],"class_list":{"0":"post-150208","1":"product","2":"type-product","3":"status-archive","5":"product_cat-gry-planszowe-dla-dzieci","6":"product_tag-dzialanie-pl","7":"product_tag-losowosc","9":"first","10":"outofstock","11":"taxable","12":"shipping-taxable","13":"product-type-simple"},"aioseo_notices":[],"_links":{"self":[{"href":"https:\/\/games.tactic.net\/pl\/wp-json\/wp\/v2\/product\/150208","targetHints":{"allow":["GET"]}}],"collection":[{"href":"https:\/\/games.tactic.net\/pl\/wp-json\/wp\/v2\/product"}],"about":[{"href":"https:\/\/games.tactic.net\/pl\/wp-json\/wp\/v2\/types\/product"}],"wp:attachment":[{"href":"https:\/\/games.tactic.net\/pl\/wp-json\/wp\/v2\/media?parent=150208"}],"wp:term":[{"taxonomy":"product_brand","embeddable":true,"href":"https:\/\/games.tactic.net\/pl\/wp-json\/wp\/v2\/product_brand?post=150208"},{"taxonomy":"product_cat","embeddable":true,"href":"https:\/\/games.tactic.net\/pl\/wp-json\/wp\/v2\/product_cat?post=150208"},{"taxonomy":"product_tag","embeddable":true,"href":"https:\/\/games.tactic.net\/pl\/wp-json\/wp\/v2\/product_tag?post=150208"},{"taxonomy":"brand","embeddable":true,"href":"https:\/\/games.tactic.net\/pl\/wp-json\/wp\/v2\/brand?post=150208"},{"taxonomy":"target-group","embeddable":true,"href":"https:\/\/games.tactic.net\/pl\/wp-json\/wp\/v2\/target-group?post=150208"},{"taxonomy":"discontinued","embeddable":true,"href":"https:\/\/games.tactic.net\/pl\/wp-json\/wp\/v2\/discontinued?post=150208"}],"curies":[{"name":"wp","href":"https:\/\/api.w.org\/{rel}","templated":true}]}}