{"id":150151,"date":"2021-09-28T11:22:43","date_gmt":"2021-09-28T08:22:43","guid":{"rendered":"http:\/\/dev.tactic.net\/tuote\/lumo-stars-kwartet\/"},"modified":"2023-10-25T17:04:12","modified_gmt":"2023-10-25T14:04:12","slug":"lumo-stars-kwartet","status":"publish","type":"product","link":"https:\/\/games.tactic.net\/pl\/tuote\/lumo-stars-kwartet\/","title":{"rendered":"Lumo Stars Kwartet"},"content":{"rendered":"<p>Zbierz jak najwi\u0119cej zestaw\u00f3w czterech kart w tej niewielkiej grze karcianej Lumo Stars i wygraj! Karty zawieraj\u0105 urocze i kolorowe zdj\u0119cia postaci Lumo Stars. Ucz si\u0119 liczy\u0107 i rozpoznawa\u0107 kolory podczas gry!<br \/>\n\u2022 Karty s\u0105 oznaczone kolorami, wi\u0119c gracze nie musz\u0105 umie\u0107 czyta\u0107!<br \/>\n\u2022 Nawet najm\u0142odsi mog\u0105 gra\u0107!<br \/>\n\u2022 \u015awietny spos\u00f3b na nauk\u0119 liczb i kolor\u00f3w.<br \/>\nZawarto\u015b\u0107: 32 karty (8 kwartet\u00f3w), instrukcja.<br \/>\nGra dla 2-4 graczy w wieku 4+.<\/p>\n","protected":false},"excerpt":{"rendered":"<p>Zbierz jak najwi\u0119cej kwartet\u00f3w w tej czaruj\u0105cej grze Lumo Stars i wygraj! Karty s\u0105 pe\u0142ne uroczych i kolorowych zdj\u0119\u0107 twoich ulubionych postaci Lumo Stars. Naucz si\u0119 rozpoznawa\u0107 kolory i liczy\u0107 w trakcie gry!<\/p>\n","protected":false},"featured_media":0,"template":"","meta":{"content-type":"","_monsterinsights_skip_tracking":false,"_monsterinsights_sitenote_active":false,"_monsterinsights_sitenote_note":"","_monsterinsights_sitenote_category":0},"product_brand":[],"product_cat":[1796,1781],"product_tag":[1260,1234],"brand":[{"id":1023,"name":"Lumo Stars","slug":"lumo-stars_pl"}],"target-group":[],"discontinued":[],"class_list":{"0":"post-150151","1":"product","2":"type-product","3":"status-publish","5":"product_cat-gry-planszowe-dla-dzieci","6":"product_cat-inne","7":"product_tag-lumo-stars-pl","8":"product_tag-laczenie-pl","9":"brand-lumo-stars_pl","11":"first","12":"instock","13":"taxable","14":"shipping-taxable","15":"product-type-simple"},"aioseo_notices":[],"_links":{"self":[{"href":"https:\/\/games.tactic.net\/pl\/wp-json\/wp\/v2\/product\/150151","targetHints":{"allow":["GET"]}}],"collection":[{"href":"https:\/\/games.tactic.net\/pl\/wp-json\/wp\/v2\/product"}],"about":[{"href":"https:\/\/games.tactic.net\/pl\/wp-json\/wp\/v2\/types\/product"}],"wp:attachment":[{"href":"https:\/\/games.tactic.net\/pl\/wp-json\/wp\/v2\/media?parent=150151"}],"wp:term":[{"taxonomy":"product_brand","embeddable":true,"href":"https:\/\/games.tactic.net\/pl\/wp-json\/wp\/v2\/product_brand?post=150151"},{"taxonomy":"product_cat","embeddable":true,"href":"https:\/\/games.tactic.net\/pl\/wp-json\/wp\/v2\/product_cat?post=150151"},{"taxonomy":"product_tag","embeddable":true,"href":"https:\/\/games.tactic.net\/pl\/wp-json\/wp\/v2\/product_tag?post=150151"},{"taxonomy":"brand","embeddable":true,"href":"https:\/\/games.tactic.net\/pl\/wp-json\/wp\/v2\/brand?post=150151"},{"taxonomy":"target-group","embeddable":true,"href":"https:\/\/games.tactic.net\/pl\/wp-json\/wp\/v2\/target-group?post=150151"},{"taxonomy":"discontinued","embeddable":true,"href":"https:\/\/games.tactic.net\/pl\/wp-json\/wp\/v2\/discontinued?post=150151"}],"curies":[{"name":"wp","href":"https:\/\/api.w.org\/{rel}","templated":true}]}}