{"id":150122,"date":"2021-09-28T11:20:01","date_gmt":"2021-09-28T08:20:01","guid":{"rendered":"http:\/\/dev.tactic.net\/tuote\/lumo-starsmemorize\/"},"modified":"2023-10-25T13:38:29","modified_gmt":"2023-10-25T10:38:29","slug":"lumo-starsmemorize","status":"publish","type":"product","link":"https:\/\/games.tactic.net\/pl\/tuote\/lumo-starsmemorize\/","title":{"rendered":"Lumo Stars Memorize"},"content":{"rendered":"<p>Roz\u0142\u00f3\u017c karty na stole i w swojej kolejce odwr\u00f3\u0107 dwie z nich. Je\u015bli s\u0105 identyczne, mo\u017cesz je zabra\u0107. Kto zbierze najwi\u0119cej par, wygrywa!<\/p>\n","protected":false},"excerpt":{"rendered":"<p>Roz\u0142\u00f3\u017c karty na stole i w swojej kolejce odwr\u00f3\u0107 dwie z nich. Je\u015bli s\u0105 identyczne, mo\u017cesz je zabra\u0107. Kto zbierze najwi\u0119cej par, wygrywa!<\/p>\n","protected":false},"featured_media":0,"template":"","meta":{"content-type":"","_monsterinsights_skip_tracking":false,"_monsterinsights_sitenote_active":false,"_monsterinsights_sitenote_note":"","_monsterinsights_sitenote_category":0},"product_brand":[],"product_cat":[1780,1781],"product_tag":[491,346],"brand":[{"id":1023,"name":"Lumo Stars","slug":"lumo-stars_pl"}],"target-group":[],"discontinued":[],"class_list":{"0":"post-150122","1":"product","2":"type-product","3":"status-publish","5":"product_cat-gry-pamieciowe","6":"product_cat-inne","7":"product_tag-lumo-stars","8":"product_tag-laczenie","9":"brand-lumo-stars_pl","11":"first","12":"instock","13":"taxable","14":"shipping-taxable","15":"product-type-simple"},"aioseo_notices":[],"_links":{"self":[{"href":"https:\/\/games.tactic.net\/pl\/wp-json\/wp\/v2\/product\/150122","targetHints":{"allow":["GET"]}}],"collection":[{"href":"https:\/\/games.tactic.net\/pl\/wp-json\/wp\/v2\/product"}],"about":[{"href":"https:\/\/games.tactic.net\/pl\/wp-json\/wp\/v2\/types\/product"}],"wp:attachment":[{"href":"https:\/\/games.tactic.net\/pl\/wp-json\/wp\/v2\/media?parent=150122"}],"wp:term":[{"taxonomy":"product_brand","embeddable":true,"href":"https:\/\/games.tactic.net\/pl\/wp-json\/wp\/v2\/product_brand?post=150122"},{"taxonomy":"product_cat","embeddable":true,"href":"https:\/\/games.tactic.net\/pl\/wp-json\/wp\/v2\/product_cat?post=150122"},{"taxonomy":"product_tag","embeddable":true,"href":"https:\/\/games.tactic.net\/pl\/wp-json\/wp\/v2\/product_tag?post=150122"},{"taxonomy":"brand","embeddable":true,"href":"https:\/\/games.tactic.net\/pl\/wp-json\/wp\/v2\/brand?post=150122"},{"taxonomy":"target-group","embeddable":true,"href":"https:\/\/games.tactic.net\/pl\/wp-json\/wp\/v2\/target-group?post=150122"},{"taxonomy":"discontinued","embeddable":true,"href":"https:\/\/games.tactic.net\/pl\/wp-json\/wp\/v2\/discontinued?post=150122"}],"curies":[{"name":"wp","href":"https:\/\/api.w.org\/{rel}","templated":true}]}}