{"id":150107,"date":"2021-09-28T11:18:00","date_gmt":"2021-09-28T08:18:00","guid":{"rendered":"http:\/\/dev.tactic.net\/tuote\/lumo-3-w-1-memorize-loto-domino\/"},"modified":"2023-10-25T14:46:35","modified_gmt":"2023-10-25T11:46:35","slug":"lumo-3-w-1-memorize-loto-domino","status":"publish","type":"product","link":"https:\/\/games.tactic.net\/pl\/tuote\/lumo-3-w-1-memorize-loto-domino\/","title":{"rendered":"Lumo Stars 3 in 1 Memo, Lotto, Domino"},"content":{"rendered":"<p>Trzy klasyczne i czaruj\u0105ce gry w jednym pude\u0142ku: Memorize, Lotto i Domino. Zbierz jak najwi\u0119cej par kafelk\u00f3w (Memo), znajd\u017a kafelki pasuj\u0105ce do obrazk\u00f3w na tablicy (Lotto) i buduj d\u0142ugie linie z kafelkami (Domino).<br \/>\n\u2022 Pi\u0119kne ilustracje Lumo Stars pe\u0142ne nordyckiej magii!<br \/>\n\u2022 Trwa\u0142e i wysokiej jako\u015bci p\u0142ytki.<br \/>\nZawarto\u015b\u0107: 4 plansze z obrazkami, 72 kafelki do gier Lotto i Memo, 36 kafelk\u00f3w do gry Domino, instrukcja.<br \/>\nGra dla 2-4 graczy w wieku 4+.<\/p>\n","protected":false},"excerpt":{"rendered":"<p>Trzy klasyczne i czaruj\u0105ce gry w jednym pude\u0142ku: Memo, Lotto i Domino. Zbierz jak najwi\u0119cej par kafelk\u00f3w (Memo), znajd\u017a kafelki pasuj\u0105ce do obrazk\u00f3w na tablicy (Lotto) i buduj d\u0142ugie linie z kafelkami (Domino).<\/p>\n","protected":false},"featured_media":0,"template":"","meta":{"content-type":"","_monsterinsights_skip_tracking":false,"_monsterinsights_sitenote_active":false,"_monsterinsights_sitenote_note":"","_monsterinsights_sitenote_category":0},"product_brand":[],"product_cat":[1780,1781],"product_tag":[1033,491,346],"brand":[{"id":1023,"name":"Lumo Stars","slug":"lumo-stars_pl"}],"target-group":[],"discontinued":[],"class_list":{"0":"post-150107","1":"product","2":"type-product","3":"status-publish","5":"product_cat-gry-pamieciowe","6":"product_cat-inne","7":"product_tag-losowosc","8":"product_tag-lumo-stars","9":"product_tag-laczenie","10":"brand-lumo-stars_pl","12":"first","13":"instock","14":"taxable","15":"shipping-taxable","16":"product-type-simple"},"aioseo_notices":[],"_links":{"self":[{"href":"https:\/\/games.tactic.net\/pl\/wp-json\/wp\/v2\/product\/150107","targetHints":{"allow":["GET"]}}],"collection":[{"href":"https:\/\/games.tactic.net\/pl\/wp-json\/wp\/v2\/product"}],"about":[{"href":"https:\/\/games.tactic.net\/pl\/wp-json\/wp\/v2\/types\/product"}],"wp:attachment":[{"href":"https:\/\/games.tactic.net\/pl\/wp-json\/wp\/v2\/media?parent=150107"}],"wp:term":[{"taxonomy":"product_brand","embeddable":true,"href":"https:\/\/games.tactic.net\/pl\/wp-json\/wp\/v2\/product_brand?post=150107"},{"taxonomy":"product_cat","embeddable":true,"href":"https:\/\/games.tactic.net\/pl\/wp-json\/wp\/v2\/product_cat?post=150107"},{"taxonomy":"product_tag","embeddable":true,"href":"https:\/\/games.tactic.net\/pl\/wp-json\/wp\/v2\/product_tag?post=150107"},{"taxonomy":"brand","embeddable":true,"href":"https:\/\/games.tactic.net\/pl\/wp-json\/wp\/v2\/brand?post=150107"},{"taxonomy":"target-group","embeddable":true,"href":"https:\/\/games.tactic.net\/pl\/wp-json\/wp\/v2\/target-group?post=150107"},{"taxonomy":"discontinued","embeddable":true,"href":"https:\/\/games.tactic.net\/pl\/wp-json\/wp\/v2\/discontinued?post=150107"}],"curies":[{"name":"wp","href":"https:\/\/api.w.org\/{rel}","templated":true}]}}