{"id":149737,"date":"2021-09-28T11:06:35","date_gmt":"2021-09-28T08:06:35","guid":{"rendered":"http:\/\/dev.tactic.net\/tuote\/moj-pierwszy-quiz\/"},"modified":"2023-10-17T19:21:43","modified_gmt":"2023-10-17T16:21:43","slug":"moj-pierwszy-quiz","status":"archive","type":"product","link":"https:\/\/games.tactic.net\/pl\/tuote\/moj-pierwszy-quiz\/","title":{"rendered":"Uczmy si\u0119: M\u00f3j Pierwszy Quiz"},"content":{"rendered":"<p>\u015awiat jest pe\u0142en zabawy i fascynuj\u0105cych zjawisk, kt\u00f3re dzieci uwielbiaj\u0105 odkrywa\u0107 z ka\u017cdej mo\u017cliwej strony. W tej uroczej grze naucz\u0105 si\u0119 te\u017c wyja\u015bnia\u0107 swoje obserwacje. Pytania na kartach zach\u0119caj\u0105 graczy do opisywania i zastanawiania si\u0119 zar\u00f3wno nad nowymi, jak i bardziej znanymi zjawiskami pod okiem doros\u0142ego.<\/p>\n","protected":false},"excerpt":{"rendered":"<p>M\u00f3j Pierwszy Quiz to gra, kt\u00f3ra pozwoli dzieciom pu\u015bci\u0107 wodze fantazji, rozbudzi\u0107 kreatywno\u015b\u0107 i wykaza\u0107 si\u0119 swoj\u0105 wiedz\u0105! Na najm\u0142odszych czekaj\u0105 zadania otwarte i z podanymi odpowiedziami, dzi\u0119ki kt\u00f3rym bawi\u0105c si\u0119, naucz\u0105 si\u0119 nowych rzeczy o \u015bwiecie!<\/p>\n","protected":false},"featured_media":0,"template":"","meta":{"content-type":"","_monsterinsights_skip_tracking":false,"_monsterinsights_sitenote_active":false,"_monsterinsights_sitenote_note":"","_monsterinsights_sitenote_category":0},"product_brand":[],"product_cat":[1819],"product_tag":[1000,1277],"brand":[{"id":869,"name":"Let's Learn","slug":"letslearn-pl"}],"target-group":[],"discontinued":[],"class_list":{"0":"post-149737","1":"product","2":"type-product","3":"status-archive","5":"product_cat-gry-edukacyjne","6":"product_tag-edukacyjny","7":"product_tag-wiedza","8":"brand-letslearn-pl","10":"first","11":"outofstock","12":"taxable","13":"shipping-taxable","14":"product-type-simple"},"aioseo_notices":[],"_links":{"self":[{"href":"https:\/\/games.tactic.net\/pl\/wp-json\/wp\/v2\/product\/149737","targetHints":{"allow":["GET"]}}],"collection":[{"href":"https:\/\/games.tactic.net\/pl\/wp-json\/wp\/v2\/product"}],"about":[{"href":"https:\/\/games.tactic.net\/pl\/wp-json\/wp\/v2\/types\/product"}],"wp:attachment":[{"href":"https:\/\/games.tactic.net\/pl\/wp-json\/wp\/v2\/media?parent=149737"}],"wp:term":[{"taxonomy":"product_brand","embeddable":true,"href":"https:\/\/games.tactic.net\/pl\/wp-json\/wp\/v2\/product_brand?post=149737"},{"taxonomy":"product_cat","embeddable":true,"href":"https:\/\/games.tactic.net\/pl\/wp-json\/wp\/v2\/product_cat?post=149737"},{"taxonomy":"product_tag","embeddable":true,"href":"https:\/\/games.tactic.net\/pl\/wp-json\/wp\/v2\/product_tag?post=149737"},{"taxonomy":"brand","embeddable":true,"href":"https:\/\/games.tactic.net\/pl\/wp-json\/wp\/v2\/brand?post=149737"},{"taxonomy":"target-group","embeddable":true,"href":"https:\/\/games.tactic.net\/pl\/wp-json\/wp\/v2\/target-group?post=149737"},{"taxonomy":"discontinued","embeddable":true,"href":"https:\/\/games.tactic.net\/pl\/wp-json\/wp\/v2\/discontinued?post=149737"}],"curies":[{"name":"wp","href":"https:\/\/api.w.org\/{rel}","templated":true}]}}