{"id":149594,"date":"2021-09-28T11:04:17","date_gmt":"2021-09-28T08:04:17","guid":{"rendered":"http:\/\/dev.tactic.net\/tuote\/lets-learn-skills\/"},"modified":"2022-05-24T12:39:37","modified_gmt":"2022-05-24T09:39:37","slug":"lets-learn-skills","status":"publish","type":"product","link":"https:\/\/games.tactic.net\/pl\/tuote\/lets-learn-skills\/","title":{"rendered":"Uczmy si\u0119: UMIEJ\u0118TNO\u015aCI"},"content":{"rendered":"<p>Czasem najlepszym sposobem na nauczenie si\u0119<br \/>\nnowych umiej\u0119tno\u015bci jest zabawa! Ta gra pe\u0142na jest<br \/>\nzabawnych zada\u0144, kt\u00f3re nie tylko rozruszaj\u0105 mi\u0119\u015bnie<br \/>\ni szare kom\u00f3rki \u2013 pomog\u0105 te\u017c dzieciom w nabyciu<br \/>\nnowych umiej\u0119tno\u015bci. Poka\u017c wszystkim, co ju\u017c umiesz<br \/>\ni ucz si\u0119 dalej!<\/p>\n","protected":false},"excerpt":{"rendered":"<p>Czasem najlepszym sposobem na nauczenie si\u0119 nowych umiej\u0119tno\u015bci jest zabawa! Ta gra pe\u0142na jest zabawnych zada\u0144, kt\u00f3re nie tylko rozruszaj\u0105 mi\u0119\u015bnie i szare kom\u00f3rki \u2013 pomog\u0105 te\u017c dzieciom w nabyciu nowych umiej\u0119tno\u015bci. Poka\u017c wszystkim, co ju\u017c umiesz i ucz si\u0119 dalej!<\/p>\n","protected":false},"featured_media":0,"template":"","meta":{"content-type":"","_monsterinsights_skip_tracking":false,"_monsterinsights_sitenote_active":false,"_monsterinsights_sitenote_note":"","_monsterinsights_sitenote_category":0},"product_brand":[],"product_cat":[1819],"product_tag":[1230,1000],"brand":[{"id":869,"name":"Let's Learn","slug":"letslearn-pl"}],"target-group":[],"discontinued":[],"class_list":{"0":"post-149594","1":"product","2":"type-product","3":"status-publish","5":"product_cat-gry-edukacyjne","6":"product_tag-dzialanie-pl","7":"product_tag-edukacyjny","8":"brand-letslearn-pl","10":"first","11":"outofstock","12":"taxable","13":"shipping-taxable","14":"product-type-simple"},"aioseo_notices":[],"_links":{"self":[{"href":"https:\/\/games.tactic.net\/pl\/wp-json\/wp\/v2\/product\/149594","targetHints":{"allow":["GET"]}}],"collection":[{"href":"https:\/\/games.tactic.net\/pl\/wp-json\/wp\/v2\/product"}],"about":[{"href":"https:\/\/games.tactic.net\/pl\/wp-json\/wp\/v2\/types\/product"}],"wp:attachment":[{"href":"https:\/\/games.tactic.net\/pl\/wp-json\/wp\/v2\/media?parent=149594"}],"wp:term":[{"taxonomy":"product_brand","embeddable":true,"href":"https:\/\/games.tactic.net\/pl\/wp-json\/wp\/v2\/product_brand?post=149594"},{"taxonomy":"product_cat","embeddable":true,"href":"https:\/\/games.tactic.net\/pl\/wp-json\/wp\/v2\/product_cat?post=149594"},{"taxonomy":"product_tag","embeddable":true,"href":"https:\/\/games.tactic.net\/pl\/wp-json\/wp\/v2\/product_tag?post=149594"},{"taxonomy":"brand","embeddable":true,"href":"https:\/\/games.tactic.net\/pl\/wp-json\/wp\/v2\/brand?post=149594"},{"taxonomy":"target-group","embeddable":true,"href":"https:\/\/games.tactic.net\/pl\/wp-json\/wp\/v2\/target-group?post=149594"},{"taxonomy":"discontinued","embeddable":true,"href":"https:\/\/games.tactic.net\/pl\/wp-json\/wp\/v2\/discontinued?post=149594"}],"curies":[{"name":"wp","href":"https:\/\/api.w.org\/{rel}","templated":true}]}}