{"id":149478,"date":"2021-09-28T10:59:45","date_gmt":"2021-09-28T07:59:45","guid":{"rendered":"http:\/\/dev.tactic.net\/tuote\/uczmy-sie-angielski\/"},"modified":"2023-09-27T12:37:18","modified_gmt":"2023-09-27T09:37:18","slug":"uczmy-sie-angielski","status":"publish","type":"product","link":"https:\/\/games.tactic.net\/pl\/tuote\/uczmy-sie-angielski\/","title":{"rendered":"Tactic Let\u00b4s learn English"},"content":{"rendered":"<p>Doskona\u0142y spos\u00f3b na nauk\u0119 podstawowych s\u0142\u00f3w! Nauka j\u0119zyk\u00f3w obcych zapewnia dzieciom dost\u0119p do ca\u0142ego \u015bwiata i pozwala im odkrywa\u0107 r\u00f3\u017cne kultury. Roz\u0142\u00f3\u017ccie kafelki z obrazkami przed sob\u0105 i pozw\u00f3lcie dziecku wybra\u0107 ten, kt\u00f3rym chce si\u0119 zaj\u0105\u0107! Ka\u017cdy kafelek zawiera osiem s\u0142\u00f3w w dw\u00f3ch j\u0119zykach, dzi\u0119ki czemu dziecko p\u0142ynnie przechodzi od jednego j\u0119zyka do drugiego, poszerzaj\u0105c swoje s\u0142ownictwo!<br \/>\nZawarto\u015b\u0107: 24 du\u017ce kafelki z obrazkami i z 8 s\u0142owami na ka\u017cdym; instrukcja.<br \/>\nGra dla 1-4 graczy w wieku 5+.<\/p>\n","protected":false},"excerpt":{"rendered":"<p>Doskona\u0142y spos\u00f3b na nauk\u0119 podstawowych s\u0142\u00f3w! Nauka j\u0119zyk\u00f3w obcych zapewnia dzieciom dost\u0119p do ca\u0142ego \u015bwiata i pozwala im odkrywa\u0107 r\u00f3\u017cne kultury. Roz\u0142\u00f3\u017ccie kafelki z obrazkami przed sob\u0105 i pozw\u00f3lcie dziecku wybra\u0107 ten, kt\u00f3rym chce si\u0119 zaj\u0105\u0107! Ka\u017cdy kafelek zawiera osiem s\u0142\u00f3w w dw\u00f3ch j\u0119zykach, dzi\u0119ki czemu dziecko p\u0142ynnie przechodzi od jednego j\u0119zyka do drugiego, poszerzaj\u0105c [&hellip;]<\/p>\n","protected":false},"featured_media":0,"template":"","meta":{"content-type":"","_monsterinsights_skip_tracking":false,"_monsterinsights_sitenote_active":false,"_monsterinsights_sitenote_note":"","_monsterinsights_sitenote_category":0},"product_brand":[],"product_cat":[1819],"product_tag":[1000,1276],"brand":[{"id":869,"name":"Let's Learn","slug":"letslearn-pl"}],"target-group":[],"discontinued":[],"class_list":{"0":"post-149478","1":"product","2":"type-product","3":"status-publish","5":"product_cat-gry-edukacyjne","6":"product_tag-edukacyjny","7":"product_tag-objasnianie-swiata","8":"brand-letslearn-pl","10":"first","11":"instock","12":"taxable","13":"shipping-taxable","14":"product-type-simple"},"aioseo_notices":[],"_links":{"self":[{"href":"https:\/\/games.tactic.net\/pl\/wp-json\/wp\/v2\/product\/149478","targetHints":{"allow":["GET"]}}],"collection":[{"href":"https:\/\/games.tactic.net\/pl\/wp-json\/wp\/v2\/product"}],"about":[{"href":"https:\/\/games.tactic.net\/pl\/wp-json\/wp\/v2\/types\/product"}],"wp:attachment":[{"href":"https:\/\/games.tactic.net\/pl\/wp-json\/wp\/v2\/media?parent=149478"}],"wp:term":[{"taxonomy":"product_brand","embeddable":true,"href":"https:\/\/games.tactic.net\/pl\/wp-json\/wp\/v2\/product_brand?post=149478"},{"taxonomy":"product_cat","embeddable":true,"href":"https:\/\/games.tactic.net\/pl\/wp-json\/wp\/v2\/product_cat?post=149478"},{"taxonomy":"product_tag","embeddable":true,"href":"https:\/\/games.tactic.net\/pl\/wp-json\/wp\/v2\/product_tag?post=149478"},{"taxonomy":"brand","embeddable":true,"href":"https:\/\/games.tactic.net\/pl\/wp-json\/wp\/v2\/brand?post=149478"},{"taxonomy":"target-group","embeddable":true,"href":"https:\/\/games.tactic.net\/pl\/wp-json\/wp\/v2\/target-group?post=149478"},{"taxonomy":"discontinued","embeddable":true,"href":"https:\/\/games.tactic.net\/pl\/wp-json\/wp\/v2\/discontinued?post=149478"}],"curies":[{"name":"wp","href":"https:\/\/api.w.org\/{rel}","templated":true}]}}