{"id":149378,"date":"2021-09-28T10:54:12","date_gmt":"2021-09-28T07:54:12","guid":{"rendered":"http:\/\/dev.tactic.net\/tuote\/uczmy-siekolory-i-ksztalty\/"},"modified":"2023-10-17T19:10:02","modified_gmt":"2023-10-17T16:10:02","slug":"uczmy-siekolory-i-ksztalty","status":"publish","type":"product","link":"https:\/\/games.tactic.net\/pl\/tuote\/uczmy-siekolory-i-ksztalty\/","title":{"rendered":"Tactic Let\u00b4s learn Colours &#038; shapes"},"content":{"rendered":"<p>Gra rozwijaj\u0105ca koordynacj\u0119 wzrokowo-ruchow\u0105! Zanurz si\u0119 w ol\u015bniewaj\u0105cym \u015bwiecie barw i kszta\u0142t\u00f3w i naucz si\u0119 je rozpoznawa\u0107! Odkrywanie kolor\u00f3w i kszta\u0142t\u00f3w rozbudza naturaln\u0105 ciekawo\u015b\u0107 u dzieci i za ka\u017cdym razem jest zajmuj\u0105c\u0105 aktywno\u015bci\u0105.<br \/>\nZawarto\u015b\u0107: 4 plansze graczy, 16 kafelk\u00f3w kszta\u0142t\u00f3w, 1 worek.<br \/>\nGra dla 2-4 graczy w wieku 3+.<\/p>\n","protected":false},"excerpt":{"rendered":"<p>Gra rozwijaj\u0105ca koordynacj\u0119 wzrokowo-ruchow\u0105! Zanurz si\u0119 w ol\u015bniewaj\u0105cym \u015bwiecie barw i kszta\u0142t\u00f3w i naucz si\u0119 je rozpoznawa\u0107! Odkrywanie kolor\u00f3w i kszta\u0142t\u00f3w rozbudza naturaln\u0105 ciekawo\u015b\u0107 u dzieci i za ka\u017cdym razem jest zajmuj\u0105c\u0105 aktywno\u015bci\u0105. Zawarto\u015b\u0107: 4 plansze graczy, 16 kafelk\u00f3w kszta\u0142t\u00f3w, 1 worek. Gra dla 2-4 graczy w wieku 3+.<\/p>\n","protected":false},"featured_media":0,"template":"","meta":{"content-type":"","_monsterinsights_skip_tracking":false,"_monsterinsights_sitenote_active":false,"_monsterinsights_sitenote_note":"","_monsterinsights_sitenote_category":0},"product_brand":[],"product_cat":[1819],"product_tag":[1000,1234],"brand":[{"id":869,"name":"Let's Learn","slug":"letslearn-pl"}],"target-group":[],"discontinued":[],"class_list":{"0":"post-149378","1":"product","2":"type-product","3":"status-publish","5":"product_cat-gry-edukacyjne","6":"product_tag-edukacyjny","7":"product_tag-laczenie-pl","8":"brand-letslearn-pl","10":"first","11":"outofstock","12":"taxable","13":"shipping-taxable","14":"product-type-simple"},"aioseo_notices":[],"_links":{"self":[{"href":"https:\/\/games.tactic.net\/pl\/wp-json\/wp\/v2\/product\/149378","targetHints":{"allow":["GET"]}}],"collection":[{"href":"https:\/\/games.tactic.net\/pl\/wp-json\/wp\/v2\/product"}],"about":[{"href":"https:\/\/games.tactic.net\/pl\/wp-json\/wp\/v2\/types\/product"}],"wp:attachment":[{"href":"https:\/\/games.tactic.net\/pl\/wp-json\/wp\/v2\/media?parent=149378"}],"wp:term":[{"taxonomy":"product_brand","embeddable":true,"href":"https:\/\/games.tactic.net\/pl\/wp-json\/wp\/v2\/product_brand?post=149378"},{"taxonomy":"product_cat","embeddable":true,"href":"https:\/\/games.tactic.net\/pl\/wp-json\/wp\/v2\/product_cat?post=149378"},{"taxonomy":"product_tag","embeddable":true,"href":"https:\/\/games.tactic.net\/pl\/wp-json\/wp\/v2\/product_tag?post=149378"},{"taxonomy":"brand","embeddable":true,"href":"https:\/\/games.tactic.net\/pl\/wp-json\/wp\/v2\/brand?post=149378"},{"taxonomy":"target-group","embeddable":true,"href":"https:\/\/games.tactic.net\/pl\/wp-json\/wp\/v2\/target-group?post=149378"},{"taxonomy":"discontinued","embeddable":true,"href":"https:\/\/games.tactic.net\/pl\/wp-json\/wp\/v2\/discontinued?post=149378"}],"curies":[{"name":"wp","href":"https:\/\/api.w.org\/{rel}","templated":true}]}}