{"id":149220,"date":"2021-09-28T10:52:04","date_gmt":"2021-09-28T07:52:04","guid":{"rendered":"http:\/\/dev.tactic.net\/tuote\/uczmy-sie-liczby\/"},"modified":"2023-10-17T19:12:44","modified_gmt":"2023-10-17T16:12:44","slug":"uczmy-sie-liczby","status":"publish","type":"product","link":"https:\/\/games.tactic.net\/pl\/tuote\/uczmy-sie-liczby\/","title":{"rendered":"Tactic Let\u00b4s learn Numbers"},"content":{"rendered":"<p>Doskona\u0142a gra rozwijaj\u0105ca zdolno\u015b\u0107 logicznego my\u015blenia! Przemi\u0142a i prosta gra dla dzieci, kt\u00f3re chc\u0105 pozna\u0107 liczby i nauczy\u0107 si\u0119 liczy\u0107. Poznawanie liczb rozbudza naturaln\u0105 ciekawo\u015b\u0107 dziecka i za ka\u017cdym razem jest zajmuj\u0105c\u0105 aktywno\u015bci\u0105.<br \/>\nZawarto\u015b\u0107: 8 ramek z wyjmowanymi kafelkami (obrazki\/liczby na jednej stronie, element uk\u0142adanki na drugiej), 4 dwustronne plansze (odpowiedzi do zada\u0144), 1 p\u0142\u00f3cienny worek.<br \/>\nGra dla 1+ graczy w wieku 4+.<\/p>\n","protected":false},"excerpt":{"rendered":"<p>Doskona\u0142a gra rozwijaj\u0105ca zdolno\u015b\u0107 logicznego my\u015blenia! Przemi\u0142a i prosta gra dla dzieci, kt\u00f3re chc\u0105 pozna\u0107 liczby i nauczy\u0107 si\u0119 liczy\u0107. Poznawanie liczb rozbudza naturaln\u0105 ciekawo\u015b\u0107 dziecka i za ka\u017cdym razem jest zajmuj\u0105c\u0105 aktywno\u015bci\u0105. Zawarto\u015b\u0107: 8 ramek z wyjmowanymi kafelkami (obrazki\/liczby na jednej stronie, element uk\u0142adanki na drugiej), 4 dwustronne plansze (odpowiedzi do zada\u0144), 1 p\u0142\u00f3cienny [&hellip;]<\/p>\n","protected":false},"featured_media":0,"template":"","meta":{"content-type":"","_monsterinsights_skip_tracking":false,"_monsterinsights_sitenote_active":false,"_monsterinsights_sitenote_note":"","_monsterinsights_sitenote_category":0},"product_brand":[],"product_cat":[1819],"product_tag":[1000,1234],"brand":[{"id":869,"name":"Let's Learn","slug":"letslearn-pl"}],"target-group":[],"discontinued":[],"class_list":{"0":"post-149220","1":"product","2":"type-product","3":"status-publish","5":"product_cat-gry-edukacyjne","6":"product_tag-edukacyjny","7":"product_tag-laczenie-pl","8":"brand-letslearn-pl","10":"first","11":"outofstock","12":"taxable","13":"shipping-taxable","14":"product-type-simple"},"aioseo_notices":[],"_links":{"self":[{"href":"https:\/\/games.tactic.net\/pl\/wp-json\/wp\/v2\/product\/149220","targetHints":{"allow":["GET"]}}],"collection":[{"href":"https:\/\/games.tactic.net\/pl\/wp-json\/wp\/v2\/product"}],"about":[{"href":"https:\/\/games.tactic.net\/pl\/wp-json\/wp\/v2\/types\/product"}],"wp:attachment":[{"href":"https:\/\/games.tactic.net\/pl\/wp-json\/wp\/v2\/media?parent=149220"}],"wp:term":[{"taxonomy":"product_brand","embeddable":true,"href":"https:\/\/games.tactic.net\/pl\/wp-json\/wp\/v2\/product_brand?post=149220"},{"taxonomy":"product_cat","embeddable":true,"href":"https:\/\/games.tactic.net\/pl\/wp-json\/wp\/v2\/product_cat?post=149220"},{"taxonomy":"product_tag","embeddable":true,"href":"https:\/\/games.tactic.net\/pl\/wp-json\/wp\/v2\/product_tag?post=149220"},{"taxonomy":"brand","embeddable":true,"href":"https:\/\/games.tactic.net\/pl\/wp-json\/wp\/v2\/brand?post=149220"},{"taxonomy":"target-group","embeddable":true,"href":"https:\/\/games.tactic.net\/pl\/wp-json\/wp\/v2\/target-group?post=149220"},{"taxonomy":"discontinued","embeddable":true,"href":"https:\/\/games.tactic.net\/pl\/wp-json\/wp\/v2\/discontinued?post=149220"}],"curies":[{"name":"wp","href":"https:\/\/api.w.org\/{rel}","templated":true}]}}