{"id":149048,"date":"2021-09-28T10:49:13","date_gmt":"2021-09-28T07:49:13","guid":{"rendered":"http:\/\/dev.tactic.net\/tuote\/lets-learn-letters-and-words\/"},"modified":"2023-10-17T19:11:58","modified_gmt":"2023-10-17T16:11:58","slug":"lets-learn-letters-and-words","status":"publish","type":"product","link":"https:\/\/games.tactic.net\/pl\/tuote\/lets-learn-letters-and-words\/","title":{"rendered":"Tactic Let\u00b4s learn Letters and words"},"content":{"rendered":"<p>Te cztery zabawne gry s\u0142owne pomog\u0105 dzieciom nauczy\u0107 si\u0119 czyta\u0107 i pisa\u0107! To \u0142atwe jak ABECAD\u0141O! Plansze z literami pozwalaj\u0105 dzieciom na uk\u0142adanie s\u0142\u00f3w i stopniowe przechodzenie do zada\u0144 o wi\u0119kszej trudno\u015bci. Pozosta\u0142e minigry zach\u0119caj\u0105 graczy do wykorzystania sprytu na wiele r\u00f3\u017cnych sposob\u00f3w. Poznawanie liter i s\u0142\u00f3w rozbudza naturaln\u0105 ciekawo\u015b\u0107 u dzieci i za ka\u017cdym razem jest zajmuj\u0105cym zaj\u0119ciem.<\/p>\n","protected":false},"excerpt":{"rendered":"<p>Te cztery zabawne gry s\u0142owne pomog\u0105 dzieciom nauczy\u0107 si\u0119 czyta\u0107 i pisa\u0107! To \u0142atwe jak ABECAD\u0141O! Plansze z literami pozwalaj\u0105 dzieciom na uk\u0142adanie s\u0142\u00f3w i stopniowe przechodzenie do zada\u0144 o wi\u0119kszej trudno\u015bci. Pozosta\u0142e minigry zach\u0119caj\u0105 graczy do wykorzystania sprytu na wiele r\u00f3\u017cnych sposob\u00f3w. Poznawanie liter i s\u0142\u00f3w rozbudza naturaln\u0105 ciekawo\u015b\u0107 u dzieci i za ka\u017cdym [&hellip;]<\/p>\n","protected":false},"featured_media":0,"template":"","meta":{"content-type":"","_monsterinsights_skip_tracking":false,"_monsterinsights_sitenote_active":false,"_monsterinsights_sitenote_note":"","_monsterinsights_sitenote_category":0},"product_brand":[],"product_cat":[1819],"product_tag":[1000,1234],"brand":[{"id":869,"name":"Let's Learn","slug":"letslearn-pl"}],"target-group":[],"discontinued":[],"class_list":{"0":"post-149048","1":"product","2":"type-product","3":"status-publish","5":"product_cat-gry-edukacyjne","6":"product_tag-edukacyjny","7":"product_tag-laczenie-pl","8":"brand-letslearn-pl","10":"first","11":"outofstock","12":"taxable","13":"shipping-taxable","14":"product-type-simple"},"aioseo_notices":[],"_links":{"self":[{"href":"https:\/\/games.tactic.net\/pl\/wp-json\/wp\/v2\/product\/149048","targetHints":{"allow":["GET"]}}],"collection":[{"href":"https:\/\/games.tactic.net\/pl\/wp-json\/wp\/v2\/product"}],"about":[{"href":"https:\/\/games.tactic.net\/pl\/wp-json\/wp\/v2\/types\/product"}],"wp:attachment":[{"href":"https:\/\/games.tactic.net\/pl\/wp-json\/wp\/v2\/media?parent=149048"}],"wp:term":[{"taxonomy":"product_brand","embeddable":true,"href":"https:\/\/games.tactic.net\/pl\/wp-json\/wp\/v2\/product_brand?post=149048"},{"taxonomy":"product_cat","embeddable":true,"href":"https:\/\/games.tactic.net\/pl\/wp-json\/wp\/v2\/product_cat?post=149048"},{"taxonomy":"product_tag","embeddable":true,"href":"https:\/\/games.tactic.net\/pl\/wp-json\/wp\/v2\/product_tag?post=149048"},{"taxonomy":"brand","embeddable":true,"href":"https:\/\/games.tactic.net\/pl\/wp-json\/wp\/v2\/brand?post=149048"},{"taxonomy":"target-group","embeddable":true,"href":"https:\/\/games.tactic.net\/pl\/wp-json\/wp\/v2\/target-group?post=149048"},{"taxonomy":"discontinued","embeddable":true,"href":"https:\/\/games.tactic.net\/pl\/wp-json\/wp\/v2\/discontinued?post=149048"}],"curies":[{"name":"wp","href":"https:\/\/api.w.org\/{rel}","templated":true}]}}