{"id":148804,"date":"2021-09-28T10:43:50","date_gmt":"2021-09-28T07:43:50","guid":{"rendered":"http:\/\/dev.tactic.net\/tuote\/rodzinne-kalambury\/"},"modified":"2023-10-25T13:54:51","modified_gmt":"2023-10-25T10:54:51","slug":"rodzinne-kalambury","status":"publish","type":"product","link":"https:\/\/games.tactic.net\/pl\/tuote\/rodzinne-kalambury\/","title":{"rendered":"Tactic Rodzinne Kalambury"},"content":{"rendered":"<p>Potrafisz sobie wyobrazi\u0107 gotuj\u0105c\u0105 \u017cab\u0119 lub Drakul\u0119 myj\u0105cego z\u0119by? W rodzinnych kalamburach przyjdzie ci odegra\u0107 wiele zwariowanych postaci. Rzut dwoma tr\u00f3jkolorowymi kostkami zdecyduje o tym, co b\u0119dziesz przedstawia\u0107. W trakcie twojego wyst\u0119pu inni gracze z twoich gest\u00f3w i mimiki b\u0119d\u0105 pr\u00f3bowali odczyta\u0107, jak\u0105 posta\u0107 i czynno\u015b\u0107 na\u015bladujesz. Je\u015bli komu\u015b si\u0119 to uda, to obydwoje b\u0119dziecie mogli przesun\u0105\u0107 swoje pionki na planszy. Przy odrobinie szcz\u0119\u015bcia, zakr\u0119cenie strza\u0142k\u0105 umo\u017cliwi tobie jeszcze szybszy ruch. Tylko \u015bmia\u0107 si\u0119 nie wolno! Osoba, kt\u00f3ra za\u015bmieje si\u0119 z aktora, musi cofn\u0105\u0107 sw\u00f3j pionek o jedno pole. Wygrywa gracz, kt\u00f3ry jako pierwszy dotrze do mety. Zawarto\u015b\u0107: Plansza, ruletka (tarcza ze strza\u0142k\u0105), 100 kart (50 z postaciami i 50 z czynno\u015bciami), 2 kostki (1 czarna i 1 bia\u0142a), arkusz z naklejkami na kostk\u0119, 6 pionk\u00f3w, klepsydra, instrukcja. Gra rodzinna dla 3-6 graczy w wieku 6+.<\/p>\n","protected":false},"excerpt":{"rendered":"<p>Zaprezentuj innym posta\u0107 i czynno\u015b\u0107 okre\u015blone przez karty. Zr\u00f3b to najlepiej, jak potrafisz, gdy\u017c punkty zdobywasz, je\u015bli kto\u015b odgadnie, kogo przedstawiasz. Dzi\u0119ki specjalnym kolorowym kostkom masz do dyspozycji ponad 20 tysi\u0119cy hase\u0142!<\/p>\n","protected":false},"featured_media":0,"template":"","meta":{"content-type":"","_monsterinsights_skip_tracking":false,"_monsterinsights_sitenote_active":false,"_monsterinsights_sitenote_note":"","_monsterinsights_sitenote_category":0},"product_brand":[],"product_cat":[340],"product_tag":[],"brand":[],"target-group":[],"discontinued":[],"class_list":{"0":"post-148804","1":"product","2":"type-product","3":"status-publish","5":"product_cat-gry-dla-dzieci","7":"first","8":"instock","9":"taxable","10":"shipping-taxable","11":"product-type-simple"},"aioseo_notices":[],"_links":{"self":[{"href":"https:\/\/games.tactic.net\/pl\/wp-json\/wp\/v2\/product\/148804","targetHints":{"allow":["GET"]}}],"collection":[{"href":"https:\/\/games.tactic.net\/pl\/wp-json\/wp\/v2\/product"}],"about":[{"href":"https:\/\/games.tactic.net\/pl\/wp-json\/wp\/v2\/types\/product"}],"wp:attachment":[{"href":"https:\/\/games.tactic.net\/pl\/wp-json\/wp\/v2\/media?parent=148804"}],"wp:term":[{"taxonomy":"product_brand","embeddable":true,"href":"https:\/\/games.tactic.net\/pl\/wp-json\/wp\/v2\/product_brand?post=148804"},{"taxonomy":"product_cat","embeddable":true,"href":"https:\/\/games.tactic.net\/pl\/wp-json\/wp\/v2\/product_cat?post=148804"},{"taxonomy":"product_tag","embeddable":true,"href":"https:\/\/games.tactic.net\/pl\/wp-json\/wp\/v2\/product_tag?post=148804"},{"taxonomy":"brand","embeddable":true,"href":"https:\/\/games.tactic.net\/pl\/wp-json\/wp\/v2\/brand?post=148804"},{"taxonomy":"target-group","embeddable":true,"href":"https:\/\/games.tactic.net\/pl\/wp-json\/wp\/v2\/target-group?post=148804"},{"taxonomy":"discontinued","embeddable":true,"href":"https:\/\/games.tactic.net\/pl\/wp-json\/wp\/v2\/discontinued?post=148804"}],"curies":[{"name":"wp","href":"https:\/\/api.w.org\/{rel}","templated":true}]}}