{"id":148717,"date":"2021-09-28T10:42:09","date_gmt":"2021-09-28T07:42:09","guid":{"rendered":"http:\/\/dev.tactic.net\/tuote\/loopin-louie\/"},"modified":"2023-10-25T14:21:36","modified_gmt":"2023-10-25T11:21:36","slug":"loopin-louie","status":"publish","type":"product","link":"https:\/\/games.tactic.net\/pl\/tuote\/loopin-louie\/","title":{"rendered":"Tactic Loopin Louie gra planszowa"},"content":{"rendered":"<p>NIESAMOWITA GRA ZR\u0118CZNO\u015aCIOWA: Staraj si\u0119 utrzyma\u0107 Louiego i jego samolot z dala od swych kurcz\u0105t i skierowa\u0107 go ku kurnikom innych graczy. Wygrywa zawodnik, kt\u00f3ry najd\u0142u\u017cej zachowa swe kurcz\u0119ta.<br \/>\n\u2022 Ta gra utrzyma ka\u017cdego w ruchu a\u017c do samego ko\u0144ca!<br \/>\n\u2022 Zaopatrzony w silniczek mechanizm utrzymuje samolot w sta\u0142ym ruchu.<br \/>\n\u2022 Ka\u017cdemu pozwala poczu\u0107 smak sukcesu! Zawarto\u015b\u0107: D\u017awig z silniczkiem, samolot z Louie\u00b4m, 4 ramiona, 4 bazy z klapkami, 12 \u017ceton\u00f3w kur, arkusz naklejek. Wymagane 2 baterie AA (nie do\u0142\u0105czone). Gra przeznaczona dla 2-4 graczy w wieku 4+.<\/p>\n<p><img decoding=\"async\" src=\"https:\\\\\\\\games.tactic.net\\\\pic\\\\logo\\\\DK_2013_aarets_bornespil_.png\"><img decoding=\"async\" src=\"https:\\\\\\\\games.tactic.net\\\\pic\\\\logo\\\\Game_Of_The_Year.png\"><\/p>\n","protected":false},"excerpt":{"rendered":"<p>Staraj si\u0119 utrzyma\u0107 Louiego i jego samolot z dala od swych kurcz\u0105t i skierowa\u0107 go ku kurnikom innych graczy. Wygrywa zawodnik, kt\u00f3ry najd\u0142u\u017cej zachowa swe kurcz\u0119ta.<\/p>\n","protected":false},"featured_media":0,"template":"","meta":{"content-type":"","_monsterinsights_skip_tracking":false,"_monsterinsights_sitenote_active":false,"_monsterinsights_sitenote_note":"","_monsterinsights_sitenote_category":0},"product_brand":[],"product_cat":[1796],"product_tag":[1033,345],"brand":[],"target-group":[],"discontinued":[],"class_list":{"0":"post-148717","1":"product","2":"type-product","3":"status-publish","5":"product_cat-gry-planszowe-dla-dzieci","6":"product_tag-losowosc","7":"product_tag-szybkosc","9":"first","10":"instock","11":"taxable","12":"shipping-taxable","13":"product-type-simple"},"aioseo_notices":[],"_links":{"self":[{"href":"https:\/\/games.tactic.net\/pl\/wp-json\/wp\/v2\/product\/148717","targetHints":{"allow":["GET"]}}],"collection":[{"href":"https:\/\/games.tactic.net\/pl\/wp-json\/wp\/v2\/product"}],"about":[{"href":"https:\/\/games.tactic.net\/pl\/wp-json\/wp\/v2\/types\/product"}],"wp:attachment":[{"href":"https:\/\/games.tactic.net\/pl\/wp-json\/wp\/v2\/media?parent=148717"}],"wp:term":[{"taxonomy":"product_brand","embeddable":true,"href":"https:\/\/games.tactic.net\/pl\/wp-json\/wp\/v2\/product_brand?post=148717"},{"taxonomy":"product_cat","embeddable":true,"href":"https:\/\/games.tactic.net\/pl\/wp-json\/wp\/v2\/product_cat?post=148717"},{"taxonomy":"product_tag","embeddable":true,"href":"https:\/\/games.tactic.net\/pl\/wp-json\/wp\/v2\/product_tag?post=148717"},{"taxonomy":"brand","embeddable":true,"href":"https:\/\/games.tactic.net\/pl\/wp-json\/wp\/v2\/brand?post=148717"},{"taxonomy":"target-group","embeddable":true,"href":"https:\/\/games.tactic.net\/pl\/wp-json\/wp\/v2\/target-group?post=148717"},{"taxonomy":"discontinued","embeddable":true,"href":"https:\/\/games.tactic.net\/pl\/wp-json\/wp\/v2\/discontinued?post=148717"}],"curies":[{"name":"wp","href":"https:\/\/api.w.org\/{rel}","templated":true}]}}