{"id":148574,"date":"2021-09-28T10:39:40","date_gmt":"2021-09-28T07:39:40","guid":{"rendered":"http:\/\/dev.tactic.net\/tuote\/yatzy-ze-zwierzatkami\/"},"modified":"2023-10-25T13:20:34","modified_gmt":"2023-10-25T10:20:34","slug":"yatzy-ze-zwierzatkami","status":"publish","type":"product","link":"https:\/\/games.tactic.net\/pl\/tuote\/yatzy-ze-zwierzatkami\/","title":{"rendered":"Tactic Yatzy ze zwierz\u0105tkami"},"content":{"rendered":"<p>Oto dziki i zwariowany wariant yatzy \u2013 ko\u015bcianego hitu! Rzucamy pi\u0119cioma kostkami, staraj\u0105c si\u0119 uzyska\u0107 r\u00f3\u017cne ustalone kombinacje. Zawodnik z najwi\u0119kszym dorobkiem punktowym wygrywa.<br \/>\n\u2022 Specjalne pude\u0142ko, do kt\u00f3rego wrzucane s\u0105 ko\u015bci.<br \/>\n\u2022 Kolorowe ko\u015bci z uroczymi ilustracjami zwierz\u0105t!<br \/>\nZawarto\u015b\u0107: 5 kostek, notes z bloczkami punktacji, zasady.<br \/>\nGra dla 2 i wi\u0119cej graczy w wieku 4+.<\/p>\n","protected":false},"excerpt":{"rendered":"<p>Oto dziki i zwariowany wariant yatzy \u2013 ko\u015bcianego hitu! Rzucamy pi\u0119cioma kostkami, staraj\u0105c si\u0119 uzyska\u0107 r\u00f3\u017cne ustalone kombinacje. Zawodnik z najwi\u0119kszym dorobkiem punktowym wygrywa.<\/p>\n","protected":false},"featured_media":0,"template":"","meta":{"content-type":"","_monsterinsights_skip_tracking":false,"_monsterinsights_sitenote_active":false,"_monsterinsights_sitenote_note":"","_monsterinsights_sitenote_category":0},"product_brand":[],"product_cat":[1796],"product_tag":[376,1247],"brand":[],"target-group":[],"discontinued":[],"class_list":{"0":"post-148574","1":"product","2":"type-product","3":"status-publish","5":"product_cat-gry-planszowe-dla-dzieci","6":"product_tag-obliczenie","7":"product_tag-strategia-pl","9":"first","10":"instock","11":"taxable","12":"shipping-taxable","13":"product-type-simple"},"aioseo_notices":[],"_links":{"self":[{"href":"https:\/\/games.tactic.net\/pl\/wp-json\/wp\/v2\/product\/148574","targetHints":{"allow":["GET"]}}],"collection":[{"href":"https:\/\/games.tactic.net\/pl\/wp-json\/wp\/v2\/product"}],"about":[{"href":"https:\/\/games.tactic.net\/pl\/wp-json\/wp\/v2\/types\/product"}],"wp:attachment":[{"href":"https:\/\/games.tactic.net\/pl\/wp-json\/wp\/v2\/media?parent=148574"}],"wp:term":[{"taxonomy":"product_brand","embeddable":true,"href":"https:\/\/games.tactic.net\/pl\/wp-json\/wp\/v2\/product_brand?post=148574"},{"taxonomy":"product_cat","embeddable":true,"href":"https:\/\/games.tactic.net\/pl\/wp-json\/wp\/v2\/product_cat?post=148574"},{"taxonomy":"product_tag","embeddable":true,"href":"https:\/\/games.tactic.net\/pl\/wp-json\/wp\/v2\/product_tag?post=148574"},{"taxonomy":"brand","embeddable":true,"href":"https:\/\/games.tactic.net\/pl\/wp-json\/wp\/v2\/brand?post=148574"},{"taxonomy":"target-group","embeddable":true,"href":"https:\/\/games.tactic.net\/pl\/wp-json\/wp\/v2\/target-group?post=148574"},{"taxonomy":"discontinued","embeddable":true,"href":"https:\/\/games.tactic.net\/pl\/wp-json\/wp\/v2\/discontinued?post=148574"}],"curies":[{"name":"wp","href":"https:\/\/api.w.org\/{rel}","templated":true}]}}