{"id":148003,"date":"2021-09-28T10:26:37","date_gmt":"2021-09-28T07:26:37","guid":{"rendered":"http:\/\/dev.tactic.net\/tuote\/rysowane-kalambury-junior\/"},"modified":"2023-10-25T13:26:13","modified_gmt":"2023-10-25T10:26:13","slug":"rysowane-kalambury-junior","status":"publish","type":"product","link":"https:\/\/games.tactic.net\/pl\/tuote\/rysowane-kalambury-junior\/","title":{"rendered":"Rysowane Kalambury Junior"},"content":{"rendered":"<p>Gra w rysowanie i odgadywanie hase\u0142. Postacie z bajek, przedmioty, zwierz\u0119ta i zjawiska z otaczaj\u0105cego nas \u015bwiata czyni\u0105 t\u0119 gr\u0119 atrakcyjn\u0105 zw\u0142aszcza dla m\u0142odszych os\u00f3b.<\/p>\n","protected":false},"excerpt":{"rendered":"<p>To gra dla dzieci w ka\u017cdym wieku, gdy\u017c na kartach znajd\u0105 one nie tylko s\u0142owa, ale i obrazki. Wygrywa zawodnik, kt\u00f3ry jako pierwszy dotrze do mety.<\/p>\n","protected":false},"featured_media":0,"template":"","meta":{"content-type":"","_monsterinsights_skip_tracking":false,"_monsterinsights_sitenote_active":false,"_monsterinsights_sitenote_note":"","_monsterinsights_sitenote_category":0},"product_brand":[],"product_cat":[340],"product_tag":[],"brand":[],"target-group":[],"discontinued":[],"class_list":{"0":"post-148003","1":"product","2":"type-product","3":"status-publish","5":"product_cat-gry-dla-dzieci","7":"first","8":"outofstock","9":"taxable","10":"shipping-taxable","11":"product-type-simple"},"aioseo_notices":[],"_links":{"self":[{"href":"https:\/\/games.tactic.net\/pl\/wp-json\/wp\/v2\/product\/148003","targetHints":{"allow":["GET"]}}],"collection":[{"href":"https:\/\/games.tactic.net\/pl\/wp-json\/wp\/v2\/product"}],"about":[{"href":"https:\/\/games.tactic.net\/pl\/wp-json\/wp\/v2\/types\/product"}],"wp:attachment":[{"href":"https:\/\/games.tactic.net\/pl\/wp-json\/wp\/v2\/media?parent=148003"}],"wp:term":[{"taxonomy":"product_brand","embeddable":true,"href":"https:\/\/games.tactic.net\/pl\/wp-json\/wp\/v2\/product_brand?post=148003"},{"taxonomy":"product_cat","embeddable":true,"href":"https:\/\/games.tactic.net\/pl\/wp-json\/wp\/v2\/product_cat?post=148003"},{"taxonomy":"product_tag","embeddable":true,"href":"https:\/\/games.tactic.net\/pl\/wp-json\/wp\/v2\/product_tag?post=148003"},{"taxonomy":"brand","embeddable":true,"href":"https:\/\/games.tactic.net\/pl\/wp-json\/wp\/v2\/brand?post=148003"},{"taxonomy":"target-group","embeddable":true,"href":"https:\/\/games.tactic.net\/pl\/wp-json\/wp\/v2\/target-group?post=148003"},{"taxonomy":"discontinued","embeddable":true,"href":"https:\/\/games.tactic.net\/pl\/wp-json\/wp\/v2\/discontinued?post=148003"}],"curies":[{"name":"wp","href":"https:\/\/api.w.org\/{rel}","templated":true}]}}