{"id":147629,"date":"2021-09-28T10:18:06","date_gmt":"2021-09-28T07:18:06","guid":{"rendered":"http:\/\/dev.tactic.net\/tuote\/15-minute-heist\/"},"modified":"2023-10-25T14:03:28","modified_gmt":"2023-10-25T11:03:28","slug":"15-minute-heist","status":"publish","type":"product","link":"https:\/\/games.tactic.net\/pl\/tuote\/15-minute-heist\/","title":{"rendered":"Gamestorm Ucieczka w 15 minut gra planszowa"},"content":{"rendered":"<p>Wcielacie si\u0119 w szajk\u0119 z\u0142odziei przeprowadzaj\u0105cych skok na skarbiec. Waszym zadaniem jest zabranie z\u0142ota, przetransportowanie go i zwianie stamt\u0105d, a to wszystko, zanim odezwie si\u0119 alarm! \u017beby si\u0119 uda\u0142o, musicie \u015bci\u015ble wsp\u00f3\u0142pracowa\u0107 \u2013 albo wygracie razem\u2026 albo wszystkich razem was z\u0142api\u0105!<\/p>\n","protected":false},"excerpt":{"rendered":"<p>Wcielacie si\u0119 w szajk\u0119 z\u0142odziei przeprowadzaj\u0105cych skok na skarbiec. Waszym zadaniem jest zabranie z\u0142ota, przetransportowanie go i zwianie stamt\u0105d, a to wszystko, zanim odezwie si\u0119 alarm! \u017beby si\u0119 uda\u0142o, musicie \u015bci\u015ble wsp\u00f3\u0142pracowa\u0107 \u2013 albo wygracie razem\u2026 albo wszystkich razem was z\u0142api\u0105!<\/p>\n","protected":false},"featured_media":0,"template":"","meta":{"content-type":"","_monsterinsights_skip_tracking":false,"_monsterinsights_sitenote_active":false,"_monsterinsights_sitenote_note":"","_monsterinsights_sitenote_category":0},"product_brand":[],"product_cat":[1783,1782],"product_tag":[345,995],"brand":[{"id":889,"name":"Gamestorm Studio","slug":"gamestormstudio-pl"}],"target-group":[],"discontinued":[],"class_list":{"0":"post-147629","1":"product","2":"type-product","3":"status-publish","5":"product_cat-strategiczne-gry-rodzinne","6":"product_cat-strategiczne-dla-doroslych-gry-dla-doroslych","7":"product_tag-szybkosc","8":"product_tag-wieloosobowe","9":"brand-gamestormstudio-pl","11":"first","12":"outofstock","13":"taxable","14":"shipping-taxable","15":"product-type-simple"},"aioseo_notices":[],"_links":{"self":[{"href":"https:\/\/games.tactic.net\/pl\/wp-json\/wp\/v2\/product\/147629","targetHints":{"allow":["GET"]}}],"collection":[{"href":"https:\/\/games.tactic.net\/pl\/wp-json\/wp\/v2\/product"}],"about":[{"href":"https:\/\/games.tactic.net\/pl\/wp-json\/wp\/v2\/types\/product"}],"wp:attachment":[{"href":"https:\/\/games.tactic.net\/pl\/wp-json\/wp\/v2\/media?parent=147629"}],"wp:term":[{"taxonomy":"product_brand","embeddable":true,"href":"https:\/\/games.tactic.net\/pl\/wp-json\/wp\/v2\/product_brand?post=147629"},{"taxonomy":"product_cat","embeddable":true,"href":"https:\/\/games.tactic.net\/pl\/wp-json\/wp\/v2\/product_cat?post=147629"},{"taxonomy":"product_tag","embeddable":true,"href":"https:\/\/games.tactic.net\/pl\/wp-json\/wp\/v2\/product_tag?post=147629"},{"taxonomy":"brand","embeddable":true,"href":"https:\/\/games.tactic.net\/pl\/wp-json\/wp\/v2\/brand?post=147629"},{"taxonomy":"target-group","embeddable":true,"href":"https:\/\/games.tactic.net\/pl\/wp-json\/wp\/v2\/target-group?post=147629"},{"taxonomy":"discontinued","embeddable":true,"href":"https:\/\/games.tactic.net\/pl\/wp-json\/wp\/v2\/discontinued?post=147629"}],"curies":[{"name":"wp","href":"https:\/\/api.w.org\/{rel}","templated":true}]}}