{"id":147313,"date":"2021-09-28T10:07:04","date_gmt":"2021-09-28T07:07:04","guid":{"rendered":"http:\/\/dev.tactic.net\/tuote\/sprytne-pszczolki\/"},"modified":"2022-02-16T11:46:11","modified_gmt":"2022-02-16T09:46:11","slug":"sprytne-pszczolki","status":"publish","type":"product","link":"https:\/\/games.tactic.net\/pl\/tuote\/sprytne-pszczolki\/","title":{"rendered":"Sprytne pszcz\u00f3\u0142ki"},"content":{"rendered":"<div>Przele\u0107 swoj\u0105 pszczo\u0142\u0105 tu\u017c nad \u0142\u0105k\u0105, zbieraj\u0105c kwiaty. Odkryta karta okre\u015bla kolejno\u015b\u0107, w jakiej nale\u017cy je zebra\u0107. Trzeba si\u0119 spieszy\u0107 \u2013 tylko najszybsza pszczo\u0142a zdob\u0119dzie punkt! Pe\u0142na zwrot\u00f3w akcji gra dla najm\u0142odszych!<\/div>\n<div><\/div>\n<div>\u2022 W zestawie wytrzyma\u0142e plastikowe pszczo\u0142y i kwiaty.<\/div>\n<div>\u2022 Rozgrywka \u0142atwa do opanowania nawet dla ma\u0142ych dzieci.<\/div>\n<div>\u2022 A do tego wszystkiego robak, kt\u00f3ry lubi pokrzy\u017cowa\u0107 plany&#8230;<\/div>\n<div><\/div>\n<div><\/div>\n<div>\n<div>Zawarto\u015b\u0107: 3 plastikowe pszcz\u00f3\u0142ki, 12 plastikowych kwiatk\u00f3w, 33 karty, 12 naklejek, zasady gry.<\/div>\n<div><\/div>\n<div>Gra przeznaczona dla 2-3 graczy w wieku 3+.<\/div>\n<\/div>\n","protected":false},"excerpt":{"rendered":"<div><b>Przele\u0107 swoj\u0105 pszczo\u0142\u0105 tu\u017c nad \u0142\u0105k\u0105, zbieraj\u0105c kwiaty<\/b>. Odkryta karta okre\u015bla kolejno\u015b\u0107, w jakiej nale\u017cy je zebra\u0107. Trzeba si\u0119 spieszy\u0107 \u2013 tylko najszybsza pszczo\u0142a zdob\u0119dzie punkt! Pe\u0142na zwrot\u00f3w akcji gra dla najm\u0142odszych!<\/div>\n","protected":false},"featured_media":0,"template":"","meta":{"content-type":"","_monsterinsights_skip_tracking":false,"_monsterinsights_sitenote_active":false,"_monsterinsights_sitenote_note":"","_monsterinsights_sitenote_category":0},"product_brand":[],"product_cat":[1796],"product_tag":[1000,345],"brand":[],"target-group":[],"discontinued":[],"class_list":{"0":"post-147313","1":"product","2":"type-product","3":"status-publish","5":"product_cat-gry-planszowe-dla-dzieci","6":"product_tag-edukacyjny","7":"product_tag-szybkosc","9":"first","10":"outofstock","11":"taxable","12":"shipping-taxable","13":"product-type-simple"},"aioseo_notices":[],"_links":{"self":[{"href":"https:\/\/games.tactic.net\/pl\/wp-json\/wp\/v2\/product\/147313","targetHints":{"allow":["GET"]}}],"collection":[{"href":"https:\/\/games.tactic.net\/pl\/wp-json\/wp\/v2\/product"}],"about":[{"href":"https:\/\/games.tactic.net\/pl\/wp-json\/wp\/v2\/types\/product"}],"wp:attachment":[{"href":"https:\/\/games.tactic.net\/pl\/wp-json\/wp\/v2\/media?parent=147313"}],"wp:term":[{"taxonomy":"product_brand","embeddable":true,"href":"https:\/\/games.tactic.net\/pl\/wp-json\/wp\/v2\/product_brand?post=147313"},{"taxonomy":"product_cat","embeddable":true,"href":"https:\/\/games.tactic.net\/pl\/wp-json\/wp\/v2\/product_cat?post=147313"},{"taxonomy":"product_tag","embeddable":true,"href":"https:\/\/games.tactic.net\/pl\/wp-json\/wp\/v2\/product_tag?post=147313"},{"taxonomy":"brand","embeddable":true,"href":"https:\/\/games.tactic.net\/pl\/wp-json\/wp\/v2\/brand?post=147313"},{"taxonomy":"target-group","embeddable":true,"href":"https:\/\/games.tactic.net\/pl\/wp-json\/wp\/v2\/target-group?post=147313"},{"taxonomy":"discontinued","embeddable":true,"href":"https:\/\/games.tactic.net\/pl\/wp-json\/wp\/v2\/discontinued?post=147313"}],"curies":[{"name":"wp","href":"https:\/\/api.w.org\/{rel}","templated":true}]}}