{"id":147283,"date":"2021-09-28T10:06:25","date_gmt":"2021-09-28T07:06:25","guid":{"rendered":"http:\/\/dev.tactic.net\/tuote\/papugowy-zawrot-glowy\/"},"modified":"2022-06-03T14:50:30","modified_gmt":"2022-06-03T11:50:30","slug":"papugowy-zawrot-glowy","status":"publish","type":"product","link":"https:\/\/games.tactic.net\/pl\/tuote\/papugowy-zawrot-glowy\/","title":{"rendered":"Tactic Papugowy zawr\u00f3t g\u0142owy"},"content":{"rendered":"<p>Drzewo jest pe\u0142ne owoc\u00f3w, a papugi maj\u0105 na nie chrapk\u0119! Zdobycie owoc\u00f3w nie jest jednak \u0142atwe. Drzewo chwieje si\u0119 za ka\u017cdym razem, gdy zasiada tam nowa papuga i \u0142atwo z niego spa\u015b\u0107. Wygra zawodnik, kt\u00f3ry zdo\u0142a umie\u015bci\u0107 na drzewie wszystkie swoje papugi.<br \/>\n\u2022 Wysokiej jako\u015bci tekturowe elementy gry.<br \/>\n\u2022 Rozwija w dzieciach koncentracj\u0119 i \u0107wiczy zr\u0119czno\u015b\u0107.<br \/>\n\u2022 \u015awietna zabawa dla ca\u0142ej rodziny!<br \/>\nZawarto\u015b\u0107: 24 tekturowe papugi, tekturowe drzewo bananowe (podstawa, pie\u0144 sk\u0142adany z 3 cz\u0119\u015bci, 4 okr\u0119gi z ga\u0142\u0119ziami), plastikowy korze\u0144, plansza, pionek-ptak, zasady.<br \/>\nGra dla 2-4 graczy w wieku 5+.<\/p>\n","protected":false},"excerpt":{"rendered":"<p>Drzewo jest pe\u0142ne owoc\u00f3w, a papugi maj\u0105 na nie chrapk\u0119! Zdobycie owoc\u00f3w nie jest jednak \u0142atwe. Drzewo chwieje si\u0119 za ka\u017cdym razem, gdy zasiada tam nowa papuga i \u0142atwo z niego spa\u015b\u0107. Wygra zawodnik, kt\u00f3ry zdo\u0142a umie\u015bci\u0107 na drzewie wszystkie swoje papugi.<\/p>\n","protected":false},"featured_media":0,"template":"","meta":{"content-type":"","_monsterinsights_skip_tracking":false,"_monsterinsights_sitenote_active":false,"_monsterinsights_sitenote_note":"","_monsterinsights_sitenote_category":0},"product_brand":[],"product_cat":[340],"product_tag":[341],"brand":[],"target-group":[],"discontinued":[],"class_list":{"0":"post-147283","1":"product","2":"type-product","3":"status-publish","5":"product_cat-gry-dla-dzieci","6":"product_tag-dzialanie","8":"first","9":"outofstock","10":"taxable","11":"shipping-taxable","12":"product-type-simple"},"aioseo_notices":[],"_links":{"self":[{"href":"https:\/\/games.tactic.net\/pl\/wp-json\/wp\/v2\/product\/147283","targetHints":{"allow":["GET"]}}],"collection":[{"href":"https:\/\/games.tactic.net\/pl\/wp-json\/wp\/v2\/product"}],"about":[{"href":"https:\/\/games.tactic.net\/pl\/wp-json\/wp\/v2\/types\/product"}],"wp:attachment":[{"href":"https:\/\/games.tactic.net\/pl\/wp-json\/wp\/v2\/media?parent=147283"}],"wp:term":[{"taxonomy":"product_brand","embeddable":true,"href":"https:\/\/games.tactic.net\/pl\/wp-json\/wp\/v2\/product_brand?post=147283"},{"taxonomy":"product_cat","embeddable":true,"href":"https:\/\/games.tactic.net\/pl\/wp-json\/wp\/v2\/product_cat?post=147283"},{"taxonomy":"product_tag","embeddable":true,"href":"https:\/\/games.tactic.net\/pl\/wp-json\/wp\/v2\/product_tag?post=147283"},{"taxonomy":"brand","embeddable":true,"href":"https:\/\/games.tactic.net\/pl\/wp-json\/wp\/v2\/brand?post=147283"},{"taxonomy":"target-group","embeddable":true,"href":"https:\/\/games.tactic.net\/pl\/wp-json\/wp\/v2\/target-group?post=147283"},{"taxonomy":"discontinued","embeddable":true,"href":"https:\/\/games.tactic.net\/pl\/wp-json\/wp\/v2\/discontinued?post=147283"}],"curies":[{"name":"wp","href":"https:\/\/api.w.org\/{rel}","templated":true}]}}