{"id":147237,"date":"2021-09-28T10:04:38","date_gmt":"2021-09-28T07:04:38","guid":{"rendered":"http:\/\/dev.tactic.net\/tuote\/sprytne-bobry\/"},"modified":"2023-10-25T13:22:13","modified_gmt":"2023-10-25T10:22:13","slug":"sprytne-bobry","status":"publish","type":"product","link":"https:\/\/games.tactic.net\/pl\/tuote\/sprytne-bobry\/","title":{"rendered":"Tactic Sprytne Bobry"},"content":{"rendered":"<p>Czas zbudowa\u0107 tam\u0119! Podr\u00f3\u017cuj dooko\u0142a lasu i podgryzaj odpowiednie drzewa. Po upadku drzewa mo\u017cesz doda\u0107 je do w\u0142asnej zapory. Gracz, kt\u00f3ry zbierze trzy r\u00f3\u017cne drzewa do swojej tamy jako pierwszy, wygrywa!<br \/>\n\u2022 Wspania\u0142y las 3D!<br \/>\n\u2022 Drewniany pionek bobra!<br \/>\n\u2022 Zabawna i wci\u0105gaj\u0105ca gra dla ca\u0142ej rodziny!<br \/>\nZawarto\u015b\u0107: du\u017ca plansza w 4 cz\u0119\u015bciach, 12 drzew (ka\u017cde sk\u0142adane z 3 kartonowych cz\u0119\u015bci), kostka, b\u00f3br Barry (wykonany z drewna) + 2 naklejki, zasady.<br \/>\nGra dla 2-4 graczy w wieku 3+.<\/p>\n<p><img decoding=\"async\" src=\"https:\\\\\\\\games.tactic.net\\\\pic\\\\logo\\\\PL_Swiat_Przyjazny_Dziecku.png\"><\/p>\n","protected":false},"excerpt":{"rendered":"<p>Czas zbudowa\u0107 tam\u0119! Podr\u00f3\u017cuj dooko\u0142a lasu i podgryzaj odpowiednie drzewa. Po upadku drzewa mo\u017cesz doda\u0107 je do w\u0142asnej zapory. Gracz, kt\u00f3ry zbierze trzy r\u00f3\u017cne drzewa do swojej tamy jako pierwszy, wygrywa!<\/p>\n","protected":false},"featured_media":0,"template":"","meta":{"content-type":"","_monsterinsights_skip_tracking":false,"_monsterinsights_sitenote_active":false,"_monsterinsights_sitenote_note":"","_monsterinsights_sitenote_category":0},"product_brand":[],"product_cat":[340],"product_tag":[1230],"brand":[],"target-group":[],"discontinued":[],"class_list":{"0":"post-147237","1":"product","2":"type-product","3":"status-publish","5":"product_cat-gry-dla-dzieci","6":"product_tag-dzialanie-pl","8":"first","9":"outofstock","10":"taxable","11":"shipping-taxable","12":"product-type-simple"},"aioseo_notices":[],"_links":{"self":[{"href":"https:\/\/games.tactic.net\/pl\/wp-json\/wp\/v2\/product\/147237","targetHints":{"allow":["GET"]}}],"collection":[{"href":"https:\/\/games.tactic.net\/pl\/wp-json\/wp\/v2\/product"}],"about":[{"href":"https:\/\/games.tactic.net\/pl\/wp-json\/wp\/v2\/types\/product"}],"wp:attachment":[{"href":"https:\/\/games.tactic.net\/pl\/wp-json\/wp\/v2\/media?parent=147237"}],"wp:term":[{"taxonomy":"product_brand","embeddable":true,"href":"https:\/\/games.tactic.net\/pl\/wp-json\/wp\/v2\/product_brand?post=147237"},{"taxonomy":"product_cat","embeddable":true,"href":"https:\/\/games.tactic.net\/pl\/wp-json\/wp\/v2\/product_cat?post=147237"},{"taxonomy":"product_tag","embeddable":true,"href":"https:\/\/games.tactic.net\/pl\/wp-json\/wp\/v2\/product_tag?post=147237"},{"taxonomy":"brand","embeddable":true,"href":"https:\/\/games.tactic.net\/pl\/wp-json\/wp\/v2\/brand?post=147237"},{"taxonomy":"target-group","embeddable":true,"href":"https:\/\/games.tactic.net\/pl\/wp-json\/wp\/v2\/target-group?post=147237"},{"taxonomy":"discontinued","embeddable":true,"href":"https:\/\/games.tactic.net\/pl\/wp-json\/wp\/v2\/discontinued?post=147237"}],"curies":[{"name":"wp","href":"https:\/\/api.w.org\/{rel}","templated":true}]}}