{"id":147175,"date":"2021-09-28T10:02:48","date_gmt":"2021-09-28T07:02:48","guid":{"rendered":"http:\/\/dev.tactic.net\/tuote\/safari-szukaj-i-znajdz\/"},"modified":"2024-09-26T11:24:31","modified_gmt":"2024-09-26T08:24:31","slug":"safari-szukaj-i-znajdz","status":"publish","type":"product","link":"https:\/\/games.tactic.net\/pl\/tuote\/safari-szukaj-i-znajdz\/","title":{"rendered":"Tactic Szukaj i Znajd\u017a Safari"},"content":{"rendered":"<p>Witajcie na safari! B\u0119dziecie tropili zwierz\u0119ta. Gdy kto\u015b spostrze\u017ce na planszy te, kt\u00f3re wskaza\u0142y karty \u2013 i wska\u017ce jednocze\u015bnie obydwie postaci \u2013 otrzyma w nagrod\u0119 figurk\u0119 zwierz\u0119cia. Produkt oferuje dynamiczn\u0105 zabaw\u0119 rozwijaj\u0105c\u0105 refleks i zmys\u0142 obserwacji. Dwustronna plansza \u2013 sk\u0142adana z puzzli \u2013 za ka\u017cdym razem mo\u017ce przybiera\u0107 inny kszta\u0142t. Zawarto\u015b\u0107: 12 dwustronnych cz\u0119\u015bci planszy, 55 kart, 4 plansze-wodopoje, 17 figurek zwierz\u0105t, 5 \u017ceton\u00f3w fotograficznych, zasady. Gra dla 2-4 graczy w wieku 4+.<\/p>\n<p><img decoding=\"async\" src=\"https:\\\\\\\\games.tactic.net\\\\pic\\\\logo\\\\Awarded_concept.png\"><img decoding=\"async\" src=\"https:\\\\\\\\games.tactic.net\\\\pic\\\\logo\\\\PL_Swiat_Przyjazny_Dziecku.png\"><img decoding=\"async\" src=\"https:\\\\\\\\games.tactic.net\\\\pic\\\\logo\\\\FI_2020_Vuoden_Lastenpelit.png\"><\/p>\n","protected":false},"excerpt":{"rendered":"<p>Witajcie na safari! B\u0119dziecie tropili zwierz\u0119ta. Gdy kto\u015b spostrze\u017ce na planszy te, kt\u00f3re wskaza\u0142y karty \u2013 i wska\u017ce jednocze\u015bnie obydwie postaci \u2013 otrzyma w nagrod\u0119 figurk\u0119 zwierz\u0119cia. Produkt oferuje dynamiczn\u0105 zabaw\u0119 rozwijaj\u0105c\u0105 refleks i zmys\u0142 obserwacji. Dwustronna plansza \u2013 sk\u0142adana z puzzli \u2013 za ka\u017cdym razem mo\u017ce przybiera\u0107 inny kszta\u0142t.<\/p>\n","protected":false},"featured_media":0,"template":"","meta":{"content-type":"","_monsterinsights_skip_tracking":false,"_monsterinsights_sitenote_active":false,"_monsterinsights_sitenote_note":"","_monsterinsights_sitenote_category":0},"product_brand":[],"product_cat":[340],"product_tag":[1230,1234,345],"brand":[],"target-group":[],"discontinued":[],"class_list":{"0":"post-147175","1":"product","2":"type-product","3":"status-publish","5":"product_cat-gry-dla-dzieci","6":"product_tag-dzialanie-pl","7":"product_tag-laczenie-pl","8":"product_tag-szybkosc","10":"first","11":"outofstock","12":"taxable","13":"shipping-taxable","14":"product-type-simple"},"aioseo_notices":[],"_links":{"self":[{"href":"https:\/\/games.tactic.net\/pl\/wp-json\/wp\/v2\/product\/147175","targetHints":{"allow":["GET"]}}],"collection":[{"href":"https:\/\/games.tactic.net\/pl\/wp-json\/wp\/v2\/product"}],"about":[{"href":"https:\/\/games.tactic.net\/pl\/wp-json\/wp\/v2\/types\/product"}],"wp:attachment":[{"href":"https:\/\/games.tactic.net\/pl\/wp-json\/wp\/v2\/media?parent=147175"}],"wp:term":[{"taxonomy":"product_brand","embeddable":true,"href":"https:\/\/games.tactic.net\/pl\/wp-json\/wp\/v2\/product_brand?post=147175"},{"taxonomy":"product_cat","embeddable":true,"href":"https:\/\/games.tactic.net\/pl\/wp-json\/wp\/v2\/product_cat?post=147175"},{"taxonomy":"product_tag","embeddable":true,"href":"https:\/\/games.tactic.net\/pl\/wp-json\/wp\/v2\/product_tag?post=147175"},{"taxonomy":"brand","embeddable":true,"href":"https:\/\/games.tactic.net\/pl\/wp-json\/wp\/v2\/brand?post=147175"},{"taxonomy":"target-group","embeddable":true,"href":"https:\/\/games.tactic.net\/pl\/wp-json\/wp\/v2\/target-group?post=147175"},{"taxonomy":"discontinued","embeddable":true,"href":"https:\/\/games.tactic.net\/pl\/wp-json\/wp\/v2\/discontinued?post=147175"}],"curies":[{"name":"wp","href":"https:\/\/api.w.org\/{rel}","templated":true}]}}