{"id":144146,"date":"2021-09-27T13:32:26","date_gmt":"2021-09-27T10:32:26","guid":{"rendered":"http:\/\/dev.tactic.net\/tuote\/gra-planszowa-piraci-chinczyk-kimble\/"},"modified":"2023-10-25T13:53:24","modified_gmt":"2023-10-25T10:53:24","slug":"gra-planszowa-piraci-chinczyk-kimble","status":"publish","type":"product","link":"https:\/\/games.tactic.net\/pl\/tuote\/gra-planszowa-piraci-chinczyk-kimble\/","title":{"rendered":"Tactic Kimble Pirate gra planszowa"},"content":{"rendered":"<p>Piraci s\u0105 gotowi do szale\u0144czego wy\u015bcigu! Specjalne urz\u0105dzenie wmontowane w plansz\u0119 wprawia w ruch kostk\u0119. Liczba oczek na kostce decyduje o liczbie ruch\u00f3w na planszy. Pierwszy zawodnik, kt\u00f3ry wszystkimi czterema pionkami zdo\u0142a okr\u0105\u017cy\u0107 j\u0105 ca\u0142\u0105, zwyci\u0119\u017ca!<br \/>\n\u2022 Ekscytuj\u0105cy wy\u015bcig, pe\u0142en nieoczekiwanych zwrot\u00f3w akcji.<br \/>\n\u2022 Niezwykle wytrzyma\u0142e elementy gry.<br \/>\nGra dla 2-4 os\u00f3b w wieku 5+.<br \/>\nZawarto\u015b\u0107:.<\/p>\n","protected":false},"excerpt":{"rendered":"<p>Piraci s\u0105 gotowi do szale\u0144czego wy\u015bcigu! Specjalne urz\u0105dzenie wmontowane w plansz\u0119 wprawia w ruch kostk\u0119. Liczba oczek na kostce decyduje o liczbie ruch\u00f3w na planszy. Pierwszy zawodnik, kt\u00f3ry wszystkimi czterema pionkami zdo\u0142a okr\u0105\u017cy\u0107 j\u0105 ca\u0142\u0105, zwyci\u0119\u017ca!<\/p>\n","protected":false},"featured_media":0,"template":"","meta":{"content-type":"","_monsterinsights_skip_tracking":false,"_monsterinsights_sitenote_active":false,"_monsterinsights_sitenote_note":"","_monsterinsights_sitenote_category":0},"product_brand":[],"product_cat":[1796],"product_tag":[897],"brand":[{"id":1278,"name":"Kimble","slug":"kimble-4"}],"target-group":[],"discontinued":[],"class_list":{"0":"post-144146","1":"product","2":"type-product","3":"status-publish","5":"product_cat-gry-planszowe-dla-dzieci","6":"product_tag-taktyka","7":"brand-kimble-4","9":"first","10":"outofstock","11":"taxable","12":"shipping-taxable","13":"product-type-simple"},"aioseo_notices":[],"_links":{"self":[{"href":"https:\/\/games.tactic.net\/pl\/wp-json\/wp\/v2\/product\/144146","targetHints":{"allow":["GET"]}}],"collection":[{"href":"https:\/\/games.tactic.net\/pl\/wp-json\/wp\/v2\/product"}],"about":[{"href":"https:\/\/games.tactic.net\/pl\/wp-json\/wp\/v2\/types\/product"}],"wp:attachment":[{"href":"https:\/\/games.tactic.net\/pl\/wp-json\/wp\/v2\/media?parent=144146"}],"wp:term":[{"taxonomy":"product_brand","embeddable":true,"href":"https:\/\/games.tactic.net\/pl\/wp-json\/wp\/v2\/product_brand?post=144146"},{"taxonomy":"product_cat","embeddable":true,"href":"https:\/\/games.tactic.net\/pl\/wp-json\/wp\/v2\/product_cat?post=144146"},{"taxonomy":"product_tag","embeddable":true,"href":"https:\/\/games.tactic.net\/pl\/wp-json\/wp\/v2\/product_tag?post=144146"},{"taxonomy":"brand","embeddable":true,"href":"https:\/\/games.tactic.net\/pl\/wp-json\/wp\/v2\/brand?post=144146"},{"taxonomy":"target-group","embeddable":true,"href":"https:\/\/games.tactic.net\/pl\/wp-json\/wp\/v2\/target-group?post=144146"},{"taxonomy":"discontinued","embeddable":true,"href":"https:\/\/games.tactic.net\/pl\/wp-json\/wp\/v2\/discontinued?post=144146"}],"curies":[{"name":"wp","href":"https:\/\/api.w.org\/{rel}","templated":true}]}}