{"id":144075,"date":"2021-09-27T13:22:07","date_gmt":"2021-09-27T10:22:07","guid":{"rendered":"http:\/\/dev.tactic.net\/tuote\/farma-szukaj-i-znajdz\/"},"modified":"2023-05-08T15:49:51","modified_gmt":"2023-05-08T12:49:51","slug":"farma-szukaj-i-znajdz","status":"publish","type":"product","link":"https:\/\/games.tactic.net\/pl\/tuote\/farma-szukaj-i-znajdz\/","title":{"rendered":"Tactic Szukaj i Znajdz Farma"},"content":{"rendered":"<p>Witajcie na farmie! Czy uda Wam si\u0119 odnale\u017a\u0107 w\u0142a\u015bciwe zwierz\u0105tka? Na spokojniej wsi jest sobie urocza farma pe\u0142na szcz\u0119\u015bliwych zwierz\u0105tek. Tylko\u2026 gdzie si\u0119 one wszystkie podzia\u0142y? Och nie! Roztargniony farmer zostawi\u0142 otwarte drzwi od obory i wszystkie pobieg\u0142y bawi\u0107 si\u0119 w chowanego! Spr\u00f3bujcie wypatrze\u0107 krowy, indyki, \u015bwinki, owce oraz inne zwierz\u0119ta i pom\u00f3c farmerowi zaprowadzi\u0107 je z powrotem do obory. Dwustronna, ci\u0105gle zmieniaj\u0105ca si\u0119 plansza pe\u0142na rozmaitych zwierz\u0105t sprawia, \u017ce znalezienie w\u0142a\u015bciwych uciekinier\u00f3w jest trudniejsze ni\u017c my\u015blisz. Ale, je\u015bli zrobisz to szybko, mo\u017ce nawet za\u0142apiesz si\u0119 na przeja\u017cd\u017ck\u0119 traktorem! Zawarto\u015b\u0107: 12 dwustronnych cz\u0119\u015bci planszy, 50 kart, 4 sk\u0142adane obory, (ka\u017cda w 3 cz\u0119\u015bciach), 17 figurek zwierz\u0105t, 5 \u017ceton\u00f3w traktora, instrukcja. Gra dla 2-4 graczy w wieku 4+.<\/p>\n<p><img decoding=\"async\" src=\"https:\\\\\\\\games.tactic.net\\\\pic\\\\logo\\\\Awarded_concept.png\"><\/p>\n","protected":false},"excerpt":{"rendered":"<p>Witajcie na farmie! Czy uda Wam si\u0119 odnale\u017a\u0107 w\u0142a\u015bciwe zwierz\u0105tka? Na spokojniej wsi jest sobie urocza farma pe\u0142na szcz\u0119\u015bliwych zwierz\u0105tek. Tylko\u2026 gdzie si\u0119 one wszystkie podzia\u0142y? Och nie! Roztargniony farmer zostawi\u0142 otwarte drzwi od obory i wszystkie pobieg\u0142y bawi\u0107 si\u0119 w chowanego! Spr\u00f3bujcie wypatrze\u0107 krowy, indyki, \u015bwinki, owce oraz inne zwierz\u0119ta i pom\u00f3c farmerowi zaprowadzi\u0107 je z powrotem do obory.<\/p>\n","protected":false},"featured_media":0,"template":"","meta":{"content-type":"","_monsterinsights_skip_tracking":false,"_monsterinsights_sitenote_active":false,"_monsterinsights_sitenote_note":"","_monsterinsights_sitenote_category":0},"product_brand":[],"product_cat":[1796],"product_tag":[1230,345],"brand":[],"target-group":[],"discontinued":[],"class_list":{"0":"post-144075","1":"product","2":"type-product","3":"status-publish","5":"product_cat-gry-planszowe-dla-dzieci","6":"product_tag-dzialanie-pl","7":"product_tag-szybkosc","9":"first","10":"instock","11":"taxable","12":"shipping-taxable","13":"product-type-simple"},"aioseo_notices":[],"_links":{"self":[{"href":"https:\/\/games.tactic.net\/pl\/wp-json\/wp\/v2\/product\/144075","targetHints":{"allow":["GET"]}}],"collection":[{"href":"https:\/\/games.tactic.net\/pl\/wp-json\/wp\/v2\/product"}],"about":[{"href":"https:\/\/games.tactic.net\/pl\/wp-json\/wp\/v2\/types\/product"}],"wp:attachment":[{"href":"https:\/\/games.tactic.net\/pl\/wp-json\/wp\/v2\/media?parent=144075"}],"wp:term":[{"taxonomy":"product_brand","embeddable":true,"href":"https:\/\/games.tactic.net\/pl\/wp-json\/wp\/v2\/product_brand?post=144075"},{"taxonomy":"product_cat","embeddable":true,"href":"https:\/\/games.tactic.net\/pl\/wp-json\/wp\/v2\/product_cat?post=144075"},{"taxonomy":"product_tag","embeddable":true,"href":"https:\/\/games.tactic.net\/pl\/wp-json\/wp\/v2\/product_tag?post=144075"},{"taxonomy":"brand","embeddable":true,"href":"https:\/\/games.tactic.net\/pl\/wp-json\/wp\/v2\/brand?post=144075"},{"taxonomy":"target-group","embeddable":true,"href":"https:\/\/games.tactic.net\/pl\/wp-json\/wp\/v2\/target-group?post=144075"},{"taxonomy":"discontinued","embeddable":true,"href":"https:\/\/games.tactic.net\/pl\/wp-json\/wp\/v2\/discontinued?post=144075"}],"curies":[{"name":"wp","href":"https:\/\/api.w.org\/{rel}","templated":true}]}}