{"id":1370716,"date":"2026-05-05T17:52:11","date_gmt":"2026-05-05T14:52:11","guid":{"rendered":"https:\/\/games.tactic.net\/tuote\/yatzy-minimalist-orange\/"},"modified":"2026-05-05T17:52:11","modified_gmt":"2026-05-05T14:52:11","slug":"yatzy-minimalist-orange","status":"publish","type":"product","link":"https:\/\/games.tactic.net\/pl\/tuote\/yatzy-minimalist-orange\/","title":{"rendered":"Yatzy Minimalist &#8211; orange"},"content":{"rendered":"<p>Rzucaj ko\u015b\u0107mi i licz na szcz\u0119\u015bcie! Je\u017celi w Waszej kolekcji gier brakuje stylowej klasyki, czego\u015b ponadczasowego, do czego zawsze b\u0119dziecie wraca\u0107 \u2013 szukacie pi\u0119knej barwnej gry Yatzy.<br \/>\nMinimalistyczna, jednolita kolorystyka z lekkimi za\u0142amaniami odcieni wzbogaci biblioteczk\u0119 ka\u017cdego gracza &#8211; od kompletnego amatora, przez umiarkowanego fascynata, a\u017c do totalnego geeka!<br \/>\nW ka\u017cdej turze gracze trzykrotnie rzucaj\u0105 pi\u0119cioma ko\u015b\u0107mi, \u017ceby zebra\u0107 najlepsze wyniki. By wygra\u0107, potrzebujesz szcz\u0119\u015bcia i odrobiny strategicznego my\u015blenia.<br \/>\nUwaga! Jedna rozgrywka prowadzi do kolejnej. I kolejnej, i kolejnej\u2026 <\/p>\n<p>Zawarto\u015b\u0107: 5 drewnianych kostek, notes z tabelami do zapisywania wynik\u00f3w, instrukcja.<br \/>\n\u015aredni czas gry: 10 minut.<br \/>\nGra dla 2 i wi\u0119cej graczy w wieku 5+.<\/p>\n<p>Od 1967 roku fi\u0144ska firma Tactic Games jest znana z innowacyjnych, ekscytuj\u0105cych i jako\u015bciowych gier, kt\u00f3re zachwycaj\u0105 miliony rodzin na ca\u0142ym \u015bwiecie. Nasz\u0105 misj\u0105 jest produkcja gier planszowych, kt\u00f3re pomagaj\u0105 rodzinom i przyjacio\u0142om sp\u0119dza\u0107 razem czas. Chcemy, aby nasze gry przyci\u0105ga\u0142y do wsp\u00f3lnej dobrej zabawy, \u015bmiechu i rozwi\u0105zywania problem\u00f3w. Witamy w ekscytuj\u0105cym \u015bwiecie nordyckich gier! Bawmy si\u0119 RAZEM! Firma Tactic Games posiada certyfikaty FSC i PEFC i swoj\u0105 polityk\u0105 d\u0105\u017cy do minimalizacji \u015bladu w\u0119glowego.<br \/>\nNasze gry opracowywane s\u0105 wsp\u00f3lnie z fi\u0144skimi nauczycielami, a ich celem jest zwi\u0119kszanie poznawczych, fizycznych i emocjonalnych zdolno\u015bci dziecka poprzez zabaw\u0119. Wprowad\u017a swoj\u0105 pociech\u0119 na \u015bcie\u017ck\u0119 nauki, kt\u00f3r\u0105 b\u0119dzie pod\u0105\u017ca\u0107 ju\u017c ca\u0142e \u017cycie! Wszystkie gry marki Tactic s\u0105 EKOLOGICZNE, TRWA\u0141E, BEZPIECZNE i wytwarzane w ETYCZNY spos\u00f3b, a ich elementy powstaj\u0105 z recyklingowanych materia\u0142\u00f3w w naszej fabryce w Finlandii.<\/p>\n","protected":false},"excerpt":{"rendered":"<p>Rzucaj ko\u015b\u0107mi i licz na szcz\u0119\u015bcie! Je\u017celi w Waszej kolekcji gier brakuje stylowej klasyki, czego\u015b ponadczasowego, do czego zawsze b\u0119dziecie wraca\u0107 \u2013 szukacie pi\u0119knej barwnej gry Yatzy. Minimalistyczna, jednolita kolorystyka z lekkimi za\u0142amaniami odcieni wzbogaci biblioteczk\u0119 ka\u017cdego gracza &#8211; od kompletnego amatora, przez umiarkowanego fascynata, a\u017c do totalnego geeka! W ka\u017cdej turze gracze trzykrotnie rzucaj\u0105 [&hellip;]<\/p>\n","protected":false},"featured_media":0,"template":"","meta":{"content-type":"","_monsterinsights_skip_tracking":false,"_monsterinsights_sitenote_active":false,"_monsterinsights_sitenote_note":"","_monsterinsights_sitenote_category":0},"product_brand":[],"product_cat":[1676],"product_tag":[],"brand":[],"target-group":[],"discontinued":[],"class_list":{"0":"post-1370716","1":"product","2":"type-product","3":"status-publish","5":"product_cat-gry-kosciane-i-karciane-gry-rodzinne","7":"first","8":"instock","9":"taxable","10":"shipping-taxable","11":"product-type-simple"},"aioseo_notices":[],"_links":{"self":[{"href":"https:\/\/games.tactic.net\/pl\/wp-json\/wp\/v2\/product\/1370716","targetHints":{"allow":["GET"]}}],"collection":[{"href":"https:\/\/games.tactic.net\/pl\/wp-json\/wp\/v2\/product"}],"about":[{"href":"https:\/\/games.tactic.net\/pl\/wp-json\/wp\/v2\/types\/product"}],"wp:attachment":[{"href":"https:\/\/games.tactic.net\/pl\/wp-json\/wp\/v2\/media?parent=1370716"}],"wp:term":[{"taxonomy":"product_brand","embeddable":true,"href":"https:\/\/games.tactic.net\/pl\/wp-json\/wp\/v2\/product_brand?post=1370716"},{"taxonomy":"product_cat","embeddable":true,"href":"https:\/\/games.tactic.net\/pl\/wp-json\/wp\/v2\/product_cat?post=1370716"},{"taxonomy":"product_tag","embeddable":true,"href":"https:\/\/games.tactic.net\/pl\/wp-json\/wp\/v2\/product_tag?post=1370716"},{"taxonomy":"brand","embeddable":true,"href":"https:\/\/games.tactic.net\/pl\/wp-json\/wp\/v2\/brand?post=1370716"},{"taxonomy":"target-group","embeddable":true,"href":"https:\/\/games.tactic.net\/pl\/wp-json\/wp\/v2\/target-group?post=1370716"},{"taxonomy":"discontinued","embeddable":true,"href":"https:\/\/games.tactic.net\/pl\/wp-json\/wp\/v2\/discontinued?post=1370716"}],"curies":[{"name":"wp","href":"https:\/\/api.w.org\/{rel}","templated":true}]}}