{"id":1370713,"date":"2026-05-04T16:08:46","date_gmt":"2026-05-04T13:08:46","guid":{"rendered":"https:\/\/games.tactic.net\/tuote\/molkky-torba-turniejowa-na-ramie-z-zestawem-do-gry\/"},"modified":"2026-05-04T16:08:46","modified_gmt":"2026-05-04T13:08:46","slug":"molkky-torba-turniejowa-na-ramie-z-zestawem-do-gry","status":"publish","type":"product","link":"https:\/\/games.tactic.net\/pl\/tuote\/molkky-torba-turniejowa-na-ramie-z-zestawem-do-gry\/","title":{"rendered":"M\u00f6lkky\u00ae Torba turniejowa na rami\u0119 z zestawem do gry"},"content":{"rendered":"<p>&#8222;Najlepsza gra plenerowa prosto z Finlandii! Teraz zabierzesz j\u0105 wsz\u0119dzie w wygodnej torbie z paskiem na rami\u0119. Dodatkowe miejsce w torbie na akcesoria i drobiazgi.<\/p>\n<p>M\u00f6lkky\u00ae to gra, kt\u00f3rej prostota czyni j\u0105 atrakcyjn\u0105 dla os\u00f3b w ka\u017cdym wieku. Sukces jest w niej wypadkow\u0105 umiej\u0119tno\u015bci celnego rzucania, odpowiedniej taktyki i szcz\u0119\u015bcia. W swojej kolejce zawodnicy rzucaj\u0105 drewnianym zbijakiem, tak aby wywr\u00f3ci\u0107 nim, upatrzone wcze\u015bniej, ponumerowane kr\u0119gle. Celem jest uzbieranie dok\u0142adnie 50 punkt\u00f3w. W ko\u0144c\u00f3wce trzeba jednak uwa\u017ca\u0107, gdy\u017c przekroczenie tej liczby skutkuje cofni\u0119ciem do poziomu 25 punkt\u00f3w.<br \/>\nZawarto\u015b\u0107: 12 kr\u0119gli (drewniane paliki z numerami od 1 do 12), zbijak, instrukcja + zeszyt punkt\u00f3w. Wymiary element\u00f3w: kr\u0119gle 15 cm wysoko\u015bci oraz 5,5 cm \u015brednicy, zbijak 22 cm d\u0142ugo\u015bci, 6 cm \u015brednicy oraz 400 g masy. Elementy &#8211; drewno brzozowe; skrzynka &#8211; drewno \u015bwierkowe.<br \/>\nGra plenerowa dla 2 i wi\u0119cej graczy w wieku 6+.&#8221;<\/p>\n","protected":false},"excerpt":{"rendered":"<p>&#8222;Najlepsza gra plenerowa prosto z Finlandii! Teraz zabierzesz j\u0105 wsz\u0119dzie w wygodnej torbie z paskiem na rami\u0119. Dodatkowe miejsce w torbie na akcesoria i drobiazgi. M\u00f6lkky\u00ae to gra, kt\u00f3rej prostota czyni j\u0105 atrakcyjn\u0105 dla os\u00f3b w ka\u017cdym wieku. Sukces jest w niej wypadkow\u0105 umiej\u0119tno\u015bci celnego rzucania, odpowiedniej taktyki i szcz\u0119\u015bcia. W swojej kolejce zawodnicy rzucaj\u0105 [&hellip;]<\/p>\n","protected":false},"featured_media":0,"template":"","meta":{"content-type":"","_monsterinsights_skip_tracking":false,"_monsterinsights_sitenote_active":false,"_monsterinsights_sitenote_note":"","_monsterinsights_sitenote_category":0},"product_brand":[],"product_cat":[1837],"product_tag":[1230,376,1253],"brand":[{"id":1843,"name":"M\u00f6lkky","slug":"molkky_pl"}],"target-group":[],"discontinued":[],"class_list":{"0":"post-1370713","1":"product","2":"type-product","3":"status-publish","5":"product_cat-zestawy-do-gry-molkky-gry-plenerowe-2","6":"product_tag-dzialanie-pl","7":"product_tag-obliczenie","8":"product_tag-umiejetnosc-pl","9":"brand-molkky_pl","11":"first","12":"outofstock","13":"taxable","14":"shipping-taxable","15":"product-type-simple"},"aioseo_notices":[],"_links":{"self":[{"href":"https:\/\/games.tactic.net\/pl\/wp-json\/wp\/v2\/product\/1370713","targetHints":{"allow":["GET"]}}],"collection":[{"href":"https:\/\/games.tactic.net\/pl\/wp-json\/wp\/v2\/product"}],"about":[{"href":"https:\/\/games.tactic.net\/pl\/wp-json\/wp\/v2\/types\/product"}],"wp:attachment":[{"href":"https:\/\/games.tactic.net\/pl\/wp-json\/wp\/v2\/media?parent=1370713"}],"wp:term":[{"taxonomy":"product_brand","embeddable":true,"href":"https:\/\/games.tactic.net\/pl\/wp-json\/wp\/v2\/product_brand?post=1370713"},{"taxonomy":"product_cat","embeddable":true,"href":"https:\/\/games.tactic.net\/pl\/wp-json\/wp\/v2\/product_cat?post=1370713"},{"taxonomy":"product_tag","embeddable":true,"href":"https:\/\/games.tactic.net\/pl\/wp-json\/wp\/v2\/product_tag?post=1370713"},{"taxonomy":"brand","embeddable":true,"href":"https:\/\/games.tactic.net\/pl\/wp-json\/wp\/v2\/brand?post=1370713"},{"taxonomy":"target-group","embeddable":true,"href":"https:\/\/games.tactic.net\/pl\/wp-json\/wp\/v2\/target-group?post=1370713"},{"taxonomy":"discontinued","embeddable":true,"href":"https:\/\/games.tactic.net\/pl\/wp-json\/wp\/v2\/discontinued?post=1370713"}],"curies":[{"name":"wp","href":"https:\/\/api.w.org\/{rel}","templated":true}]}}