{"id":1370709,"date":"2026-05-04T15:11:08","date_gmt":"2026-05-04T12:11:08","guid":{"rendered":"https:\/\/games.tactic.net\/tuote\/barbie-rocket-scientist-puzzle-1000-el\/"},"modified":"2026-05-04T15:11:08","modified_gmt":"2026-05-04T12:11:08","slug":"barbie-rocket-scientist-puzzle-1000-el","status":"publish","type":"product","link":"https:\/\/games.tactic.net\/pl\/tuote\/barbie-rocket-scientist-puzzle-1000-el\/","title":{"rendered":"Barbie Rocket Scientist puzzle 1000 el."},"content":{"rendered":"<p>&#8222;Wyj\u0105tkowe puzzle z serii Kidult, dla prawdziwych mi\u0142o\u015bnik\u00f3w Barbie. Uk\u0142adanka sk\u0142ada si\u0119 z 1000 wysokiej jako\u015bci element\u00f3w.<\/p>\n<p>Puzzle Lovers ma co\u015b dla ka\u017cdego fana puzzli, od entuzjastycznych hobbyst\u00f3w po pocz\u0105tkuj\u0105cych i dzieci. Wysokiej jako\u015bci puzzle przedstawiaj\u0105 wspania\u0142e krajobrazy, fascynuj\u0105ce miejsca z ca\u0142ego \u015bwiata, niesamowite zwierz\u0119ta, specjalne motywy nordyckie i sezonowe, licencje oraz wiele, wiele innych.<br \/>\nOferujemy tylko najlepsz\u0105 jako\u015b\u0107 zar\u00f3wno zdj\u0119\u0107\/obrazk\u00f3w, jak i materia\u0142\u00f3w.<br \/>\nWitamy w ekscytuj\u0105cym \u015bwiecie puzzli Tactic! <\/p>\n<p>Rozmiar obrazka po z\u0142o\u017ceniu 67x48cm.&#8221;<\/p>\n","protected":false},"excerpt":{"rendered":"<p>&#8222;Wyj\u0105tkowe puzzle z serii Kidult, dla prawdziwych mi\u0142o\u015bnik\u00f3w Barbie. Uk\u0142adanka sk\u0142ada si\u0119 z 1000 wysokiej jako\u015bci element\u00f3w. Puzzle Lovers ma co\u015b dla ka\u017cdego fana puzzli, od entuzjastycznych hobbyst\u00f3w po pocz\u0105tkuj\u0105cych i dzieci. Wysokiej jako\u015bci puzzle przedstawiaj\u0105 wspania\u0142e krajobrazy, fascynuj\u0105ce miejsca z ca\u0142ego \u015bwiata, niesamowite zwierz\u0119ta, specjalne motywy nordyckie i sezonowe, licencje oraz wiele, wiele innych. [&hellip;]<\/p>\n","protected":false},"featured_media":0,"template":"","meta":{"content-type":"","_monsterinsights_skip_tracking":false,"_monsterinsights_sitenote_active":false,"_monsterinsights_sitenote_note":"","_monsterinsights_sitenote_category":0},"product_brand":[],"product_cat":[926],"product_tag":[],"brand":[{"id":607,"name":"PuzzleLovers","slug":"puzzlelovers_pl"}],"target-group":[],"discontinued":[],"class_list":{"0":"post-1370709","1":"product","2":"type-product","3":"status-publish","5":"product_cat-1000-elementow","6":"brand-puzzlelovers_pl","8":"first","9":"instock","10":"taxable","11":"shipping-taxable","12":"product-type-simple"},"aioseo_notices":[],"_links":{"self":[{"href":"https:\/\/games.tactic.net\/pl\/wp-json\/wp\/v2\/product\/1370709","targetHints":{"allow":["GET"]}}],"collection":[{"href":"https:\/\/games.tactic.net\/pl\/wp-json\/wp\/v2\/product"}],"about":[{"href":"https:\/\/games.tactic.net\/pl\/wp-json\/wp\/v2\/types\/product"}],"wp:attachment":[{"href":"https:\/\/games.tactic.net\/pl\/wp-json\/wp\/v2\/media?parent=1370709"}],"wp:term":[{"taxonomy":"product_brand","embeddable":true,"href":"https:\/\/games.tactic.net\/pl\/wp-json\/wp\/v2\/product_brand?post=1370709"},{"taxonomy":"product_cat","embeddable":true,"href":"https:\/\/games.tactic.net\/pl\/wp-json\/wp\/v2\/product_cat?post=1370709"},{"taxonomy":"product_tag","embeddable":true,"href":"https:\/\/games.tactic.net\/pl\/wp-json\/wp\/v2\/product_tag?post=1370709"},{"taxonomy":"brand","embeddable":true,"href":"https:\/\/games.tactic.net\/pl\/wp-json\/wp\/v2\/brand?post=1370709"},{"taxonomy":"target-group","embeddable":true,"href":"https:\/\/games.tactic.net\/pl\/wp-json\/wp\/v2\/target-group?post=1370709"},{"taxonomy":"discontinued","embeddable":true,"href":"https:\/\/games.tactic.net\/pl\/wp-json\/wp\/v2\/discontinued?post=1370709"}],"curies":[{"name":"wp","href":"https:\/\/api.w.org\/{rel}","templated":true}]}}