{"id":1370704,"date":"2026-05-04T15:09:19","date_gmt":"2026-05-04T12:09:19","guid":{"rendered":"https:\/\/games.tactic.net\/tuote\/rubble-i-jego-ekipa-kwartety-gra-karciana\/"},"modified":"2026-05-04T15:09:19","modified_gmt":"2026-05-04T12:09:19","slug":"rubble-i-jego-ekipa-kwartety-gra-karciana","status":"publish","type":"product","link":"https:\/\/games.tactic.net\/pl\/tuote\/rubble-i-jego-ekipa-kwartety-gra-karciana\/","title":{"rendered":"Rubble i jego Ekipa Kwartety &#8211; gra karciana"},"content":{"rendered":"<p>&#8222;Zbierz jak najwi\u0119cej zestaw\u00f3w czterech kart w tej niewielkiej grze karcianej ze s\u0142ynnymi bohaterami i wygraj! Karty zawieraj\u0105 urocze i kolorowe obrazki ulubionych postaci dzieci. Ucz si\u0119 liczy\u0107 i rozpoznawa\u0107 kolory podczas gry!<br \/>\n\u2022 Karty s\u0105 oznaczone kolorami, wi\u0119c gracze nie musz\u0105 potrafi\u0107 czyta\u0107!<br \/>\n\u2022 Nawet najm\u0142odsi mog\u0105 gra\u0107!<br \/>\n\u2022 \u015awietny spos\u00f3b na nauk\u0119 liczb i kolor\u00f3w.<\/p>\n<p>Zawarto\u015b\u0107: 32 karty (8 kwartet\u00f3w), instrukcja.<br \/>\n\u015aredni czas gry: 15 minut.<br \/>\nGra dla 2-4 graczy w wieku 4+.<\/p>\n<p>Od 1967 roku fi\u0144ska firma Tactic Games jest znana z innowacyjnych, ekscytuj\u0105cych i jako\u015bciowych gier, kt\u00f3re zachwycaj\u0105 miliony rodzin na ca\u0142ym \u015bwiecie. Nasz\u0105 misj\u0105 jest produkcja gier planszowych, kt\u00f3re pomagaj\u0105 rodzinom i przyjacio\u0142om sp\u0119dza\u0107 razem czas. Chcemy, aby nasze gry przyci\u0105ga\u0142y do wsp\u00f3lnej dobrej zabawy, \u015bmiechu i rozwi\u0105zywania problem\u00f3w. Witamy w ekscytuj\u0105cym \u015bwiecie nordyckich gier! Bawmy si\u0119 RAZEM! Firma Tactic Games posiada certyfikaty FSC i PEFC i swoj\u0105 polityk\u0105 d\u0105\u017cy do minimalizacji \u015bladu w\u0119glowego.&#8221;<\/p>\n","protected":false},"excerpt":{"rendered":"<p>&#8222;Zbierz jak najwi\u0119cej zestaw\u00f3w czterech kart w tej niewielkiej grze karcianej ze s\u0142ynnymi bohaterami i wygraj! Karty zawieraj\u0105 urocze i kolorowe obrazki ulubionych postaci dzieci. Ucz si\u0119 liczy\u0107 i rozpoznawa\u0107 kolory podczas gry! \u2022 Karty s\u0105 oznaczone kolorami, wi\u0119c gracze nie musz\u0105 potrafi\u0107 czyta\u0107! \u2022 Nawet najm\u0142odsi mog\u0105 gra\u0107! \u2022 \u015awietny spos\u00f3b na nauk\u0119 liczb [&hellip;]<\/p>\n","protected":false},"featured_media":0,"template":"","meta":{"content-type":"","_monsterinsights_skip_tracking":false,"_monsterinsights_sitenote_active":false,"_monsterinsights_sitenote_note":"","_monsterinsights_sitenote_category":0},"product_brand":[],"product_cat":[340],"product_tag":[1033,1234],"brand":[],"target-group":[],"discontinued":[],"class_list":{"0":"post-1370704","1":"product","2":"type-product","3":"status-publish","5":"product_cat-gry-dla-dzieci","6":"product_tag-losowosc","7":"product_tag-laczenie-pl","9":"first","10":"instock","11":"taxable","12":"shipping-taxable","13":"product-type-simple"},"aioseo_notices":[],"_links":{"self":[{"href":"https:\/\/games.tactic.net\/pl\/wp-json\/wp\/v2\/product\/1370704","targetHints":{"allow":["GET"]}}],"collection":[{"href":"https:\/\/games.tactic.net\/pl\/wp-json\/wp\/v2\/product"}],"about":[{"href":"https:\/\/games.tactic.net\/pl\/wp-json\/wp\/v2\/types\/product"}],"wp:attachment":[{"href":"https:\/\/games.tactic.net\/pl\/wp-json\/wp\/v2\/media?parent=1370704"}],"wp:term":[{"taxonomy":"product_brand","embeddable":true,"href":"https:\/\/games.tactic.net\/pl\/wp-json\/wp\/v2\/product_brand?post=1370704"},{"taxonomy":"product_cat","embeddable":true,"href":"https:\/\/games.tactic.net\/pl\/wp-json\/wp\/v2\/product_cat?post=1370704"},{"taxonomy":"product_tag","embeddable":true,"href":"https:\/\/games.tactic.net\/pl\/wp-json\/wp\/v2\/product_tag?post=1370704"},{"taxonomy":"brand","embeddable":true,"href":"https:\/\/games.tactic.net\/pl\/wp-json\/wp\/v2\/brand?post=1370704"},{"taxonomy":"target-group","embeddable":true,"href":"https:\/\/games.tactic.net\/pl\/wp-json\/wp\/v2\/target-group?post=1370704"},{"taxonomy":"discontinued","embeddable":true,"href":"https:\/\/games.tactic.net\/pl\/wp-json\/wp\/v2\/discontinued?post=1370704"}],"curies":[{"name":"wp","href":"https:\/\/api.w.org\/{rel}","templated":true}]}}