{"id":1370700,"date":"2026-05-04T15:08:08","date_gmt":"2026-05-04T12:08:08","guid":{"rendered":"https:\/\/games.tactic.net\/tuote\/psi-patrol-chinczyk-kimble-gra-planszowa\/"},"modified":"2026-05-04T15:08:08","modified_gmt":"2026-05-04T12:08:08","slug":"psi-patrol-chinczyk-kimble-gra-planszowa","status":"publish","type":"product","link":"https:\/\/games.tactic.net\/pl\/tuote\/psi-patrol-chinczyk-kimble-gra-planszowa\/","title":{"rendered":"Psi Patrol Chi\u0144czyk Kimble gra planszowa"},"content":{"rendered":"<p>&#8222;Czas na wy\u015bcigi z udzia\u0142em ulubionych bohater\u00f3w z bajek!<br \/>\nKimble z mechanizmem Klik-Pstryk to odmiana Chi\u0144czyka ze specjalnym urz\u0105dzeniem wmontowanym w plansz\u0119, kt\u00f3re wprawia w ruch kostk\u0119. Liczba oczek na kostce decyduje o liczbie ruch\u00f3w na planszy. Pierwszy zawodnik, kt\u00f3ry wszystkimi czterema pionkami zdo\u0142a okr\u0105\u017cy\u0107 j\u0105 ca\u0142\u0105, zwyci\u0119\u017ca!<br \/>\n\u2022 Ekscytuj\u0105cy wy\u015bcig, pe\u0142en nieoczekiwanych zwrot\u00f3w akcji.<br \/>\n\u2022 Niezwykle wytrzyma\u0142e elementy gry.<\/p>\n<p>Zawarto\u015b\u0107: plastikowa plansza z wbudowan\u0105 kostk\u0105, 16 pionk\u00f3w (po 4 z ka\u017cdym z 4 bohater\u00f3w), instrukcja.<br \/>\n\u015aredni czas gry: 20 minut.<br \/>\nGra dla 2-4 graczy w wieku 4+ lat.<\/p>\n<p>Od 1967 roku fi\u0144ska firma Tactic Games jest znana z innowacyjnych, ekscytuj\u0105cych i jako\u015bciowych gier, kt\u00f3re zachwycaj\u0105 miliony rodzin na ca\u0142ym \u015bwiecie. Nasz\u0105 misj\u0105 jest produkcja gier planszowych, kt\u00f3re pomagaj\u0105 rodzinom i przyjacio\u0142om sp\u0119dza\u0107 razem czas. Chcemy, aby nasze gry przyci\u0105ga\u0142y do wsp\u00f3lnej dobrej zabawy, \u015bmiechu i rozwi\u0105zywania problem\u00f3w. Witamy w ekscytuj\u0105cym \u015bwiecie nordyckich gier! Bawmy si\u0119 RAZEM! Firma Tactic Games posiada certyfikaty FSC i PEFC i swoj\u0105 polityk\u0105 d\u0105\u017cy do minimalizacji \u015bladu w\u0119glowego.&#8221;<\/p>\n","protected":false},"excerpt":{"rendered":"<p>&#8222;Czas na wy\u015bcigi z udzia\u0142em ulubionych bohater\u00f3w z bajek! Kimble z mechanizmem Klik-Pstryk to odmiana Chi\u0144czyka ze specjalnym urz\u0105dzeniem wmontowanym w plansz\u0119, kt\u00f3re wprawia w ruch kostk\u0119. Liczba oczek na kostce decyduje o liczbie ruch\u00f3w na planszy. Pierwszy zawodnik, kt\u00f3ry wszystkimi czterema pionkami zdo\u0142a okr\u0105\u017cy\u0107 j\u0105 ca\u0142\u0105, zwyci\u0119\u017ca! \u2022 Ekscytuj\u0105cy wy\u015bcig, pe\u0142en nieoczekiwanych zwrot\u00f3w akcji. [&hellip;]<\/p>\n","protected":false},"featured_media":0,"template":"","meta":{"content-type":"","_monsterinsights_skip_tracking":false,"_monsterinsights_sitenote_active":false,"_monsterinsights_sitenote_note":"","_monsterinsights_sitenote_category":0},"product_brand":[],"product_cat":[1796],"product_tag":[1033,375,897],"brand":[{"id":1278,"name":"Kimble","slug":"kimble-4"}],"target-group":[],"discontinued":[],"class_list":{"0":"post-1370700","1":"product","2":"type-product","3":"status-publish","5":"product_cat-gry-planszowe-dla-dzieci","6":"product_tag-losowosc","7":"product_tag-strategia","8":"product_tag-taktyka","9":"brand-kimble-4","11":"first","12":"instock","13":"taxable","14":"shipping-taxable","15":"product-type-simple"},"aioseo_notices":[],"_links":{"self":[{"href":"https:\/\/games.tactic.net\/pl\/wp-json\/wp\/v2\/product\/1370700","targetHints":{"allow":["GET"]}}],"collection":[{"href":"https:\/\/games.tactic.net\/pl\/wp-json\/wp\/v2\/product"}],"about":[{"href":"https:\/\/games.tactic.net\/pl\/wp-json\/wp\/v2\/types\/product"}],"wp:attachment":[{"href":"https:\/\/games.tactic.net\/pl\/wp-json\/wp\/v2\/media?parent=1370700"}],"wp:term":[{"taxonomy":"product_brand","embeddable":true,"href":"https:\/\/games.tactic.net\/pl\/wp-json\/wp\/v2\/product_brand?post=1370700"},{"taxonomy":"product_cat","embeddable":true,"href":"https:\/\/games.tactic.net\/pl\/wp-json\/wp\/v2\/product_cat?post=1370700"},{"taxonomy":"product_tag","embeddable":true,"href":"https:\/\/games.tactic.net\/pl\/wp-json\/wp\/v2\/product_tag?post=1370700"},{"taxonomy":"brand","embeddable":true,"href":"https:\/\/games.tactic.net\/pl\/wp-json\/wp\/v2\/brand?post=1370700"},{"taxonomy":"target-group","embeddable":true,"href":"https:\/\/games.tactic.net\/pl\/wp-json\/wp\/v2\/target-group?post=1370700"},{"taxonomy":"discontinued","embeddable":true,"href":"https:\/\/games.tactic.net\/pl\/wp-json\/wp\/v2\/discontinued?post=1370700"}],"curies":[{"name":"wp","href":"https:\/\/api.w.org\/{rel}","templated":true}]}}