{"id":1370699,"date":"2026-05-04T15:06:33","date_gmt":"2026-05-04T12:06:33","guid":{"rendered":"https:\/\/games.tactic.net\/tuote\/psi-patrol-3w1-lotto-domino-memorize\/"},"modified":"2026-05-04T15:06:33","modified_gmt":"2026-05-04T12:06:33","slug":"psi-patrol-3w1-lotto-domino-memorize","status":"publish","type":"product","link":"https:\/\/games.tactic.net\/pl\/tuote\/psi-patrol-3w1-lotto-domino-memorize\/","title":{"rendered":"Psi Patrol 3w1: Lotto, Domino, Memorize"},"content":{"rendered":"<p>Trzy \u015bwietne gry z bajkowymi bohaterami w jednym pude\u0142ku! To pude\u0142ko zawiera trzy klasyczne gry: Memorize, Lotto i Domino. Zbieraj jak najwi\u0119cej par kafelk\u00f3w (Memorize), znajd\u017a kafelki pasuj\u0105ce do obrazk\u00f3w na swojej planszy (Lotto) i buduj d\u0142ugie ci\u0105gi z kafelk\u00f3w (Domino). Nieko\u0144cz\u0105ca si\u0119 zabawa dla wszystkich!<br \/>\nTrwa\u0142e i wysokiej jako\u015bci kafelki.<\/p>\n<p>Zawarto\u015b\u0107: 4 plansze z obrazkami, 72 kafelki do gier Lotto i Memorize, 36 kafelk\u00f3w do gry Domino, instrukcja.<br \/>\n\u015aredni czas gry: 15 minut.<br \/>\nGra dla 2-4 graczy w wieku 4+ lat.<\/p>\n<p>Od 1967 roku fi\u0144ska firma Tactic Games jest znana z innowacyjnych, ekscytuj\u0105cych i jako\u015bciowych gier, kt\u00f3re zachwycaj\u0105 miliony rodzin na ca\u0142ym \u015bwiecie. Nasz\u0105 misj\u0105 jest produkcja gier planszowych, kt\u00f3re pomagaj\u0105 rodzinom i przyjacio\u0142om sp\u0119dza\u0107 razem czas. Chcemy, aby nasze gry przyci\u0105ga\u0142y do wsp\u00f3lnej dobrej zabawy, \u015bmiechu i rozwi\u0105zywania problem\u00f3w. Witamy w ekscytuj\u0105cym \u015bwiecie nordyckich gier! Bawmy si\u0119 RAZEM! Firma Tactic Games posiada certyfikaty FSC i PEFC i swoj\u0105 polityk\u0105 d\u0105\u017cy do minimalizacji \u015bladu w\u0119glowego.<\/p>\n","protected":false},"excerpt":{"rendered":"<p>Trzy \u015bwietne gry z bajkowymi bohaterami w jednym pude\u0142ku! To pude\u0142ko zawiera trzy klasyczne gry: Memorize, Lotto i Domino. Zbieraj jak najwi\u0119cej par kafelk\u00f3w (Memorize), znajd\u017a kafelki pasuj\u0105ce do obrazk\u00f3w na swojej planszy (Lotto) i buduj d\u0142ugie ci\u0105gi z kafelk\u00f3w (Domino). Nieko\u0144cz\u0105ca si\u0119 zabawa dla wszystkich! Trwa\u0142e i wysokiej jako\u015bci kafelki. Zawarto\u015b\u0107: 4 plansze z [&hellip;]<\/p>\n","protected":false},"featured_media":0,"template":"","meta":{"content-type":"","_monsterinsights_skip_tracking":false,"_monsterinsights_sitenote_active":false,"_monsterinsights_sitenote_note":"","_monsterinsights_sitenote_category":0},"product_brand":[],"product_cat":[1780,1796],"product_tag":[346],"brand":[],"target-group":[],"discontinued":[],"class_list":{"0":"post-1370699","1":"product","2":"type-product","3":"status-publish","5":"product_cat-gry-pamieciowe","6":"product_cat-gry-planszowe-dla-dzieci","7":"product_tag-laczenie","9":"first","10":"instock","11":"taxable","12":"shipping-taxable","13":"product-type-simple"},"aioseo_notices":[],"_links":{"self":[{"href":"https:\/\/games.tactic.net\/pl\/wp-json\/wp\/v2\/product\/1370699","targetHints":{"allow":["GET"]}}],"collection":[{"href":"https:\/\/games.tactic.net\/pl\/wp-json\/wp\/v2\/product"}],"about":[{"href":"https:\/\/games.tactic.net\/pl\/wp-json\/wp\/v2\/types\/product"}],"wp:attachment":[{"href":"https:\/\/games.tactic.net\/pl\/wp-json\/wp\/v2\/media?parent=1370699"}],"wp:term":[{"taxonomy":"product_brand","embeddable":true,"href":"https:\/\/games.tactic.net\/pl\/wp-json\/wp\/v2\/product_brand?post=1370699"},{"taxonomy":"product_cat","embeddable":true,"href":"https:\/\/games.tactic.net\/pl\/wp-json\/wp\/v2\/product_cat?post=1370699"},{"taxonomy":"product_tag","embeddable":true,"href":"https:\/\/games.tactic.net\/pl\/wp-json\/wp\/v2\/product_tag?post=1370699"},{"taxonomy":"brand","embeddable":true,"href":"https:\/\/games.tactic.net\/pl\/wp-json\/wp\/v2\/brand?post=1370699"},{"taxonomy":"target-group","embeddable":true,"href":"https:\/\/games.tactic.net\/pl\/wp-json\/wp\/v2\/target-group?post=1370699"},{"taxonomy":"discontinued","embeddable":true,"href":"https:\/\/games.tactic.net\/pl\/wp-json\/wp\/v2\/discontinued?post=1370699"}],"curies":[{"name":"wp","href":"https:\/\/api.w.org\/{rel}","templated":true}]}}