{"id":1370634,"date":"2026-04-24T13:12:41","date_gmt":"2026-04-24T10:12:41","guid":{"rendered":"https:\/\/games.tactic.net\/tuote\/gamesson-airhockey-buzz-black-4-col-carton\/"},"modified":"2026-04-24T13:12:41","modified_gmt":"2026-04-24T10:12:41","slug":"gamesson-airhockey-buzz-black-4-col-carton","status":"publish","type":"product","link":"https:\/\/games.tactic.net\/pl\/tuote\/gamesson-airhockey-buzz-black-4-col-carton\/","title":{"rendered":"Gamesson Airhockey Buzz Black 4-col carton"},"content":{"rendered":"<p>Gamesson to szwedzka marka sto\u0142\u00f3w sportowych i akcesori\u00f3w. Nasze motto to jako\u015b\u0107 i dobry stosunek jako\u015bci do ceny. Dlatego stale poprawiamy design i grywalno\u015b\u0107 swoich produkt\u00f3w. Jest to ci\u0105g\u0142y proces, kt\u00f3ry nigdy si\u0119 nie ko\u0144czy, a my ci\u0119\u017cko pracujemy, aby spe\u0142ni\u0107 Twoje oczekiwania i wymagania. Gamesson posiada szerok\u0105 gam\u0119 gier sto\u0142owych, dzi\u0119ki czemu ka\u017cdy klient mo\u017ce znale\u017a\u0107 gr\u0119 sto\u0142ow\u0105 odpowiadaj\u0105c\u0105 jego potrzebom. Niezale\u017cnie od tego, czy potrzebujesz ma\u0142ego sto\u0142u do pi\u0142ki no\u017cnej dla dzieci w domu, czy solidnego bilarda do u\u017cytku w klubie &#8211; Gamesson to Tw\u00f3j wyb\u00f3r! Air hockey jest jedn\u0105 z najbardziej zabawnych i dost\u0119pnych gier w salonie gier, ale maluchy cz\u0119sto zmagaj\u0105 si\u0119 z grzybkami przeznaczonymi dla doros\u0142ych. Ma\u0142o tego, wiele sto\u0142\u00f3w jest zbyt du\u017cych, aby na sta\u0142e stosowa\u0107 je w domu. Jak zwykle nasi innowatorzy w Gamesson, wymy\u015blili kompaktowe sto\u0142y, kt\u00f3re oferuj\u0105 ekscytuj\u0105c\u0105 rozgrywk\u0119 w mniejszym opakowaniu. Oferuj\u0105 ca\u0142\u0105 energi\u0119 i nieprzewidywalno\u015b\u0107 pe\u0142nowymiarowej wersji, wyobra\u017a sobie tylko miny dzieci, gdy rozpakuj\u0105 jeden z nich! Przeznaczony do po\u0142o\u017cenia na innym stole BUZZ nale\u017cy do najmniejszych, jakie mo\u017cna spotka\u0107 w air hockey\/cymbergaju ale bardzo dobrej jako\u015bci. Ten blat ma porz\u0105dny wentylator, kt\u00f3ry dzia\u0142a na zasilaniu bateryjnym. Zacznij gra\u0107! Sto\u0142y te maj\u0105 b\u0142yszcz\u0105ce powierzchnie, kt\u00f3re przyspieszaj\u0105 gr\u0119 i zwi\u0119kszaj\u0105 emocje, a jednocze\u015bnie s\u0105 por\u0119czne, maj\u0105 99 cm d\u0142ugo\u015bci, co czyni je idealnymi do u\u017cytku domowego. Wa\u017c\u0105ce zaledwie 5 kg, naprawd\u0119 lekkie zestawy do air hockeya, kt\u00f3re mo\u017cna b\u0142yskawicznie przygotowa\u0107 do gry &#8211; idealne dla klub\u00f3w m\u0142odzie\u017cowych, na urodziny czy Bo\u017ce Narodzenie. Kiedy dzieci sko\u0144cz\u0105 gr\u0119 w hokeja, Gamesson Wasp II mo\u017ce by\u0107 przechowywany na zaskakuj\u0105co ma\u0142ej przestrzeni. Jest wystarczaj\u0105co ma\u0142y, aby zmie\u015bci\u0107 si\u0119 w szafce. Mo\u017cna go w ka\u017cdej chwili wyci\u0105gn\u0105\u0107 na szybk\u0105 gr\u0119, a w mi\u0119dzyczasie bezpiecznie schowa\u0107. Dzi\u0119ki do\u0142\u0105czonym dw\u00f3m popychaczom i dw\u00f3m kr\u0105\u017ckom b\u0119dziesz mia\u0142 wszystko, czego potrzebujesz, aby zacz\u0105\u0107. Rozmiar sto\u0142u: 99cm\u00d746cm\u00d720cm Konstrukcja\/Materia\u0142: mdf 12mm Waga: 5 kg Grzybki: 65mm Kr\u0105\u017cek: 50mm Zasilanie: 6 baterii (du\u017ce paluszki AA) 1,5V OG\u00d3LNE INFORMACJE O PRODUKCIE Waga ca\u0142kowita produktu 5,7 kg Forma: Air Hockey\/Cymbergaj do po\u0142o\u017cenia na innym stole. Liczniki punkt\u00f3w: Przesuwane Opakowanie: 5,7kg\/ 103cmx47cmx10cm Pozosta\u0142e wyposa\u017cenie: W zestawie znajduj\u0105 si\u0119 dwa grzybki 65mm i dwa kr\u0105\u017cki 50mm instrukcja: W 3 j\u0119zykach Kolor czarny Nasze sto\u0142y przychodz\u0105 do Ciebie w zgrabnych p\u0142askich kartonach. S\u0105 do samodzielnego z\u0142o\u017cenia. Do ka\u017cdego zestawu do\u0142\u0105czona jest zgrabna instrukcja obrazkowa oraz narz\u0119dzia, \u015brubki, uchwyty, uszczelki i akcesoria do gier (np. pi\u0142ki, kije, paletki lub zbijaki). Gamesson jest mark\u0105 szwedzkiej firmy Bex Sport. Producenta gier na \u015bwie\u017cym powietrzu i w domu Sercem firmy Bex Sport jest nasza pasja do oferowania produkt\u00f3w, kt\u00f3re daj\u0105 rado\u015b\u0107. Rado\u015b\u0107 zar\u00f3wno m\u0142odszym, jak i starszym, w\u015br\u00f3d rodziny i przyjaci\u00f3\u0142. Uwielbiamy wymy\u015bla\u0107 i produkowa\u0107 gry, kt\u00f3rymi mo\u017cna si\u0119 cieszy\u0107 zar\u00f3wno w domu, jak i na zewn\u0105trz. Proste zasady, kt\u00f3re pozwalaj\u0105 szybko rozpocz\u0105\u0107 gr\u0119, a w razie potrzeby dostosowa\u0107 zasady tak, aby ka\u017cdy m\u00f3g\u0142 si\u0119 nimi cieszy\u0107. Zesp\u00f3\u0142 ds. zakup\u00f3w w firmie Bex Sport nieustannie d\u0105\u017cy do zapewnienia najlepszej jako\u015bci i wzornictwa w atrakcyjnym opakowaniu. W 2022 roku szwedzka firma Bex Sport po\u0142\u0105czy\u0142a si\u0119 z firm\u0105 Tactic Nasza misja polega na: -produkowaniu zabawek, kt\u00f3re pomagaj\u0105 rodzinom i znajomym sp\u0119dza\u0107 wsp\u00f3lnie czas. -wprowadzaniu najwy\u017cszych standard\u00f3w obs\u0142ugi klienta -umo\u017cliwianiu nawi\u0105zywania bli\u017cszych relacji i zbli\u017caniu do siebie cz\u0142onk\u00f3w rodziny -dzia\u0142aniu w spos\u00f3b zr\u00f3wnowa\u017cony dla \u015brodowiska i etyczny<\/p>\n","protected":false},"excerpt":{"rendered":"<p>Gamesson to szwedzka marka sto\u0142\u00f3w sportowych i akcesori\u00f3w. Nasze motto to jako\u015b\u0107 i dobry stosunek jako\u015bci do ceny. Dlatego stale poprawiamy design i grywalno\u015b\u0107 swoich produkt\u00f3w. Jest to ci\u0105g\u0142y proces, kt\u00f3ry nigdy si\u0119 nie ko\u0144czy, a my ci\u0119\u017cko pracujemy, aby spe\u0142ni\u0107 Twoje oczekiwania i wymagania. Gamesson posiada szerok\u0105 gam\u0119 gier sto\u0142owych, dzi\u0119ki czemu ka\u017cdy klient [&hellip;]<\/p>\n","protected":false},"featured_media":0,"template":"","meta":{"content-type":"","_monsterinsights_skip_tracking":false,"_monsterinsights_sitenote_active":false,"_monsterinsights_sitenote_note":"","_monsterinsights_sitenote_category":0},"product_brand":[],"product_cat":[2330],"product_tag":[],"brand":[{"id":2095,"name":"BEX Sport","slug":"bex-sport"}],"target-group":[],"discontinued":[],"class_list":{"0":"post-1370634","1":"product","2":"type-product","3":"status-publish","5":"product_cat-bex-sport-gry-plenerowe","6":"brand-bex-sport","8":"first","9":"instock","10":"taxable","11":"shipping-taxable","12":"product-type-simple"},"aioseo_notices":[],"_links":{"self":[{"href":"https:\/\/games.tactic.net\/pl\/wp-json\/wp\/v2\/product\/1370634","targetHints":{"allow":["GET"]}}],"collection":[{"href":"https:\/\/games.tactic.net\/pl\/wp-json\/wp\/v2\/product"}],"about":[{"href":"https:\/\/games.tactic.net\/pl\/wp-json\/wp\/v2\/types\/product"}],"wp:attachment":[{"href":"https:\/\/games.tactic.net\/pl\/wp-json\/wp\/v2\/media?parent=1370634"}],"wp:term":[{"taxonomy":"product_brand","embeddable":true,"href":"https:\/\/games.tactic.net\/pl\/wp-json\/wp\/v2\/product_brand?post=1370634"},{"taxonomy":"product_cat","embeddable":true,"href":"https:\/\/games.tactic.net\/pl\/wp-json\/wp\/v2\/product_cat?post=1370634"},{"taxonomy":"product_tag","embeddable":true,"href":"https:\/\/games.tactic.net\/pl\/wp-json\/wp\/v2\/product_tag?post=1370634"},{"taxonomy":"brand","embeddable":true,"href":"https:\/\/games.tactic.net\/pl\/wp-json\/wp\/v2\/brand?post=1370634"},{"taxonomy":"target-group","embeddable":true,"href":"https:\/\/games.tactic.net\/pl\/wp-json\/wp\/v2\/target-group?post=1370634"},{"taxonomy":"discontinued","embeddable":true,"href":"https:\/\/games.tactic.net\/pl\/wp-json\/wp\/v2\/discontinued?post=1370634"}],"curies":[{"name":"wp","href":"https:\/\/api.w.org\/{rel}","templated":true}]}}