{"id":1370633,"date":"2026-04-24T13:12:35","date_gmt":"2026-04-24T10:12:35","guid":{"rendered":"https:\/\/games.tactic.net\/tuote\/gamesson-football-table-defender\/"},"modified":"2026-04-24T13:12:35","modified_gmt":"2026-04-24T10:12:35","slug":"gamesson-football-table-defender","status":"publish","type":"product","link":"https:\/\/games.tactic.net\/pl\/tuote\/gamesson-football-table-defender\/","title":{"rendered":"Gamesson Football table Defender"},"content":{"rendered":"<p>Gamesson to szwedzka marka sto\u0142\u00f3w sportowych i akcesori\u00f3w. Nasze motto to jako\u015b\u0107 i dobry stosunek jako\u015bci do ceny. Dlatego stale poprawiamy design i grywalno\u015b\u0107 swoich produkt\u00f3w. Jest to ci\u0105g\u0142y proces, kt\u00f3ry nigdy si\u0119 nie ko\u0144czy, a my ci\u0119\u017cko pracujemy, aby spe\u0142ni\u0107 Twoje oczekiwania i wymagania. Gamesson posiada szerok\u0105 gam\u0119 gier sto\u0142owych, dzi\u0119ki czemu ka\u017cdy klient mo\u017ce znale\u017a\u0107 gr\u0119 sto\u0142ow\u0105 odpowiadaj\u0105c\u0105 jego potrzebom. Niezale\u017cnie od tego, czy potrzebujesz ma\u0142ego sto\u0142u do pi\u0142ki no\u017cnej dla dzieci w domu, czy solidnego bilarda do u\u017cytku w klubie &#8211; Gamesson to Tw\u00f3j wyb\u00f3r! Pi\u0142karzyki dla dzieci, dla rodzin i dla doros\u0142ych. Ale jak wybra\u0107. Nic prostszego z Gamesson! Wiele sto\u0142\u00f3w jest zbyt du\u017cych, aby na sta\u0142e stosowa\u0107 je w domu. Jak zwykle nasi innowatorzy w Szwecji, wymy\u015blili kompaktowe sto\u0142y do gier, kt\u00f3re oferuj\u0105 ekscytuj\u0105c\u0105 rozgrywk\u0119 w mniejszym opakowaniu. Oferuj\u0105 ca\u0142\u0105 energi\u0119 i nieprzewidywalno\u015b\u0107 pe\u0142nowymiarowej wersji. Nasze sto\u0142y s\u0105 dopasowane do ka\u017cdego wieku i ka\u017cdego pomieszczenia. Wyobra\u017a sobie tylko miny dzieci, gdy rozpakuj\u0105 jeden z nich! Defender to jeden z naszych najmniejszych sto\u0142\u00f3w do pi\u0142karzyk\u00f3w, kt\u00f3ry umieszcza si\u0119 na istniej\u0105cym stole. Defender jest \u0142atwy do schowania, gdy nie jest u\u017cywany. Rozmiar sto\u0142u: 91,5cm\u00d749,5cm\u00d710,5cm Pr\u0119ty: stal 12mm \u2013 przelotowe. Konstrukcja\/Materia\u0142: mdf 12mm, blat\/pod\u0142o\u017ce do gry 3mm Formacja: 3+3+3 Waga: 6 kg Pi\u0142ka: 32mm OG\u00d3LNE INFORMACJE O PRODUKCIE Waga ca\u0142kowita produktu 7 kg Forma: Pi\u0142karzyki formatu sto\u0142owego &#8211; przeznaczone do postawienia na innym stole Liczniki punkt\u00f3w: Przesuwane Opakowanie: 7kg\/95cmx54cmx8cm Pozosta\u0142e wyposa\u017cenie: W zestawie znajduj\u0105 si\u0119 dwie pi\u0142eczki instrukcja: W 3 j\u0119zykach Nasze sto\u0142y przychodz\u0105 do Ciebie w zgrabnych p\u0142askich kartonach. S\u0105 do samodzielnego z\u0142o\u017cenia. Do ka\u017cdego zestawu do\u0142\u0105czona jest zgrabna instrukcja obrazkowa oraz narz\u0119dzia, \u015brubki, uchwyty, uszczelki i akcesoria do gier (np. pi\u0142ki, kije, paletki lub zbijaki). Gamesson jest mark\u0105 szwedzkiej firmy Bex Sport. Producenta gier na \u015bwie\u017cym powietrzu i w domu Sercem firmy Bex Sport jest nasza pasja do oferowania produkt\u00f3w, kt\u00f3re daj\u0105 rado\u015b\u0107. Rado\u015b\u0107 zar\u00f3wno m\u0142odszym, jak i starszym, w\u015br\u00f3d rodziny i przyjaci\u00f3\u0142. Uwielbiamy wymy\u015bla\u0107 i produkowa\u0107 gry, kt\u00f3rymi mo\u017cna si\u0119 cieszy\u0107 zar\u00f3wno w domu, jak i na zewn\u0105trz. Proste zasady, kt\u00f3re pozwalaj\u0105 szybko rozpocz\u0105\u0107 gr\u0119, a w razie potrzeby dostosowa\u0107 zasady tak, aby ka\u017cdy m\u00f3g\u0142 si\u0119 nimi cieszy\u0107. Zesp\u00f3\u0142 ds. zakup\u00f3w w firmie Bex Sport nieustannie d\u0105\u017cy do zapewnienia najlepszej jako\u015bci i wzornictwa w atrakcyjnym opakowaniu. W 2022 roku szwedzka firma Bex Sport po\u0142\u0105czy\u0142a si\u0119 z firm\u0105 Tactic Nasza misja polega na: -produkowaniu zabawek, kt\u00f3re pomagaj\u0105 rodzinom i znajomym sp\u0119dza\u0107 wsp\u00f3lnie czas. -wprowadzaniu najwy\u017cszych standard\u00f3w obs\u0142ugi klienta -umo\u017cliwianiu nawi\u0105zywania bli\u017cszych relacji i zbli\u017caniu do siebie cz\u0142onk\u00f3w rodziny -dzia\u0142aniu w spos\u00f3b zr\u00f3wnowa\u017cony dla \u015brodowiska i etyczny<\/p>\n","protected":false},"excerpt":{"rendered":"<p>Gamesson to szwedzka marka sto\u0142\u00f3w sportowych i akcesori\u00f3w. Nasze motto to jako\u015b\u0107 i dobry stosunek jako\u015bci do ceny. Dlatego stale poprawiamy design i grywalno\u015b\u0107 swoich produkt\u00f3w. Jest to ci\u0105g\u0142y proces, kt\u00f3ry nigdy si\u0119 nie ko\u0144czy, a my ci\u0119\u017cko pracujemy, aby spe\u0142ni\u0107 Twoje oczekiwania i wymagania. Gamesson posiada szerok\u0105 gam\u0119 gier sto\u0142owych, dzi\u0119ki czemu ka\u017cdy klient [&hellip;]<\/p>\n","protected":false},"featured_media":0,"template":"","meta":{"content-type":"","_monsterinsights_skip_tracking":false,"_monsterinsights_sitenote_active":false,"_monsterinsights_sitenote_note":"","_monsterinsights_sitenote_category":0},"product_brand":[],"product_cat":[2330],"product_tag":[],"brand":[],"target-group":[],"discontinued":[],"class_list":{"0":"post-1370633","1":"product","2":"type-product","3":"status-publish","5":"product_cat-bex-sport-gry-plenerowe","7":"first","8":"instock","9":"taxable","10":"shipping-taxable","11":"product-type-simple"},"aioseo_notices":[],"_links":{"self":[{"href":"https:\/\/games.tactic.net\/pl\/wp-json\/wp\/v2\/product\/1370633","targetHints":{"allow":["GET"]}}],"collection":[{"href":"https:\/\/games.tactic.net\/pl\/wp-json\/wp\/v2\/product"}],"about":[{"href":"https:\/\/games.tactic.net\/pl\/wp-json\/wp\/v2\/types\/product"}],"wp:attachment":[{"href":"https:\/\/games.tactic.net\/pl\/wp-json\/wp\/v2\/media?parent=1370633"}],"wp:term":[{"taxonomy":"product_brand","embeddable":true,"href":"https:\/\/games.tactic.net\/pl\/wp-json\/wp\/v2\/product_brand?post=1370633"},{"taxonomy":"product_cat","embeddable":true,"href":"https:\/\/games.tactic.net\/pl\/wp-json\/wp\/v2\/product_cat?post=1370633"},{"taxonomy":"product_tag","embeddable":true,"href":"https:\/\/games.tactic.net\/pl\/wp-json\/wp\/v2\/product_tag?post=1370633"},{"taxonomy":"brand","embeddable":true,"href":"https:\/\/games.tactic.net\/pl\/wp-json\/wp\/v2\/brand?post=1370633"},{"taxonomy":"target-group","embeddable":true,"href":"https:\/\/games.tactic.net\/pl\/wp-json\/wp\/v2\/target-group?post=1370633"},{"taxonomy":"discontinued","embeddable":true,"href":"https:\/\/games.tactic.net\/pl\/wp-json\/wp\/v2\/discontinued?post=1370633"}],"curies":[{"name":"wp","href":"https:\/\/api.w.org\/{rel}","templated":true}]}}