{"id":1370630,"date":"2026-04-23T19:21:05","date_gmt":"2026-04-23T16:21:05","guid":{"rendered":"https:\/\/games.tactic.net\/tuote\/tactic-rubble-crew-3-in-1-lotto-domino-memo\/"},"modified":"2026-04-23T19:21:05","modified_gmt":"2026-04-23T16:21:05","slug":"tactic-rubble-crew-3-in-1-lotto-domino-memo","status":"publish","type":"product","link":"https:\/\/games.tactic.net\/pl\/tuote\/tactic-rubble-crew-3-in-1-lotto-domino-memo\/","title":{"rendered":"Tactic Rubble  Crew 3 in 1 Lotto, Domino, Memo"},"content":{"rendered":"<p>Trzy \u015bwietne gry w jednym pude\u0142ku! To pude\u0142ko zawiera trzy klasyczne gry: Memo, Lotto i Domino. Zbieraj jak najwi\u0119cej par kafelk\u00f3w (Memo), znajd\u017a kafelki pasuj\u0105ce do obrazk\u00f3w na swojej planszy (Lotto) i buduj d\u0142ugie ci\u0105gi z kafelk\u00f3w (Domino). Niesko\u0144czona zabawa dla wszystkich!<\/p>\n","protected":false},"excerpt":{"rendered":"<p>Trzy ponadczasowe gry w jednym pude\u0142ku! Zawiera klasyczne gry Memo, Lotto i Domino. Niesko\u0144czona zabawa dla wszystkich!<\/p>\n","protected":false},"featured_media":0,"template":"","meta":{"content-type":"","_monsterinsights_skip_tracking":false,"_monsterinsights_sitenote_active":false,"_monsterinsights_sitenote_note":"","_monsterinsights_sitenote_category":0},"product_brand":[],"product_cat":[1780,1796],"product_tag":[1234],"brand":[],"target-group":[],"discontinued":[],"class_list":{"0":"post-1370630","1":"product","2":"type-product","3":"status-publish","5":"product_cat-gry-pamieciowe","6":"product_cat-gry-planszowe-dla-dzieci","7":"product_tag-laczenie-pl","9":"first","10":"instock","11":"taxable","12":"shipping-taxable","13":"product-type-simple"},"aioseo_notices":[],"_links":{"self":[{"href":"https:\/\/games.tactic.net\/pl\/wp-json\/wp\/v2\/product\/1370630","targetHints":{"allow":["GET"]}}],"collection":[{"href":"https:\/\/games.tactic.net\/pl\/wp-json\/wp\/v2\/product"}],"about":[{"href":"https:\/\/games.tactic.net\/pl\/wp-json\/wp\/v2\/types\/product"}],"wp:attachment":[{"href":"https:\/\/games.tactic.net\/pl\/wp-json\/wp\/v2\/media?parent=1370630"}],"wp:term":[{"taxonomy":"product_brand","embeddable":true,"href":"https:\/\/games.tactic.net\/pl\/wp-json\/wp\/v2\/product_brand?post=1370630"},{"taxonomy":"product_cat","embeddable":true,"href":"https:\/\/games.tactic.net\/pl\/wp-json\/wp\/v2\/product_cat?post=1370630"},{"taxonomy":"product_tag","embeddable":true,"href":"https:\/\/games.tactic.net\/pl\/wp-json\/wp\/v2\/product_tag?post=1370630"},{"taxonomy":"brand","embeddable":true,"href":"https:\/\/games.tactic.net\/pl\/wp-json\/wp\/v2\/brand?post=1370630"},{"taxonomy":"target-group","embeddable":true,"href":"https:\/\/games.tactic.net\/pl\/wp-json\/wp\/v2\/target-group?post=1370630"},{"taxonomy":"discontinued","embeddable":true,"href":"https:\/\/games.tactic.net\/pl\/wp-json\/wp\/v2\/discontinued?post=1370630"}],"curies":[{"name":"wp","href":"https:\/\/api.w.org\/{rel}","templated":true}]}}