{"id":1370503,"date":"2026-04-17T16:09:24","date_gmt":"2026-04-17T13:09:24","guid":{"rendered":"https:\/\/games.tactic.net\/tuote\/1000-pcs-puzzle-locks-and-keys\/"},"modified":"2026-04-17T16:09:24","modified_gmt":"2026-04-17T13:09:24","slug":"1000-pcs-puzzle-locks-and-keys","status":"publish","type":"product","link":"https:\/\/games.tactic.net\/pl\/tuote\/1000-pcs-puzzle-locks-and-keys\/","title":{"rendered":"1000 pcs puzzle: Locks and Keys"},"content":{"rendered":"<p>Odkryj \u015bwiat detali i kunsztu wykonania. Ta uk\u0142adanka 1000 element\u00f3w oferuje satysfakcjonuj\u0105ce wyzwanie dla mi\u0142o\u015bnik\u00f3w puzzli, kt\u00f3rzy doceniaj\u0105 histori\u0119 i ponadczasowy design. Idealna na spokojne sesje uk\u0142adania i elegancka do wyeksponowania po uko\u0144czeniu.<\/p>\n","protected":false},"excerpt":{"rendered":"<p>Odkryj \u015bwiat detali i kunsztu wykonania. Ta uk\u0142adanka 1000 element\u00f3w oferuje satysfakcjonuj\u0105ce wyzwanie dla mi\u0142o\u015bnik\u00f3w puzzli, kt\u00f3rzy doceniaj\u0105 histori\u0119 i ponadczasowy design. Idealna na spokojne sesje uk\u0142adania i elegancka do wyeksponowania po uko\u0144czeniu.<\/p>\n","protected":false},"featured_media":0,"template":"","meta":{"content-type":"","_monsterinsights_skip_tracking":false,"_monsterinsights_sitenote_active":false,"_monsterinsights_sitenote_note":"","_monsterinsights_sitenote_category":0},"product_brand":[],"product_cat":[926],"product_tag":[],"brand":[],"target-group":[],"discontinued":[],"class_list":{"0":"post-1370503","1":"product","2":"type-product","3":"status-publish","5":"product_cat-1000-elementow","7":"first","8":"instock","9":"taxable","10":"shipping-taxable","11":"product-type-simple"},"aioseo_notices":[],"_links":{"self":[{"href":"https:\/\/games.tactic.net\/pl\/wp-json\/wp\/v2\/product\/1370503","targetHints":{"allow":["GET"]}}],"collection":[{"href":"https:\/\/games.tactic.net\/pl\/wp-json\/wp\/v2\/product"}],"about":[{"href":"https:\/\/games.tactic.net\/pl\/wp-json\/wp\/v2\/types\/product"}],"wp:attachment":[{"href":"https:\/\/games.tactic.net\/pl\/wp-json\/wp\/v2\/media?parent=1370503"}],"wp:term":[{"taxonomy":"product_brand","embeddable":true,"href":"https:\/\/games.tactic.net\/pl\/wp-json\/wp\/v2\/product_brand?post=1370503"},{"taxonomy":"product_cat","embeddable":true,"href":"https:\/\/games.tactic.net\/pl\/wp-json\/wp\/v2\/product_cat?post=1370503"},{"taxonomy":"product_tag","embeddable":true,"href":"https:\/\/games.tactic.net\/pl\/wp-json\/wp\/v2\/product_tag?post=1370503"},{"taxonomy":"brand","embeddable":true,"href":"https:\/\/games.tactic.net\/pl\/wp-json\/wp\/v2\/brand?post=1370503"},{"taxonomy":"target-group","embeddable":true,"href":"https:\/\/games.tactic.net\/pl\/wp-json\/wp\/v2\/target-group?post=1370503"},{"taxonomy":"discontinued","embeddable":true,"href":"https:\/\/games.tactic.net\/pl\/wp-json\/wp\/v2\/discontinued?post=1370503"}],"curies":[{"name":"wp","href":"https:\/\/api.w.org\/{rel}","templated":true}]}}