{"id":1370271,"date":"2026-04-14T12:10:26","date_gmt":"2026-04-14T09:10:26","guid":{"rendered":"https:\/\/games.tactic.net\/tuote\/500-pcs-puzzle-gigglewear\/"},"modified":"2026-04-14T12:10:26","modified_gmt":"2026-04-14T09:10:26","slug":"500-pcs-puzzle-gigglewear","status":"publish","type":"product","link":"https:\/\/games.tactic.net\/pl\/tuote\/500-pcs-puzzle-gigglewear\/","title":{"rendered":"500 pcs puzzle: Gigglewear"},"content":{"rendered":"<p>Tactic Puzzle Lovers Gigglewear puzzle 500 element\u00f3w zachwyca swoj\u0105 zabawn\u0105 ilustracj\u0105, w kt\u00f3rej kolorowe postacie i ubrania tworz\u0105 lekk\u0105 i radosn\u0105 kompozycj\u0119. Przyjazny styl wizualny sprawia, \u017ce uk\u0142adanie jest relaksuj\u0105ce i przyjemne. Puzzle 500 element\u00f3w oferuj\u0105 idealn\u0105 r\u00f3wnowag\u0119 mi\u0119dzy relaksem a wyzwaniem. Szczeg\u00f3\u0142owa ilustracja utrzymuje zaanga\u017cowanie, a wyra\u017ane kszta\u0142ty pomagaj\u0105 stopniowo posuwa\u0107 si\u0119 naprz\u00f3d. Elementy dobrze do siebie pasuj\u0105, co sprawia, \u017ce uk\u0142adanie jest przyjemne, a zr\u00f3\u017cnicowane kszta\u0142ty dodaj\u0105 dodatkowej atrakcyjno\u015bci. Elementy nie s\u0105 identyczne, a ich r\u00f3\u017cne formy i po\u0142\u0105czenia u\u0142atwiaj\u0105 znalezienie w\u0142a\u015bciwego miejsca. Puzzle s\u0105 produkowane w Finlandii we w\u0142asnej fabryce Tactic Games, gdzie dba si\u0119 o identyfikowalno\u015b\u0107 materia\u0142\u00f3w i odpowiedzialn\u0105 produkcj\u0119. Certyfikat FSC oraz staranne monitorowanie \u015bladu w\u0119glowego wspieraj\u0105 zr\u00f3wnowa\u017cony wyb\u00f3r.<\/p>\n","protected":false},"excerpt":{"rendered":"<p>Tactic Puzzle Lovers Gigglewear puzzle 500 element\u00f3w przedstawia zabawn\u0105 i kolorow\u0105 ilustracj\u0119 z radosnymi postaciami i ubraniami. Wysokiej jako\u015bci puzzle wyprodukowane w Finlandii.<\/p>\n","protected":false},"featured_media":0,"template":"","meta":{"content-type":"","_monsterinsights_skip_tracking":false,"_monsterinsights_sitenote_active":false,"_monsterinsights_sitenote_note":"","_monsterinsights_sitenote_category":0},"product_brand":[],"product_cat":[918],"product_tag":[],"brand":[{"id":607,"name":"PuzzleLovers","slug":"puzzlelovers_pl"}],"target-group":[],"discontinued":[],"class_list":{"0":"post-1370271","1":"product","2":"type-product","3":"status-publish","5":"product_cat-500-elementow","6":"brand-puzzlelovers_pl","8":"first","9":"instock","10":"taxable","11":"shipping-taxable","12":"product-type-simple"},"aioseo_notices":[],"_links":{"self":[{"href":"https:\/\/games.tactic.net\/pl\/wp-json\/wp\/v2\/product\/1370271","targetHints":{"allow":["GET"]}}],"collection":[{"href":"https:\/\/games.tactic.net\/pl\/wp-json\/wp\/v2\/product"}],"about":[{"href":"https:\/\/games.tactic.net\/pl\/wp-json\/wp\/v2\/types\/product"}],"wp:attachment":[{"href":"https:\/\/games.tactic.net\/pl\/wp-json\/wp\/v2\/media?parent=1370271"}],"wp:term":[{"taxonomy":"product_brand","embeddable":true,"href":"https:\/\/games.tactic.net\/pl\/wp-json\/wp\/v2\/product_brand?post=1370271"},{"taxonomy":"product_cat","embeddable":true,"href":"https:\/\/games.tactic.net\/pl\/wp-json\/wp\/v2\/product_cat?post=1370271"},{"taxonomy":"product_tag","embeddable":true,"href":"https:\/\/games.tactic.net\/pl\/wp-json\/wp\/v2\/product_tag?post=1370271"},{"taxonomy":"brand","embeddable":true,"href":"https:\/\/games.tactic.net\/pl\/wp-json\/wp\/v2\/brand?post=1370271"},{"taxonomy":"target-group","embeddable":true,"href":"https:\/\/games.tactic.net\/pl\/wp-json\/wp\/v2\/target-group?post=1370271"},{"taxonomy":"discontinued","embeddable":true,"href":"https:\/\/games.tactic.net\/pl\/wp-json\/wp\/v2\/discontinued?post=1370271"}],"curies":[{"name":"wp","href":"https:\/\/api.w.org\/{rel}","templated":true}]}}