{"id":1370061,"date":"2026-03-27T14:21:33","date_gmt":"2026-03-27T12:21:33","guid":{"rendered":"https:\/\/games.tactic.net\/tuote\/bex-star-family-fsc-certified\/"},"modified":"2026-03-27T14:21:33","modified_gmt":"2026-03-27T12:21:33","slug":"bex-star-family-fsc-certified","status":"publish","type":"product","link":"https:\/\/games.tactic.net\/pl\/tuote\/bex-star-family-fsc-certified\/","title":{"rendered":"Bex Star Family (FSC Certified)"},"content":{"rendered":"<p>5STAR. Taktyczna gra dla wszystkich grup wiekowych. Dru\u017cyny rywalizuj\u0105 o to, aby umie\u015bci\u0107 swoje kostki jak najbli\u017cej \u017c\u00f3\u0142tej pi\u0142ki i zdobywaj\u0105 punkty za ka\u017cdym razem, gdy kto\u015b wyrzuci now\u0105 STAR (liczb\u0119 5). Pierwsza dru\u017cyna, kt\u00f3ra zdob\u0119dzie 25 punkt\u00f3w, wygrywa. Jako\u015b\u0107: drewno z certyfikatem FSC.<\/p>\n","protected":false},"excerpt":{"rendered":"<p>5STAR. Taktyczna gra dla wszystkich grup wiekowych. Dru\u017cyny rywalizuj\u0105 o to, aby umie\u015bci\u0107 swoje kostki jak najbli\u017cej \u017c\u00f3\u0142tej pi\u0142ki i zdobywaj\u0105 punkty za ka\u017cdym razem, gdy kto\u015b wyrzuci now\u0105 STAR (liczb\u0119 5). Pierwsza dru\u017cyna, kt\u00f3ra zdob\u0119dzie 25 punkt\u00f3w, wygrywa. Jako\u015b\u0107: drewno z certyfikatem FSC.<\/p>\n","protected":false},"featured_media":0,"template":"","meta":{"content-type":"","_monsterinsights_skip_tracking":false,"_monsterinsights_sitenote_active":false,"_monsterinsights_sitenote_note":"","_monsterinsights_sitenote_category":0},"product_brand":[],"product_cat":[2330],"product_tag":[],"brand":[{"id":2095,"name":"BEX Sport","slug":"bex-sport"}],"target-group":[],"discontinued":[],"class_list":{"0":"post-1370061","1":"product","2":"type-product","3":"status-publish","5":"product_cat-bex-sport-gry-plenerowe","6":"brand-bex-sport","8":"first","9":"instock","10":"taxable","11":"shipping-taxable","12":"product-type-simple"},"aioseo_notices":[],"_links":{"self":[{"href":"https:\/\/games.tactic.net\/pl\/wp-json\/wp\/v2\/product\/1370061","targetHints":{"allow":["GET"]}}],"collection":[{"href":"https:\/\/games.tactic.net\/pl\/wp-json\/wp\/v2\/product"}],"about":[{"href":"https:\/\/games.tactic.net\/pl\/wp-json\/wp\/v2\/types\/product"}],"wp:attachment":[{"href":"https:\/\/games.tactic.net\/pl\/wp-json\/wp\/v2\/media?parent=1370061"}],"wp:term":[{"taxonomy":"product_brand","embeddable":true,"href":"https:\/\/games.tactic.net\/pl\/wp-json\/wp\/v2\/product_brand?post=1370061"},{"taxonomy":"product_cat","embeddable":true,"href":"https:\/\/games.tactic.net\/pl\/wp-json\/wp\/v2\/product_cat?post=1370061"},{"taxonomy":"product_tag","embeddable":true,"href":"https:\/\/games.tactic.net\/pl\/wp-json\/wp\/v2\/product_tag?post=1370061"},{"taxonomy":"brand","embeddable":true,"href":"https:\/\/games.tactic.net\/pl\/wp-json\/wp\/v2\/brand?post=1370061"},{"taxonomy":"target-group","embeddable":true,"href":"https:\/\/games.tactic.net\/pl\/wp-json\/wp\/v2\/target-group?post=1370061"},{"taxonomy":"discontinued","embeddable":true,"href":"https:\/\/games.tactic.net\/pl\/wp-json\/wp\/v2\/discontinued?post=1370061"}],"curies":[{"name":"wp","href":"https:\/\/api.w.org\/{rel}","templated":true}]}}