{"id":1370059,"date":"2026-03-27T14:21:18","date_gmt":"2026-03-27T12:21:18","guid":{"rendered":"https:\/\/games.tactic.net\/tuote\/bex-ring-toss-family-fsc-certified\/"},"modified":"2026-03-27T14:21:18","modified_gmt":"2026-03-27T12:21:18","slug":"bex-ring-toss-family-fsc-certified","status":"publish","type":"product","link":"https:\/\/games.tactic.net\/pl\/tuote\/bex-ring-toss-family-fsc-certified\/","title":{"rendered":"Bex Ring Toss Family (FSC Certified)"},"content":{"rendered":"<p>RING TOSS Family certyfikat FSC &#8211; drewno sosnowe.<br \/>\nProsta gra, kt\u00f3r\u0105 mo\u017cna zabra\u0107 na pla\u017c\u0119 lub wykorzysta\u0107 jako trening rzucania. Aby zagra\u0107, rzucasz pier\u015bcieniami wykonanymi z liny i starasz si\u0119, aby wyl\u0105dowa\u0142y wok\u00f3\u0142 ko\u0142k\u00f3w. Punkty zdobywa si\u0119 w oparciu o liczby zaznaczone obok ko\u0142ka na drewnianej podstawie.<br \/>\nZawarto\u015b\u0107:<br \/>\nPodstawa dwucz\u0119\u015bciowa: 42\u00d74,5\u00d72 cm (2 sztuki)<br \/>\nDocelowy ko\u0142ek: 19x \u00d82 cm (5 sztuk)<br \/>\nPier\u015bcie\u0144 : 15\u00d71 cm<br \/>\nWaga zestawu: 0,75kg<br \/>\nTa gra Ring toss jest wykonana z drewna certyfikowanego przez FSC\u00ae (FSC C171450). Wybieraj\u0105c produkty z etykiet\u0105 FSC, pomagasz dba\u0107 o \u015bwiatowe lasy.<\/p>\n<p>Szwedzka firma Bex Sport to producent gier na \u015bwie\u017cym powietrzu i w domu Sercem firmy Bex Sport jest nasza pasja do oferowania produkt\u00f3w, kt\u00f3re daj\u0105 rado\u015b\u0107. Rado\u015b\u0107 zar\u00f3wno m\u0142odszym, jak i starszym, w\u015br\u00f3d rodziny i przyjaci\u00f3\u0142. Uwielbiamy wymy\u015bla\u0107 i produkowa\u0107 gry, kt\u00f3rymi mo\u017cna si\u0119 cieszy\u0107 zar\u00f3wno w domu, jak i na zewn\u0105trz. Proste zasady, kt\u00f3re pozwalaj\u0105 szybko rozpocz\u0105\u0107 gr\u0119, a w razie potrzeby dostosowa\u0107 zasady tak, aby ka\u017cdy m\u00f3g\u0142 si\u0119 nimi cieszy\u0107. Zesp\u00f3\u0142 ds. zakup\u00f3w w firmie Bex Sport nieustannie d\u0105\u017cy do zapewnienia najlepszej jako\u015bci i wzornictwa w atrakcyjnym opakowaniu. W 2022 roku szwedzka firma Bex Sport po\u0142\u0105czy\u0142a si\u0119 z firm\u0105 Tactic<\/p>\n","protected":false},"excerpt":{"rendered":"<p>RING TOSS Family certyfikat FSC &#8211; drewno sosnowe. Prosta gra, kt\u00f3r\u0105 mo\u017cna zabra\u0107 na pla\u017c\u0119 lub wykorzysta\u0107 jako trening rzucania. Aby zagra\u0107, rzucasz pier\u015bcieniami wykonanymi z liny i starasz si\u0119, aby wyl\u0105dowa\u0142y wok\u00f3\u0142 ko\u0142k\u00f3w. Punkty zdobywa si\u0119 w oparciu o liczby zaznaczone obok ko\u0142ka na drewnianej podstawie. Zawarto\u015b\u0107: Podstawa dwucz\u0119\u015bciowa: 42\u00d74,5\u00d72 cm (2 sztuki) Docelowy [&hellip;]<\/p>\n","protected":false},"featured_media":0,"template":"","meta":{"content-type":"","_monsterinsights_skip_tracking":false,"_monsterinsights_sitenote_active":false,"_monsterinsights_sitenote_note":"","_monsterinsights_sitenote_category":0},"product_brand":[],"product_cat":[2330],"product_tag":[],"brand":[{"id":2095,"name":"BEX Sport","slug":"bex-sport"}],"target-group":[],"discontinued":[],"class_list":{"0":"post-1370059","1":"product","2":"type-product","3":"status-publish","5":"product_cat-bex-sport-gry-plenerowe","6":"brand-bex-sport","8":"first","9":"outofstock","10":"taxable","11":"shipping-taxable","12":"product-type-simple"},"aioseo_notices":[],"_links":{"self":[{"href":"https:\/\/games.tactic.net\/pl\/wp-json\/wp\/v2\/product\/1370059","targetHints":{"allow":["GET"]}}],"collection":[{"href":"https:\/\/games.tactic.net\/pl\/wp-json\/wp\/v2\/product"}],"about":[{"href":"https:\/\/games.tactic.net\/pl\/wp-json\/wp\/v2\/types\/product"}],"wp:attachment":[{"href":"https:\/\/games.tactic.net\/pl\/wp-json\/wp\/v2\/media?parent=1370059"}],"wp:term":[{"taxonomy":"product_brand","embeddable":true,"href":"https:\/\/games.tactic.net\/pl\/wp-json\/wp\/v2\/product_brand?post=1370059"},{"taxonomy":"product_cat","embeddable":true,"href":"https:\/\/games.tactic.net\/pl\/wp-json\/wp\/v2\/product_cat?post=1370059"},{"taxonomy":"product_tag","embeddable":true,"href":"https:\/\/games.tactic.net\/pl\/wp-json\/wp\/v2\/product_tag?post=1370059"},{"taxonomy":"brand","embeddable":true,"href":"https:\/\/games.tactic.net\/pl\/wp-json\/wp\/v2\/brand?post=1370059"},{"taxonomy":"target-group","embeddable":true,"href":"https:\/\/games.tactic.net\/pl\/wp-json\/wp\/v2\/target-group?post=1370059"},{"taxonomy":"discontinued","embeddable":true,"href":"https:\/\/games.tactic.net\/pl\/wp-json\/wp\/v2\/discontinued?post=1370059"}],"curies":[{"name":"wp","href":"https:\/\/api.w.org\/{rel}","templated":true}]}}