{"id":1370058,"date":"2026-03-27T14:21:12","date_gmt":"2026-03-27T12:21:12","guid":{"rendered":"https:\/\/games.tactic.net\/tuote\/bex-croquet-family-6-player-fsc-certified\/"},"modified":"2026-03-27T14:21:12","modified_gmt":"2026-03-27T12:21:12","slug":"bex-croquet-family-6-player-fsc-certified","status":"publish","type":"product","link":"https:\/\/games.tactic.net\/pl\/tuote\/bex-croquet-family-6-player-fsc-certified\/","title":{"rendered":"Bex Croquet Family 6 player (FSC Certified)"},"content":{"rendered":"<p>KROKIET ZESTAW DLA 6 OS\u00d3B WERSJA FAMILY Krokiet gra plenerowa uprawiana jest g\u0142\u00f3wnie w Anglii i Stanach Zjednoczonych. Wielbiciele tej prostej zabawy s\u0105 jednak na ca\u0142ym \u015bwiecie. Polega na jak najszybszym przetoczeniu drewnianej kuli krokietowej za pomoc\u0105 drewnianego m\u0142otka z jednej linii ko\u0144cowej boiska na drug\u0105 i z powrotem. Zawodnicy musz\u0105 przetoczy\u0107 kul\u0119 wed\u0142ug ustalonego porz\u0105dku poprzez 6\u20137 bramek. Kto wykona to w najmniejszej ilo\u015bci ruch\u00f3w wygrywa.<br \/>\nCechy produktu:<br \/>\nMateria\u0142: trwa\u0142e drewno sosnowe <\/p>\n<p>Gra powsta\u0142a z certyfikowanego drewna pochodz\u0105cego z odpowiedzialnych \u017ar\u00f3de\u0142. Numer certyfikatu FSC C171450.<\/p>\n<p>Zawarto\u015b\u0107:<br \/>\nM\u0142otki: 15.5\u00d75.5 cm \uff08 6szt. \uff09<br \/>\nR\u0105czki do m\u0142otka: 75\u00d72 cm \uff08 6szt. \uff09<br \/>\nZnaczniki odleg\u0142o\u015bci: 39.5\u00d72 cm \uff08 2szt. \uff09<br \/>\nKule: \u015brednica 7.5 cm \uff08 6szt. \uff09<br \/>\nBramki: 17\u00d727 cm (10szt.)<br \/>\n-zasady i instrukcja wieloj\u0119zyczna (instrukcja w j. polskim dost\u0119pna online). <\/p>\n<p>Ta gra jest przeznaczona do u\u017cywania na zewn\u0105trz. <\/p>\n<p>Szwedzka firma Bex Sport to producent gier na \u015bwie\u017cym powietrzu i w domu.<br \/>\nSercem firmy Bex Sport jest nasza pasja do oferowania produkt\u00f3w, kt\u00f3re daj\u0105 rado\u015b\u0107. Rado\u015b\u0107 zar\u00f3wno m\u0142odszym, jak i starszym, w\u015br\u00f3d rodziny i przyjaci\u00f3\u0142. Uwielbiamy wymy\u015bla\u0107 i produkowa\u0107 gry, kt\u00f3rymi mo\u017cna si\u0119 cieszy\u0107 zar\u00f3wno w domu, jak i na zewn\u0105trz. Proste zasady, kt\u00f3re pozwalaj\u0105 szybko rozpocz\u0105\u0107 gr\u0119, a w razie potrzeby dostosowa\u0107 zasady tak, aby ka\u017cdy m\u00f3g\u0142 si\u0119 nimi cieszy\u0107. Zesp\u00f3\u0142 ds. zakup\u00f3w w firmie Bex Sport nieustannie d\u0105\u017cy do zapewnienia najlepszej jako\u015bci i wzornictwa w atrakcyjnym opakowaniu.<br \/>\nW 2022 roku szwedzka firma Bex Sport po\u0142\u0105czy\u0142a si\u0119 z firm\u0105 Tactic.<\/p>\n","protected":false},"excerpt":{"rendered":"<p>KROKIET ZESTAW DLA 6 OS\u00d3B WERSJA FAMILY Krokiet gra plenerowa uprawiana jest g\u0142\u00f3wnie w Anglii i Stanach Zjednoczonych. Wielbiciele tej prostej zabawy s\u0105 jednak na ca\u0142ym \u015bwiecie. Polega na jak najszybszym przetoczeniu drewnianej kuli krokietowej za pomoc\u0105 drewnianego m\u0142otka z jednej linii ko\u0144cowej boiska na drug\u0105 i z powrotem. Zawodnicy musz\u0105 przetoczy\u0107 kul\u0119 wed\u0142ug ustalonego [&hellip;]<\/p>\n","protected":false},"featured_media":0,"template":"","meta":{"content-type":"","_monsterinsights_skip_tracking":false,"_monsterinsights_sitenote_active":false,"_monsterinsights_sitenote_note":"","_monsterinsights_sitenote_category":0},"product_brand":[],"product_cat":[2330],"product_tag":[],"brand":[{"id":2095,"name":"BEX Sport","slug":"bex-sport"}],"target-group":[],"discontinued":[],"class_list":{"0":"post-1370058","1":"product","2":"type-product","3":"status-publish","5":"product_cat-bex-sport-gry-plenerowe","6":"brand-bex-sport","8":"first","9":"instock","10":"taxable","11":"shipping-taxable","12":"product-type-simple"},"aioseo_notices":[],"_links":{"self":[{"href":"https:\/\/games.tactic.net\/pl\/wp-json\/wp\/v2\/product\/1370058","targetHints":{"allow":["GET"]}}],"collection":[{"href":"https:\/\/games.tactic.net\/pl\/wp-json\/wp\/v2\/product"}],"about":[{"href":"https:\/\/games.tactic.net\/pl\/wp-json\/wp\/v2\/types\/product"}],"wp:attachment":[{"href":"https:\/\/games.tactic.net\/pl\/wp-json\/wp\/v2\/media?parent=1370058"}],"wp:term":[{"taxonomy":"product_brand","embeddable":true,"href":"https:\/\/games.tactic.net\/pl\/wp-json\/wp\/v2\/product_brand?post=1370058"},{"taxonomy":"product_cat","embeddable":true,"href":"https:\/\/games.tactic.net\/pl\/wp-json\/wp\/v2\/product_cat?post=1370058"},{"taxonomy":"product_tag","embeddable":true,"href":"https:\/\/games.tactic.net\/pl\/wp-json\/wp\/v2\/product_tag?post=1370058"},{"taxonomy":"brand","embeddable":true,"href":"https:\/\/games.tactic.net\/pl\/wp-json\/wp\/v2\/brand?post=1370058"},{"taxonomy":"target-group","embeddable":true,"href":"https:\/\/games.tactic.net\/pl\/wp-json\/wp\/v2\/target-group?post=1370058"},{"taxonomy":"discontinued","embeddable":true,"href":"https:\/\/games.tactic.net\/pl\/wp-json\/wp\/v2\/discontinued?post=1370058"}],"curies":[{"name":"wp","href":"https:\/\/api.w.org\/{rel}","templated":true}]}}