{"id":1370057,"date":"2026-03-27T14:21:03","date_gmt":"2026-03-27T12:21:03","guid":{"rendered":"https:\/\/games.tactic.net\/tuote\/sunsport-tether-ball\/"},"modified":"2026-03-27T14:21:03","modified_gmt":"2026-03-27T12:21:03","slug":"sunsport-tether-ball","status":"publish","type":"product","link":"https:\/\/games.tactic.net\/pl\/tuote\/sunsport-tether-ball\/","title":{"rendered":"Sunsport Tether Ball"},"content":{"rendered":"<p>Zabawna odmiana tenisa. Gracie przeciwko sobie, a zwyci\u0119zc\u0105 zostaje ten, kto jako pierwszy doprowadzi \u201emetalowy wirnik\u201d do do\u0142u lub do g\u00f3ry. \u0141atwy do wbicia w trawnik lub piasek. Gra ma trzy regulowane wysoko\u015bci: 124 cm, 131 cm, 138 cm. Wykonana z metalu.<\/p>\n","protected":false},"excerpt":{"rendered":"<p>Zabawna odmiana tenisa. Gracie przeciwko sobie, a zwyci\u0119zc\u0105 zostaje ten, kto jako pierwszy doprowadzi \u201emetalowy wirnik\u201d do do\u0142u lub do g\u00f3ry. \u0141atwy do wbicia w trawnik lub piasek. Gra ma trzy regulowane wysoko\u015bci: 124 cm, 131 cm, 138 cm. Wykonana z metalu.<\/p>\n","protected":false},"featured_media":0,"template":"","meta":{"content-type":"","_monsterinsights_skip_tracking":false,"_monsterinsights_sitenote_active":false,"_monsterinsights_sitenote_note":"","_monsterinsights_sitenote_category":0},"product_brand":[],"product_cat":[2330],"product_tag":[],"brand":[],"target-group":[],"discontinued":[],"class_list":{"0":"post-1370057","1":"product","2":"type-product","3":"status-publish","5":"product_cat-bex-sport-gry-plenerowe","7":"first","8":"instock","9":"taxable","10":"shipping-taxable","11":"product-type-simple"},"aioseo_notices":[],"_links":{"self":[{"href":"https:\/\/games.tactic.net\/pl\/wp-json\/wp\/v2\/product\/1370057","targetHints":{"allow":["GET"]}}],"collection":[{"href":"https:\/\/games.tactic.net\/pl\/wp-json\/wp\/v2\/product"}],"about":[{"href":"https:\/\/games.tactic.net\/pl\/wp-json\/wp\/v2\/types\/product"}],"wp:attachment":[{"href":"https:\/\/games.tactic.net\/pl\/wp-json\/wp\/v2\/media?parent=1370057"}],"wp:term":[{"taxonomy":"product_brand","embeddable":true,"href":"https:\/\/games.tactic.net\/pl\/wp-json\/wp\/v2\/product_brand?post=1370057"},{"taxonomy":"product_cat","embeddable":true,"href":"https:\/\/games.tactic.net\/pl\/wp-json\/wp\/v2\/product_cat?post=1370057"},{"taxonomy":"product_tag","embeddable":true,"href":"https:\/\/games.tactic.net\/pl\/wp-json\/wp\/v2\/product_tag?post=1370057"},{"taxonomy":"brand","embeddable":true,"href":"https:\/\/games.tactic.net\/pl\/wp-json\/wp\/v2\/brand?post=1370057"},{"taxonomy":"target-group","embeddable":true,"href":"https:\/\/games.tactic.net\/pl\/wp-json\/wp\/v2\/target-group?post=1370057"},{"taxonomy":"discontinued","embeddable":true,"href":"https:\/\/games.tactic.net\/pl\/wp-json\/wp\/v2\/discontinued?post=1370057"}],"curies":[{"name":"wp","href":"https:\/\/api.w.org\/{rel}","templated":true}]}}