{"id":1369854,"date":"2026-03-11T15:17:03","date_gmt":"2026-03-11T13:17:03","guid":{"rendered":"https:\/\/games.tactic.net\/tuote\/bex-cornhole-family-fsc-1pc-mdf\/"},"modified":"2026-03-11T15:17:03","modified_gmt":"2026-03-11T13:17:03","slug":"bex-cornhole-family-fsc-1pc-mdf","status":"publish","type":"product","link":"https:\/\/games.tactic.net\/pl\/tuote\/bex-cornhole-family-fsc-1pc-mdf\/","title":{"rendered":"BEX Cornhole Family FSC 1pc MDF"},"content":{"rendered":"<p>Cornhole (znane r\u00f3wnie\u017c jako sack toss lub bags) to gra trawnikowa popularna w Ameryce P\u00f3\u0142nocnej, w kt\u00f3rej gracze lub dru\u017cyny na zmian\u0119 rzucaj\u0105 woreczkami z tkaniny na podniesion\u0105, pochylon\u0105 plansz\u0119 z otworem na jej drugim ko\u0144cu. Celem gry jest zdobycie punkt\u00f3w poprzez wyl\u0105dowanie worka na planszy (jeden punkt) lub prze\u0142o\u017cenie worka przez otw\u00f3r (trzy punkty).<\/p>\n<p>Mecz cornhole jest podzielony na rundy. Podczas ka\u017cdej rundy ka\u017cdy gracz lub dru\u017cyna rzuca czterema woreczkami w jednym kolorze.<\/p>\n<p>Punktacja. Aby zdoby\u0107 punkty, woreczki musz\u0105 znajdowa\u0107 si\u0119 na powierzchni planszy (1 punkt) lub wpa\u015b\u0107 bezpo\u015brednio do otworu, zsun\u0105\u0107 si\u0119 do otworu po uderzeniu w plansz\u0119 lub zosta\u0107 wbity do otworu przez inny worek (3 punkty). Kiedy jeden z graczy lub dru\u017cyn osi\u0105gnie lub przekroczy 21 punkt\u00f3w, wygrywa gr\u0119.<\/p>\n<p>Zawarto\u015b\u0107: Zestaw sk\u0142ada si\u0119 z jednej planszy z p\u0142yty MDF (60 x 30 x 3,5 cm), o\u015bmiu woreczk\u00f3w, torebki do przechowywania i transportu oraz zasad gry. <\/p>\n<p>Specyfikacja:<br \/>\n&#8211; Rozmiar pola gry: 600x300mm<br \/>\n&#8211; Materia\u0142 ramy i pola gry: MDF<br \/>\n&#8211; Zawiera 4 czerwone i 4 niebieskie woreczki oraz torb\u0119 transportow\u0105.<br \/>\n&#8211; zawiera instrukcj\u0119.<br \/>\n&#8211; masa: 2 kg. <\/p>\n<p>Bex Sport to szwedzki producent gier rekreacyjnych i sportowych, przeznaczonych do zabawy w domu jak i na \u015bwie\u017cym powietrzu. Nasz\u0105 pasj\u0105 jest tworzenie produkt\u00f3w, kt\u00f3re dostarczaj\u0105 rado\u015bci zar\u00f3wno dzieciom, jak i doros\u0142ym. Projektujemy gry o prostych zasadach, kt\u00f3re pozwalaj\u0105 szybko rozpocz\u0105\u0107 rozgrywk\u0119 i \u0142atwo dostosowa\u0107 j\u0105 do r\u00f3\u017cnych uczestnik\u00f3w. Nasze najwa\u017cniejsze marki to Bex \u2013 drewniane gry plenerowe, Gamesson \u2013 sto\u0142y sportowe i Dart, Sunsport \u2013 gry zespo\u0142owe. Dbamy o wysok\u0105 jako\u015b\u0107, nowoczesne wzornictwo i atrakcyjne opakowania. W 2022 roku Bex Sport po\u0142\u0105czy\u0142o si\u0142y z fi\u0144sk\u0105 firm\u0105 Tactic Games Oy, producentem wysokiej jako\u015bci gier rodzinnych. Tactic przyk\u0142ada du\u017c\u0105 wag\u0119 do zr\u00f3wnowa\u017conego rozwoju, monitoruj\u0105c \u015blad w\u0119glowy i zapewniaj\u0105c pe\u0142n\u0105 identyfikowalno\u015b\u0107 u\u017cywanych materia\u0142\u00f3w.<\/p>\n","protected":false},"excerpt":{"rendered":"<p>Cornhole (znane r\u00f3wnie\u017c jako sack toss lub bags) to gra trawnikowa popularna w Ameryce P\u00f3\u0142nocnej, w kt\u00f3rej gracze lub dru\u017cyny na zmian\u0119 rzucaj\u0105 woreczkami z tkaniny na podniesion\u0105, pochylon\u0105 plansz\u0119 z otworem na jej drugim ko\u0144cu. Celem gry jest zdobycie punkt\u00f3w poprzez wyl\u0105dowanie worka na planszy (jeden punkt) lub prze\u0142o\u017cenie worka przez otw\u00f3r (trzy punkty). [&hellip;]<\/p>\n","protected":false},"featured_media":0,"template":"","meta":{"content-type":"","_monsterinsights_skip_tracking":false,"_monsterinsights_sitenote_active":false,"_monsterinsights_sitenote_note":"","_monsterinsights_sitenote_category":0},"product_brand":[],"product_cat":[2330],"product_tag":[],"brand":[],"target-group":[],"discontinued":[],"class_list":{"0":"post-1369854","1":"product","2":"type-product","3":"status-publish","5":"product_cat-bex-sport-gry-plenerowe","7":"first","8":"outofstock","9":"taxable","10":"shipping-taxable","11":"product-type-simple"},"aioseo_notices":[],"_links":{"self":[{"href":"https:\/\/games.tactic.net\/pl\/wp-json\/wp\/v2\/product\/1369854","targetHints":{"allow":["GET"]}}],"collection":[{"href":"https:\/\/games.tactic.net\/pl\/wp-json\/wp\/v2\/product"}],"about":[{"href":"https:\/\/games.tactic.net\/pl\/wp-json\/wp\/v2\/types\/product"}],"wp:attachment":[{"href":"https:\/\/games.tactic.net\/pl\/wp-json\/wp\/v2\/media?parent=1369854"}],"wp:term":[{"taxonomy":"product_brand","embeddable":true,"href":"https:\/\/games.tactic.net\/pl\/wp-json\/wp\/v2\/product_brand?post=1369854"},{"taxonomy":"product_cat","embeddable":true,"href":"https:\/\/games.tactic.net\/pl\/wp-json\/wp\/v2\/product_cat?post=1369854"},{"taxonomy":"product_tag","embeddable":true,"href":"https:\/\/games.tactic.net\/pl\/wp-json\/wp\/v2\/product_tag?post=1369854"},{"taxonomy":"brand","embeddable":true,"href":"https:\/\/games.tactic.net\/pl\/wp-json\/wp\/v2\/brand?post=1369854"},{"taxonomy":"target-group","embeddable":true,"href":"https:\/\/games.tactic.net\/pl\/wp-json\/wp\/v2\/target-group?post=1369854"},{"taxonomy":"discontinued","embeddable":true,"href":"https:\/\/games.tactic.net\/pl\/wp-json\/wp\/v2\/discontinued?post=1369854"}],"curies":[{"name":"wp","href":"https:\/\/api.w.org\/{rel}","templated":true}]}}