{"id":1369846,"date":"2026-03-11T15:16:07","date_gmt":"2026-03-11T13:16:07","guid":{"rendered":"https:\/\/games.tactic.net\/tuote\/bex-giant-yatzy-family-fsc-certified\/"},"modified":"2026-03-11T15:16:07","modified_gmt":"2026-03-11T13:16:07","slug":"bex-giant-yatzy-family-fsc-certified","status":"publish","type":"product","link":"https:\/\/games.tactic.net\/pl\/tuote\/bex-giant-yatzy-family-fsc-certified\/","title":{"rendered":"Bex Giant Yatzy Family (FSC Certified)"},"content":{"rendered":"<p>Klasyczna gra w ko\u015bci w du\u017cym formacie, przystosowana do u\u017cytku na zewn\u0105trz! Du\u017ce drewniane ko\u015bci s\u0105 dobrze widoczne, przyjemne w rzucaniu i sprawiaj\u0105, \u017ce gra jest jeszcze bardziej emocjonuj\u0105ca. Zawiera: 5 ko\u015bci, 5,5 cm \u2014 1 bloczek do zapisu punkt\u00f3w \u2014 zasady.<\/p>\n","protected":false},"excerpt":{"rendered":"<p>Klasyczna gra w ko\u015bci w du\u017cym formacie, przystosowana do u\u017cytku na zewn\u0105trz! Du\u017ce drewniane ko\u015bci s\u0105 dobrze widoczne, przyjemne w rzucaniu i sprawiaj\u0105, \u017ce gra jest jeszcze bardziej emocjonuj\u0105ca. Zawiera: 5 ko\u015bci, 5,5 cm \u2014 1 bloczek do zapisu punkt\u00f3w \u2014 zasady.<\/p>\n","protected":false},"featured_media":0,"template":"","meta":{"content-type":"","_monsterinsights_skip_tracking":false,"_monsterinsights_sitenote_active":false,"_monsterinsights_sitenote_note":"","_monsterinsights_sitenote_category":0},"product_brand":[],"product_cat":[2330],"product_tag":[],"brand":[],"target-group":[],"discontinued":[],"class_list":{"0":"post-1369846","1":"product","2":"type-product","3":"status-publish","5":"product_cat-bex-sport-gry-plenerowe","7":"first","8":"outofstock","9":"taxable","10":"shipping-taxable","11":"product-type-simple"},"aioseo_notices":[],"_links":{"self":[{"href":"https:\/\/games.tactic.net\/pl\/wp-json\/wp\/v2\/product\/1369846","targetHints":{"allow":["GET"]}}],"collection":[{"href":"https:\/\/games.tactic.net\/pl\/wp-json\/wp\/v2\/product"}],"about":[{"href":"https:\/\/games.tactic.net\/pl\/wp-json\/wp\/v2\/types\/product"}],"wp:attachment":[{"href":"https:\/\/games.tactic.net\/pl\/wp-json\/wp\/v2\/media?parent=1369846"}],"wp:term":[{"taxonomy":"product_brand","embeddable":true,"href":"https:\/\/games.tactic.net\/pl\/wp-json\/wp\/v2\/product_brand?post=1369846"},{"taxonomy":"product_cat","embeddable":true,"href":"https:\/\/games.tactic.net\/pl\/wp-json\/wp\/v2\/product_cat?post=1369846"},{"taxonomy":"product_tag","embeddable":true,"href":"https:\/\/games.tactic.net\/pl\/wp-json\/wp\/v2\/product_tag?post=1369846"},{"taxonomy":"brand","embeddable":true,"href":"https:\/\/games.tactic.net\/pl\/wp-json\/wp\/v2\/brand?post=1369846"},{"taxonomy":"target-group","embeddable":true,"href":"https:\/\/games.tactic.net\/pl\/wp-json\/wp\/v2\/target-group?post=1369846"},{"taxonomy":"discontinued","embeddable":true,"href":"https:\/\/games.tactic.net\/pl\/wp-json\/wp\/v2\/discontinued?post=1369846"}],"curies":[{"name":"wp","href":"https:\/\/api.w.org\/{rel}","templated":true}]}}