{"id":1369837,"date":"2026-03-11T15:15:12","date_gmt":"2026-03-11T13:15:12","guid":{"rendered":"https:\/\/games.tactic.net\/tuote\/bex-mini-kubb-original-red-king\/"},"modified":"2026-03-11T15:15:12","modified_gmt":"2026-03-11T13:15:12","slug":"bex-mini-kubb-original-red-king","status":"publish","type":"product","link":"https:\/\/games.tactic.net\/pl\/tuote\/bex-mini-kubb-original-red-king\/","title":{"rendered":"Bex Mini Kubb Original, red king"},"content":{"rendered":"<p>Mini Kubb. Zabawna mini gra do wsp\u00f3lnej zabawy. Tradycyjna nordycka gra w rzucanie. Jako\u015b\u0107: drewno kauczukowe. Wymiary: Kr\u00f3l 7,5 x 2 cm, kij do rzucania 7,5 x 1 cm, rycerz 3,8 x 1,5 cm. Zawiera 1 kr\u00f3la, 6 kij\u00f3w do rzucania, 10 rycerzy.<\/p>\n","protected":false},"excerpt":{"rendered":"<p>Mini Kubb. Zabawna mini gra do wsp\u00f3lnej zabawy. Tradycyjna nordycka gra w rzucanie. Jako\u015b\u0107: drewno kauczukowe. Wymiary: Kr\u00f3l 7,5 x 2 cm, kij do rzucania 7,5 x 1 cm, rycerz 3,8 x 1,5 cm. Zawiera 1 kr\u00f3la, 6 kij\u00f3w do rzucania, 10 rycerzy.<\/p>\n","protected":false},"featured_media":0,"template":"","meta":{"content-type":"","_monsterinsights_skip_tracking":false,"_monsterinsights_sitenote_active":false,"_monsterinsights_sitenote_note":"","_monsterinsights_sitenote_category":0},"product_brand":[],"product_cat":[2330],"product_tag":[],"brand":[],"target-group":[],"discontinued":[],"class_list":{"0":"post-1369837","1":"product","2":"type-product","3":"status-publish","5":"product_cat-bex-sport-gry-plenerowe","7":"first","8":"outofstock","9":"taxable","10":"shipping-taxable","11":"product-type-simple"},"aioseo_notices":[],"_links":{"self":[{"href":"https:\/\/games.tactic.net\/pl\/wp-json\/wp\/v2\/product\/1369837","targetHints":{"allow":["GET"]}}],"collection":[{"href":"https:\/\/games.tactic.net\/pl\/wp-json\/wp\/v2\/product"}],"about":[{"href":"https:\/\/games.tactic.net\/pl\/wp-json\/wp\/v2\/types\/product"}],"wp:attachment":[{"href":"https:\/\/games.tactic.net\/pl\/wp-json\/wp\/v2\/media?parent=1369837"}],"wp:term":[{"taxonomy":"product_brand","embeddable":true,"href":"https:\/\/games.tactic.net\/pl\/wp-json\/wp\/v2\/product_brand?post=1369837"},{"taxonomy":"product_cat","embeddable":true,"href":"https:\/\/games.tactic.net\/pl\/wp-json\/wp\/v2\/product_cat?post=1369837"},{"taxonomy":"product_tag","embeddable":true,"href":"https:\/\/games.tactic.net\/pl\/wp-json\/wp\/v2\/product_tag?post=1369837"},{"taxonomy":"brand","embeddable":true,"href":"https:\/\/games.tactic.net\/pl\/wp-json\/wp\/v2\/brand?post=1369837"},{"taxonomy":"target-group","embeddable":true,"href":"https:\/\/games.tactic.net\/pl\/wp-json\/wp\/v2\/target-group?post=1369837"},{"taxonomy":"discontinued","embeddable":true,"href":"https:\/\/games.tactic.net\/pl\/wp-json\/wp\/v2\/discontinued?post=1369837"}],"curies":[{"name":"wp","href":"https:\/\/api.w.org\/{rel}","templated":true}]}}